{"id":39542,"date":"2023-10-12T09:31:59","date_gmt":"2023-10-12T07:31:59","guid":{"rendered":"https:\/\/antersystem.com\/novinky\/polymer-safety-barriers\/"},"modified":"2026-02-04T14:04:20","modified_gmt":"2026-02-04T13:04:20","slug":"polymer-safety-barriers","status":"publish","type":"page","link":"https:\/\/antersystem.com\/sk\/novinky\/polymer-safety-barriers\/","title":{"rendered":"Polym\u00e9rov\u00e9 bezpe\u010dnostn\u00e9 bari\u00e9ry"},"content":{"rendered":"\n<div class=\"wp-block-columns is-layout-flex wp-container-core-columns-is-layout-9d6595d7 wp-block-columns-is-layout-flex\">\n<div class=\"wp-block-column is-layout-flow wp-block-column-is-layout-flow\" style=\"flex-basis:10%\"><\/div>\n\n<div class=\"wp-block-columns is-layout-flex wp-container-core-columns-is-layout-9d6595d7 wp-block-columns-is-layout-flex\">\n<div class=\"wp-block-column is-layout-flow wp-block-column-is-layout-flow\" style=\"flex-basis:10%\"><\/div>\n\n\n\n<div class=\"wp-block-column is-layout-flow wp-block-column-is-layout-flow\">\n<h2 class=\"wp-block-heading\">Polym\u00e9rov\u00e9 alebo oce\u013eov\u00e9 bezpe\u010dnostn\u00e9 z\u00e1brany &#8211; \u010do si vybra\u0165?<\/h2>\n\n\n\n<p>Zaistenie bezpe\u010dnosti zamestnancov a ochrana zariaden\u00ed a strojov s\u00fa najvy\u0161\u0161\u00edmi prioritami pre t\u00fdch, ktor\u00ed riadia <a href=\"https:\/\/antersystem.com\/co-zabezpieczamy\/hale-magazynowe\/\">sklady alebo<\/a> <a href=\"https:\/\/antersystem.com\/co-zabezpieczamy\/hale-produkcyjne\/\">v\u00fdrobn\u00e9 zariadenia.<\/a> \u013dudsk\u00e9 zdravie a \u017eivot s\u00fa neocenite\u013en\u00e9, preto pri v\u00fdbere bezpe\u010dnostn\u00fdch rie\u0161en\u00ed nie je priestor na polovi\u010dat\u00e9 opatrenia alebo kompromisy. Jedn\u00fdm z naj\u010dastej\u0161ie pou\u017e\u00edvan\u00fdch a univerz\u00e1lnych ochrann\u00fdch prvkov pre vn\u00fatorn\u00e9 aj vonkaj\u0161ie aplik\u00e1cie s\u00fa bezpe\u010dnostn\u00e9 z\u00e1brany. Tu sa dozviete, ako vybra\u0165 tie spr\u00e1vne pre v\u00e1\u0161 objekt.   <\/p>\n\n\n\n<h3 class=\"wp-block-heading\">\u010co s\u00fa priemyseln\u00e9 bezpe\u010dnostn\u00e9 z\u00e1brany (zn\u00e1me aj ako ochrann\u00e9 kryty alebo n\u00e1razn\u00edky)?<\/h3>\n\n\n\n<p>Bezpe\u010dnostn\u00e9 bari\u00e9ry, be\u017ene ozna\u010dovan\u00e9 ako n\u00e1razn\u00edky alebo ochrann\u00e9 kryty, s\u00fa ur\u010den\u00e9 na ochranu pe\u0161\u00edch tr\u00e1s, skladovac\u00edch reg\u00e1lov, robotov, pracovn\u00fdch miest a in\u00fdch kritick\u00fdch oblast\u00ed. Pou\u017e\u00edvaj\u00fa sa v\u0161ade tam, kde sa stroje, \u013eudia a vozidl\u00e1 pohybuj\u00fa v tesnej bl\u00edzkosti. Na trhu s\u00fa dostupn\u00e9 oce\u013eov\u00e9, plastov\u00e9, gumov\u00e9 a dreven\u00e9 varianty &#8211; ka\u017ed\u00fd m\u00e1 svoje vlastn\u00e9 v\u00fdhody. V\u010faka svojej odolnosti a \u0161irok\u00e9mu spektru pou\u017eitia s\u00fa v\u0161ak najob\u013e\u00fabenej\u0161\u00edmi mo\u017enos\u0165ami oce\u013eov\u00e9 a polym\u00e9rov\u00e9 z\u00e1brany.   <\/p>\n\n\n\n<h3 class=\"wp-block-heading\">V\u00fdhody a pou\u017eitie polym\u00e9rnych bezpe\u010dnostn\u00fdch bari\u00e9r<\/h3>\n\n\n\n<p>Pri v\u00fdrobe <a href=\"https:\/\/antersystem.pl\/pl\/bariery\/178-bariera-podlogowa-de.html\">polym\u00e9rnych bezpe\u010dnostn\u00fdch bari\u00e9r sa pou\u017e\u00edvaj\u00fa najodolnej\u0161ie vysoko\u00fa\u010dinn\u00e9 polym\u00e9ry ,<\/a> aby sa zabezpe\u010dila \u00fa\u010dinn\u00e1 absorpcia n\u00e1razu. Tieto z\u00e1brany s\u00fa z\u00e1rove\u0148 ove\u013ea \u013eah\u0161ie ako tradi\u010dn\u00e9 oce\u013eov\u00e9 z\u00e1brany. V\u010faka svojej pru\u017enosti dok\u00e1\u017eu odola\u0165 viacer\u00fdm siln\u00fdm n\u00e1razom bez toho, aby sa deformovali. Na rozdiel od ocele si zachov\u00e1vaj\u00fa svoju farbu a nevy\u017eaduj\u00fa si prelakovanie ani \u00fadr\u017ebu. S\u00fa tie\u017e odoln\u00e9 vo\u010di kor\u00f3zii a zni\u017euj\u00fa riziko po\u0161kodenia podlahy v miestach mont\u00e1\u017ee.    <\/p>\n\n\n\n<p>Polym\u00e9rov\u00e9 bari\u00e9ry s\u00fa odoln\u00e9 vo\u010di poveternostn\u00fdm podmienkam vr\u00e1tane UV \u017eiarenia a mrazu, tak\u017ee s\u00fa vhodn\u00e9 na in\u0161tal\u00e1ciu v interi\u00e9ri aj exteri\u00e9ri. V\u00fdborne funguj\u00fa v oblastiach, ako s\u00fa parkovisk\u00e1, dvory, nakladacie rampy a ak\u00e9ko\u013evek in\u00e9 z\u00f3ny vy\u017eaduj\u00face ochranu dopravy alebo zariaden\u00ed. S\u00fa ide\u00e1lne aj pre sklady &#8211; napr\u00edklad na ochranu skladovac\u00edch reg\u00e1lov alebo vysoko polo\u017een\u00fdch priestorov -, ako aj vo v\u00fdrobn\u00fdch prev\u00e1dzkach na zabezpe\u010denie strojov a pracovn\u00fdch miest.  <\/p>\n\n\n\n<p>V\u010faka modul\u00e1rnej kon\u0161trukcii sa daj\u00fa polym\u00e9rov\u00e9 bari\u00e9ry \u013eahko roz\u0161irova\u0165, premiest\u0148ova\u0165 alebo pres\u00fava\u0165 pod\u013ea toho, ako sa menia prev\u00e1dzkov\u00e9 potreby.<\/p>\n\n\n\n<h3 class=\"wp-block-heading\">Po\u013esk\u00fd v\u00fdrobca priemyseln\u00fdch ochrann\u00fdch syst\u00e9mov<\/h3>\n\n\n\n<p>Bez oh\u013eadu na zvolen\u00e9 rie\u0161enie sa oplat\u00ed spo\u013eahn\u00fa\u0165 na osved\u010den\u00fdch a renomovan\u00fdch v\u00fdrobcov. Spolo\u010dnos\u0165 Anter System pon\u00faka jeden z naj\u0161ir\u0161\u00edch v\u00fdberov certifikovan\u00fdch, kvalitn\u00fdch a modern\u00fdch bezpe\u010dnostn\u00fdch z\u00e1bran. Do sortimentu spolo\u010dnosti patria aj podpern\u00e9 stojany pre pr\u00edvesy &#8211; uzn\u00e1van\u00e9 v s\u00fa\u0165a\u017eiach pre inov\u00e1cie, ekonomick\u00e9 a ekologick\u00e9 v\u00fdhody. Rozsiahly katal\u00f3g umo\u017e\u0148uje presn\u00e9 prisp\u00f4sobenie ochrann\u00fdch syst\u00e9mov \u0161pecifick\u00fdm potreb\u00e1m ka\u017ed\u00e9ho skladu, v\u00fdrobnej haly alebo parkoviska.   <\/p>\n\n\n\n<p>Spolo\u010dnos\u0165 Anter System ako v\u00fdrobca s dlhoro\u010dn\u00fdmi sk\u00fasenos\u0165ami a hlbok\u00fdm pochopen\u00edm probl\u00e9mov bezpe\u010dnosti pr\u00e1ce poskytuje odborn\u00e9 poradenstvo pri v\u00fdbere rie\u0161en\u00ed, ktor\u00e9 dokonale zodpovedaj\u00fa va\u0161im individu\u00e1lnym po\u017eiadavk\u00e1m.<\/p>\n\n\n\n<p>&nbsp;<\/p>\n<p>&nbsp;<\/p>\n<\/div>\n\n\n\n<div class=\"wp-block-column is-layout-flow wp-block-column-is-layout-flow\" style=\"flex-basis:10%\"><\/div>\n<\/div>\n","protected":false},"excerpt":{"rendered":"<p>Polym\u00e9rov\u00e9 alebo oce\u013eov\u00e9 bezpe\u010dnostn\u00e9 z\u00e1brany &#8211; \u010do si vybra\u0165? Zaistenie bezpe\u010dnosti zamestnancov a ochrana zariaden\u00ed a strojov s\u00fa najvy\u0161\u0161\u00edmi prioritami pre t\u00fdch, ktor\u00ed riadia sklady alebo v\u00fdrobn\u00e9 zariadenia. \u013dudsk\u00e9 zdravie a \u017eivot s\u00fa neocenite\u013en\u00e9, preto pri v\u00fdbere bezpe\u010dnostn\u00fdch rie\u0161en\u00ed nie je priestor na polovi\u010dat\u00e9 opatrenia alebo kompromisy. Jedn\u00fdm z naj\u010dastej\u0161ie pou\u017e\u00edvan\u00fdch a univerz\u00e1lnych ochrann\u00fdch prvkov [&hellip;]<\/p>\n","protected":false},"author":1,"featured_media":0,"parent":30350,"menu_order":0,"comment_status":"closed","ping_status":"closed","template":"","meta":{"inline_featured_image":false,"ngg_post_thumbnail":0,"footnotes":""},"class_list":["post-39542","page","type-page","status-publish","hentry"],"acf":[],"yoast_head":"<!-- This site is optimized with the Yoast SEO plugin v27.0 - https:\/\/yoast.com\/product\/yoast-seo-wordpress\/ -->\n<title>Polym\u00e9rov\u00e9 bezpe\u010dnostn\u00e9 bari\u00e9ry - Anter System<\/title>\n<meta name=\"description\" content=\"Bez oh\u013eadu na typ vybran\u00e9ho zabezpe\u010denia, warto polega\u0107 na asortymencie czo\u0142owych producent\u00f3w. Anter System pon\u00faka najwi\u0119ks\u00fd v\u00fdber certifikovan\u00fdch, solidne vykonan\u00fdch, modern\u00fdch bari\u00e9r ochranej.\" \/>\n<meta name=\"robots\" content=\"index, follow, max-snippet:-1, max-image-preview:large, max-video-preview:-1\" \/>\n<link rel=\"canonical\" href=\"https:\/\/antersystem.com\/sk\/novinky\/polymer-safety-barriers\/\" \/>\n<meta property=\"og:locale\" content=\"sk_SK\" \/>\n<meta property=\"og:type\" content=\"article\" \/>\n<meta property=\"og:title\" content=\"Polym\u00e9rov\u00e9 bezpe\u010dnostn\u00e9 bari\u00e9ry - Anter System\" \/>\n<meta property=\"og:description\" content=\"Bez oh\u013eadu na typ vybran\u00e9ho zabezpe\u010denia, warto polega\u0107 na asortymencie czo\u0142owych producent\u00f3w. Anter System pon\u00faka najwi\u0119ks\u00fd v\u00fdber certifikovan\u00fdch, solidne vykonan\u00fdch, modern\u00fdch bari\u00e9r ochranej.\" \/>\n<meta property=\"og:url\" content=\"https:\/\/antersystem.com\/sk\/novinky\/polymer-safety-barriers\/\" \/>\n<meta property=\"og:site_name\" content=\"Anter System\" \/>\n<meta property=\"article:modified_time\" content=\"2026-02-04T13:04:20+00:00\" \/>\n<meta name=\"twitter:card\" content=\"summary_large_image\" \/>\n<meta name=\"twitter:label1\" content=\"Predpokladan\u00fd \u010das \u010d\u00edtania\" \/>\n\t<meta name=\"twitter:data1\" content=\"3 min\u00faty\" \/>\n<script type=\"application\/ld+json\" class=\"yoast-schema-graph\">{\"@context\":\"https:\/\/schema.org\",\"@graph\":[{\"@type\":\"WebPage\",\"@id\":\"https:\/\/antersystem.com\/sk\/novinky\/polymer-safety-barriers\/\",\"url\":\"https:\/\/antersystem.com\/sk\/novinky\/polymer-safety-barriers\/\",\"name\":\"Polym\u00e9rov\u00e9 bezpe\u010dnostn\u00e9 bari\u00e9ry - Anter System\",\"isPartOf\":{\"@id\":\"https:\/\/antersystem.com\/sk\/#website\"},\"datePublished\":\"2023-10-12T07:31:59+00:00\",\"dateModified\":\"2026-02-04T13:04:20+00:00\",\"description\":\"Bez oh\u013eadu na typ vybran\u00e9ho zabezpe\u010denia, warto polega\u0107 na asortymencie czo\u0142owych producent\u00f3w. Anter System pon\u00faka najwi\u0119ks\u00fd v\u00fdber certifikovan\u00fdch, solidne vykonan\u00fdch, modern\u00fdch bari\u00e9r ochranej.\",\"breadcrumb\":{\"@id\":\"https:\/\/antersystem.com\/sk\/novinky\/polymer-safety-barriers\/#breadcrumb\"},\"inLanguage\":\"sk-SK\",\"potentialAction\":[{\"@type\":\"ReadAction\",\"target\":[\"https:\/\/antersystem.com\/sk\/novinky\/polymer-safety-barriers\/\"]}]},{\"@type\":\"BreadcrumbList\",\"@id\":\"https:\/\/antersystem.com\/sk\/novinky\/polymer-safety-barriers\/#breadcrumb\",\"itemListElement\":[{\"@type\":\"ListItem\",\"position\":1,\"name\":\"AnterSystem\",\"item\":\"https:\/\/antersystem.com\/sk\/\"},{\"@type\":\"ListItem\",\"position\":2,\"name\":\"Novinky\",\"item\":\"https:\/\/antersystem.com\/sk\/novinky\/\"},{\"@type\":\"ListItem\",\"position\":3,\"name\":\"Polym\u00e9rov\u00e9 bezpe\u010dnostn\u00e9 bari\u00e9ry\"}]},{\"@type\":\"WebSite\",\"@id\":\"https:\/\/antersystem.com\/sk\/#website\",\"url\":\"https:\/\/antersystem.com\/sk\/\",\"name\":\"Anter System\",\"description\":\"Jeste\u015bmy polskim producentem elastycznych barier ochronnych wykonywanych z polimerowych tworzyw sztucznych. Na rynku krajowym i zagranicznym dzia\u0142amy od ponad 15 lat dbaj\u0105c o zapewnienie bezpiecze\u0144stwa w zak\u0142adach produkcyjnych, magazynach oraz centrach logistycznych.\",\"potentialAction\":[{\"@type\":\"SearchAction\",\"target\":{\"@type\":\"EntryPoint\",\"urlTemplate\":\"https:\/\/antersystem.com\/sk\/?s={search_term_string}\"},\"query-input\":{\"@type\":\"PropertyValueSpecification\",\"valueRequired\":true,\"valueName\":\"search_term_string\"}}],\"inLanguage\":\"sk-SK\"}]}<\/script>\n<!-- \/ Yoast SEO plugin. -->","yoast_head_json":{"title":"Polym\u00e9rov\u00e9 bezpe\u010dnostn\u00e9 bari\u00e9ry - Anter System","description":"Bez oh\u013eadu na typ vybran\u00e9ho zabezpe\u010denia, warto polega\u0107 na asortymencie czo\u0142owych producent\u00f3w. Anter System pon\u00faka najwi\u0119ks\u00fd v\u00fdber certifikovan\u00fdch, solidne vykonan\u00fdch, modern\u00fdch bari\u00e9r ochranej.","robots":{"index":"index","follow":"follow","max-snippet":"max-snippet:-1","max-image-preview":"max-image-preview:large","max-video-preview":"max-video-preview:-1"},"canonical":"https:\/\/antersystem.com\/sk\/novinky\/polymer-safety-barriers\/","og_locale":"sk_SK","og_type":"article","og_title":"Polym\u00e9rov\u00e9 bezpe\u010dnostn\u00e9 bari\u00e9ry - Anter System","og_description":"Bez oh\u013eadu na typ vybran\u00e9ho zabezpe\u010denia, warto polega\u0107 na asortymencie czo\u0142owych producent\u00f3w. Anter System pon\u00faka najwi\u0119ks\u00fd v\u00fdber certifikovan\u00fdch, solidne vykonan\u00fdch, modern\u00fdch bari\u00e9r ochranej.","og_url":"https:\/\/antersystem.com\/sk\/novinky\/polymer-safety-barriers\/","og_site_name":"Anter System","article_modified_time":"2026-02-04T13:04:20+00:00","twitter_card":"summary_large_image","twitter_misc":{"Predpokladan\u00fd \u010das \u010d\u00edtania":"3 min\u00faty"},"schema":{"@context":"https:\/\/schema.org","@graph":[{"@type":"WebPage","@id":"https:\/\/antersystem.com\/sk\/novinky\/polymer-safety-barriers\/","url":"https:\/\/antersystem.com\/sk\/novinky\/polymer-safety-barriers\/","name":"Polym\u00e9rov\u00e9 bezpe\u010dnostn\u00e9 bari\u00e9ry - Anter System","isPartOf":{"@id":"https:\/\/antersystem.com\/sk\/#website"},"datePublished":"2023-10-12T07:31:59+00:00","dateModified":"2026-02-04T13:04:20+00:00","description":"Bez oh\u013eadu na typ vybran\u00e9ho zabezpe\u010denia, warto polega\u0107 na asortymencie czo\u0142owych producent\u00f3w. Anter System pon\u00faka najwi\u0119ks\u00fd v\u00fdber certifikovan\u00fdch, solidne vykonan\u00fdch, modern\u00fdch bari\u00e9r ochranej.","breadcrumb":{"@id":"https:\/\/antersystem.com\/sk\/novinky\/polymer-safety-barriers\/#breadcrumb"},"inLanguage":"sk-SK","potentialAction":[{"@type":"ReadAction","target":["https:\/\/antersystem.com\/sk\/novinky\/polymer-safety-barriers\/"]}]},{"@type":"BreadcrumbList","@id":"https:\/\/antersystem.com\/sk\/novinky\/polymer-safety-barriers\/#breadcrumb","itemListElement":[{"@type":"ListItem","position":1,"name":"AnterSystem","item":"https:\/\/antersystem.com\/sk\/"},{"@type":"ListItem","position":2,"name":"Novinky","item":"https:\/\/antersystem.com\/sk\/novinky\/"},{"@type":"ListItem","position":3,"name":"Polym\u00e9rov\u00e9 bezpe\u010dnostn\u00e9 bari\u00e9ry"}]},{"@type":"WebSite","@id":"https:\/\/antersystem.com\/sk\/#website","url":"https:\/\/antersystem.com\/sk\/","name":"Anter System","description":"Jeste\u015bmy polskim producentem elastycznych barier ochronnych wykonywanych z polimerowych tworzyw sztucznych. Na rynku krajowym i zagranicznym dzia\u0142amy od ponad 15 lat dbaj\u0105c o zapewnienie bezpiecze\u0144stwa w zak\u0142adach produkcyjnych, magazynach oraz centrach logistycznych.","potentialAction":[{"@type":"SearchAction","target":{"@type":"EntryPoint","urlTemplate":"https:\/\/antersystem.com\/sk\/?s={search_term_string}"},"query-input":{"@type":"PropertyValueSpecification","valueRequired":true,"valueName":"search_term_string"}}],"inLanguage":"sk-SK"}]}},"_links":{"self":[{"href":"https:\/\/antersystem.com\/sk\/wp-json\/wp\/v2\/pages\/39542","targetHints":{"allow":["GET"]}}],"collection":[{"href":"https:\/\/antersystem.com\/sk\/wp-json\/wp\/v2\/pages"}],"about":[{"href":"https:\/\/antersystem.com\/sk\/wp-json\/wp\/v2\/types\/page"}],"author":[{"embeddable":true,"href":"https:\/\/antersystem.com\/sk\/wp-json\/wp\/v2\/users\/1"}],"replies":[{"embeddable":true,"href":"https:\/\/antersystem.com\/sk\/wp-json\/wp\/v2\/comments?post=39542"}],"version-history":[{"count":1,"href":"https:\/\/antersystem.com\/sk\/wp-json\/wp\/v2\/pages\/39542\/revisions"}],"predecessor-version":[{"id":39544,"href":"https:\/\/antersystem.com\/sk\/wp-json\/wp\/v2\/pages\/39542\/revisions\/39544"}],"up":[{"embeddable":true,"href":"https:\/\/antersystem.com\/sk\/wp-json\/wp\/v2\/pages\/30350"}],"wp:attachment":[{"href":"https:\/\/antersystem.com\/sk\/wp-json\/wp\/v2\/media?parent=39542"}],"curies":[{"name":"wp","href":"https:\/\/api.w.org\/{rel}","templated":true}]}}