{"id":39589,"date":"2023-10-10T12:12:18","date_gmt":"2023-10-10T10:12:18","guid":{"rendered":"https:\/\/antersystem.com\/novinky\/mid-magazine-logistics-4-0-see-and-try\/"},"modified":"2026-02-04T14:04:38","modified_gmt":"2026-02-04T13:04:38","slug":"mid-magazine-logistics-4-0-see-and-try","status":"publish","type":"page","link":"https:\/\/antersystem.com\/sk\/novinky\/mid-magazine-logistics-4-0-see-and-try\/","title":{"rendered":"\u010casopis MID: &#8222;Logistika 4.0 &#8211; vidie\u0165 a vysk\u00fa\u0161a\u0165&#8220; &#8211; &#8222;Logistyka 4.0 &#8211; zobaczy\u0107 i spr\u00f3bowa\u0107&#8220;"},"content":{"rendered":"\n<div class=\"wp-block-columns is-layout-flex wp-container-core-columns-is-layout-9d6595d7 wp-block-columns-is-layout-flex\">\n<div class=\"wp-block-column is-layout-flow wp-block-column-is-layout-flow\" style=\"flex-basis:10%\"><\/div>\n\n\n\n<div class=\"wp-block-column is-layout-flow wp-block-column-is-layout-flow\">\n<h3 class=\"wp-block-heading\">MID Magazine 3\/2023 &#8211; report\u00e1\u017e z 11. ro\u010dn\u00edka projektu In4Log na ve\u013etrhu Modernlog v Poznani<\/h3>\n\n\n\n<p style=\"text-align: left;\">Nov\u00e9 produkty, star\u00e9 v\u00fdzvy. Pod t\u00fdmto sloganom sa skr\u00fdva pr\u00edbeh projektu In4Log prezentovan\u00fd na Modernlog&#8217;23. V tre\u0165om tohtoro\u010dnom vydan\u00ed \u010dasopisu MID sa spolo\u010dnos\u0165 Anter System objavila ako technologick\u00fd partner 11. ro\u010dn\u00edka projektu In4Log. Mali sme \u010destn\u00fa \u00falohu predstavi\u0165 trendy na trhu v kateg\u00f3rii najnov\u0161\u00edch hardv\u00e9rov\u00fdch rie\u0161en\u00ed zvy\u0161uj\u00facich kvalitu a efektivitu pr\u00e1ce.   <\/p>\n<p>S meniacou sa dynamikou trhu a n\u00e1sledne aj s vyv\u00edjaj\u00facimi sa potrebami podnikov sa men\u00ed aj samotn\u00e1 skladov\u00e1 infra\u0161trukt\u00fara. Skladov\u00e9 priestory maj\u00fa \u010dasto podobu do\u010dasn\u00fdch stanov\u00fdch h\u00e1l (niekedy s rozp\u00e4t\u00edm a\u017e 60 m a v\u00fd\u0161kou stien 8 m), ktor\u00e9 z h\u013eadiska za\u0165a\u017eenia vetrom a snehom nezaost\u00e1vaj\u00fa za tradi\u010dn\u00fdmi budovami (vydr\u017eia za\u0165a\u017eenie a\u017e 300 kg\/m\u00b2). V tak\u00fdchto podmienkach sa pou\u017e\u00edvaj\u00fa n\u00e1razn\u00edky a pru\u017en\u00e9 bezpe\u010dnostn\u00e9 z\u00e1brany, ktor\u00e9 sa daj\u00fa prisp\u00f4sobi\u0165 meniacim sa po\u017eiadavk\u00e1m.  <\/p>\n<p>Viac inform\u00e1ci\u00ed n\u00e1jdete ni\u017e\u0161ie.<\/p>\n<p>&nbsp;<\/p>\n<p>&nbsp;<\/p>\n<\/div>\n\n\n\n<div class=\"wp-block-column is-layout-flow wp-block-column-is-layout-flow\" style=\"flex-basis:10%\"><\/div>\n<\/div>\n\n<div data-wp-interactive=\"core\/file\" class=\"wp-block-file\"><object data-wp-bind--hidden=\"!state.hasPdfPreview\" hidden class=\"wp-block-file__embed\" data=\"https:\/\/antersystem.com\/wp-content\/uploads\/MID_93_3_2023.pdf\" type=\"application\/pdf\" style=\"width:100%;height:600px\" aria-label=\"Vlo\u017ei\u0165 MID_93_3_2023.\"><\/object><a id=\"wp-block-file--media-c4a79965-4313-4b68-8827-3aa81c41db0a\" href=\"https:\/\/antersystem.com\/wp-content\/uploads\/MID_93_3_2023.pdf\">MID_93_3_2023<\/a><a href=\"https:\/\/antersystem.com\/wp-content\/uploads\/MID_93_3_2023.pdf\" class=\"wp-block-file__button wp-element-button\" download=\"\" aria-describedby=\"wp-block-file--media-c4a79965-4313-4b68-8827-3aa81c41db0a\">Stiahnite si<\/a><\/div>\n","protected":false},"excerpt":{"rendered":"<p>MID Magazine 3\/2023 &#8211; report\u00e1\u017e z 11. ro\u010dn\u00edka projektu In4Log na ve\u013etrhu Modernlog v Poznani Nov\u00e9 produkty, star\u00e9 v\u00fdzvy. Pod t\u00fdmto sloganom sa skr\u00fdva pr\u00edbeh projektu In4Log prezentovan\u00fd na Modernlog&#8217;23. V tre\u0165om tohtoro\u010dnom vydan\u00ed \u010dasopisu MID sa spolo\u010dnos\u0165 Anter System objavila ako technologick\u00fd partner 11. ro\u010dn\u00edka projektu In4Log. Mali sme \u010destn\u00fa \u00falohu predstavi\u0165 trendy na [&hellip;]<\/p>\n","protected":false},"author":1,"featured_media":0,"parent":30350,"menu_order":0,"comment_status":"closed","ping_status":"closed","template":"","meta":{"inline_featured_image":false,"ngg_post_thumbnail":0,"footnotes":""},"class_list":["post-39589","page","type-page","status-publish","hentry"],"acf":[],"yoast_head":"<!-- This site is optimized with the Yoast SEO plugin v27.0 - https:\/\/yoast.com\/product\/yoast-seo-wordpress\/ -->\n<title>\u010casopis MID: &quot;Logistika 4.0 - vidie\u0165 a vysk\u00fa\u0161a\u0165&quot; - &quot;Logistyka 4.0 - zobaczy\u0107 i spr\u00f3bowa\u0107&quot; - Anter System<\/title>\n<meta name=\"description\" content=\"W trzecim numerze magazynu MID na ten rok Anter System pojawi\u0142 si\u0119 jako partner technologiczny XI edycji projektu In4Log. Przypad\u0142a nam zaszczytna rola prezentowania trend\u00f3w na rynku w kategorii: najnowszych rozwi\u0105za\u0144 sprz\u0119towych, poprawiaj\u0105cych jako\u015b\u0107 i wydajno\u015b\u0107 pracy.\" \/>\n<meta name=\"robots\" content=\"index, follow, max-snippet:-1, max-image-preview:large, max-video-preview:-1\" \/>\n<link rel=\"canonical\" href=\"https:\/\/antersystem.com\/sk\/novinky\/mid-magazine-logistics-4-0-see-and-try\/\" \/>\n<meta property=\"og:locale\" content=\"sk_SK\" \/>\n<meta property=\"og:type\" content=\"article\" \/>\n<meta property=\"og:title\" content=\"\u010casopis MID: &quot;Logistika 4.0 - vidie\u0165 a vysk\u00fa\u0161a\u0165&quot; - &quot;Logistyka 4.0 - zobaczy\u0107 i spr\u00f3bowa\u0107&quot; - Anter System\" \/>\n<meta property=\"og:description\" content=\"W trzecim numerze magazynu MID na ten rok Anter System pojawi\u0142 si\u0119 jako partner technologiczny XI edycji projektu In4Log. Przypad\u0142a nam zaszczytna rola prezentowania trend\u00f3w na rynku w kategorii: najnowszych rozwi\u0105za\u0144 sprz\u0119towych, poprawiaj\u0105cych jako\u015b\u0107 i wydajno\u015b\u0107 pracy.\" \/>\n<meta property=\"og:url\" content=\"https:\/\/antersystem.com\/sk\/novinky\/mid-magazine-logistics-4-0-see-and-try\/\" \/>\n<meta property=\"og:site_name\" content=\"Anter System\" \/>\n<meta property=\"article:modified_time\" content=\"2026-02-04T13:04:38+00:00\" \/>\n<meta name=\"twitter:card\" content=\"summary_large_image\" \/>\n<meta name=\"twitter:label1\" content=\"Predpokladan\u00fd \u010das \u010d\u00edtania\" \/>\n\t<meta name=\"twitter:data1\" content=\"1 min\u00fata\" \/>\n<script type=\"application\/ld+json\" class=\"yoast-schema-graph\">{\"@context\":\"https:\/\/schema.org\",\"@graph\":[{\"@type\":\"WebPage\",\"@id\":\"https:\/\/antersystem.com\/sk\/novinky\/mid-magazine-logistics-4-0-see-and-try\/\",\"url\":\"https:\/\/antersystem.com\/sk\/novinky\/mid-magazine-logistics-4-0-see-and-try\/\",\"name\":\"\u010casopis MID: \\\"Logistika 4.0 - vidie\u0165 a vysk\u00fa\u0161a\u0165\\\" - \\\"Logistyka 4.0 - zobaczy\u0107 i spr\u00f3bowa\u0107\\\" - Anter System\",\"isPartOf\":{\"@id\":\"https:\/\/antersystem.com\/sk\/#website\"},\"datePublished\":\"2023-10-10T10:12:18+00:00\",\"dateModified\":\"2026-02-04T13:04:38+00:00\",\"description\":\"W trzecim numerze magazynu MID na ten rok Anter System pojawi\u0142 si\u0119 jako partner technologiczny XI edycji projektu In4Log. Przypad\u0142a nam zaszczytna rola prezentowania trend\u00f3w na rynku w kategorii: najnowszych rozwi\u0105za\u0144 sprz\u0119towych, poprawiaj\u0105cych jako\u015b\u0107 i wydajno\u015b\u0107 pracy.\",\"breadcrumb\":{\"@id\":\"https:\/\/antersystem.com\/sk\/novinky\/mid-magazine-logistics-4-0-see-and-try\/#breadcrumb\"},\"inLanguage\":\"sk-SK\",\"potentialAction\":[{\"@type\":\"ReadAction\",\"target\":[\"https:\/\/antersystem.com\/sk\/novinky\/mid-magazine-logistics-4-0-see-and-try\/\"]}]},{\"@type\":\"BreadcrumbList\",\"@id\":\"https:\/\/antersystem.com\/sk\/novinky\/mid-magazine-logistics-4-0-see-and-try\/#breadcrumb\",\"itemListElement\":[{\"@type\":\"ListItem\",\"position\":1,\"name\":\"AnterSystem\",\"item\":\"https:\/\/antersystem.com\/sk\/\"},{\"@type\":\"ListItem\",\"position\":2,\"name\":\"Novinky\",\"item\":\"https:\/\/antersystem.com\/sk\/novinky\/\"},{\"@type\":\"ListItem\",\"position\":3,\"name\":\"\u010casopis MID: &#8220;Logistika 4.0 &#8211; vidie\u0165 a vysk\u00fa\u0161a\u0165&#8221; &#8211; &#8220;Logistyka 4.0 &#8211; zobaczy\u0107 i spr\u00f3bowa\u0107&#8221;\"}]},{\"@type\":\"WebSite\",\"@id\":\"https:\/\/antersystem.com\/sk\/#website\",\"url\":\"https:\/\/antersystem.com\/sk\/\",\"name\":\"Anter System\",\"description\":\"Jeste\u015bmy polskim producentem elastycznych barier ochronnych wykonywanych z polimerowych tworzyw sztucznych. Na rynku krajowym i zagranicznym dzia\u0142amy od ponad 15 lat dbaj\u0105c o zapewnienie bezpiecze\u0144stwa w zak\u0142adach produkcyjnych, magazynach oraz centrach logistycznych.\",\"potentialAction\":[{\"@type\":\"SearchAction\",\"target\":{\"@type\":\"EntryPoint\",\"urlTemplate\":\"https:\/\/antersystem.com\/sk\/?s={search_term_string}\"},\"query-input\":{\"@type\":\"PropertyValueSpecification\",\"valueRequired\":true,\"valueName\":\"search_term_string\"}}],\"inLanguage\":\"sk-SK\"}]}<\/script>\n<!-- \/ Yoast SEO plugin. -->","yoast_head_json":{"title":"\u010casopis MID: \"Logistika 4.0 - vidie\u0165 a vysk\u00fa\u0161a\u0165\" - \"Logistyka 4.0 - zobaczy\u0107 i spr\u00f3bowa\u0107\" - Anter System","description":"W trzecim numerze magazynu MID na ten rok Anter System pojawi\u0142 si\u0119 jako partner technologiczny XI edycji projektu In4Log. Przypad\u0142a nam zaszczytna rola prezentowania trend\u00f3w na rynku w kategorii: najnowszych rozwi\u0105za\u0144 sprz\u0119towych, poprawiaj\u0105cych jako\u015b\u0107 i wydajno\u015b\u0107 pracy.","robots":{"index":"index","follow":"follow","max-snippet":"max-snippet:-1","max-image-preview":"max-image-preview:large","max-video-preview":"max-video-preview:-1"},"canonical":"https:\/\/antersystem.com\/sk\/novinky\/mid-magazine-logistics-4-0-see-and-try\/","og_locale":"sk_SK","og_type":"article","og_title":"\u010casopis MID: \"Logistika 4.0 - vidie\u0165 a vysk\u00fa\u0161a\u0165\" - \"Logistyka 4.0 - zobaczy\u0107 i spr\u00f3bowa\u0107\" - Anter System","og_description":"W trzecim numerze magazynu MID na ten rok Anter System pojawi\u0142 si\u0119 jako partner technologiczny XI edycji projektu In4Log. Przypad\u0142a nam zaszczytna rola prezentowania trend\u00f3w na rynku w kategorii: najnowszych rozwi\u0105za\u0144 sprz\u0119towych, poprawiaj\u0105cych jako\u015b\u0107 i wydajno\u015b\u0107 pracy.","og_url":"https:\/\/antersystem.com\/sk\/novinky\/mid-magazine-logistics-4-0-see-and-try\/","og_site_name":"Anter System","article_modified_time":"2026-02-04T13:04:38+00:00","twitter_card":"summary_large_image","twitter_misc":{"Predpokladan\u00fd \u010das \u010d\u00edtania":"1 min\u00fata"},"schema":{"@context":"https:\/\/schema.org","@graph":[{"@type":"WebPage","@id":"https:\/\/antersystem.com\/sk\/novinky\/mid-magazine-logistics-4-0-see-and-try\/","url":"https:\/\/antersystem.com\/sk\/novinky\/mid-magazine-logistics-4-0-see-and-try\/","name":"\u010casopis MID: \"Logistika 4.0 - vidie\u0165 a vysk\u00fa\u0161a\u0165\" - \"Logistyka 4.0 - zobaczy\u0107 i spr\u00f3bowa\u0107\" - Anter System","isPartOf":{"@id":"https:\/\/antersystem.com\/sk\/#website"},"datePublished":"2023-10-10T10:12:18+00:00","dateModified":"2026-02-04T13:04:38+00:00","description":"W trzecim numerze magazynu MID na ten rok Anter System pojawi\u0142 si\u0119 jako partner technologiczny XI edycji projektu In4Log. Przypad\u0142a nam zaszczytna rola prezentowania trend\u00f3w na rynku w kategorii: najnowszych rozwi\u0105za\u0144 sprz\u0119towych, poprawiaj\u0105cych jako\u015b\u0107 i wydajno\u015b\u0107 pracy.","breadcrumb":{"@id":"https:\/\/antersystem.com\/sk\/novinky\/mid-magazine-logistics-4-0-see-and-try\/#breadcrumb"},"inLanguage":"sk-SK","potentialAction":[{"@type":"ReadAction","target":["https:\/\/antersystem.com\/sk\/novinky\/mid-magazine-logistics-4-0-see-and-try\/"]}]},{"@type":"BreadcrumbList","@id":"https:\/\/antersystem.com\/sk\/novinky\/mid-magazine-logistics-4-0-see-and-try\/#breadcrumb","itemListElement":[{"@type":"ListItem","position":1,"name":"AnterSystem","item":"https:\/\/antersystem.com\/sk\/"},{"@type":"ListItem","position":2,"name":"Novinky","item":"https:\/\/antersystem.com\/sk\/novinky\/"},{"@type":"ListItem","position":3,"name":"\u010casopis MID: &#8220;Logistika 4.0 &#8211; vidie\u0165 a vysk\u00fa\u0161a\u0165&#8221; &#8211; &#8220;Logistyka 4.0 &#8211; zobaczy\u0107 i spr\u00f3bowa\u0107&#8221;"}]},{"@type":"WebSite","@id":"https:\/\/antersystem.com\/sk\/#website","url":"https:\/\/antersystem.com\/sk\/","name":"Anter System","description":"Jeste\u015bmy polskim producentem elastycznych barier ochronnych wykonywanych z polimerowych tworzyw sztucznych. Na rynku krajowym i zagranicznym dzia\u0142amy od ponad 15 lat dbaj\u0105c o zapewnienie bezpiecze\u0144stwa w zak\u0142adach produkcyjnych, magazynach oraz centrach logistycznych.","potentialAction":[{"@type":"SearchAction","target":{"@type":"EntryPoint","urlTemplate":"https:\/\/antersystem.com\/sk\/?s={search_term_string}"},"query-input":{"@type":"PropertyValueSpecification","valueRequired":true,"valueName":"search_term_string"}}],"inLanguage":"sk-SK"}]}},"_links":{"self":[{"href":"https:\/\/antersystem.com\/sk\/wp-json\/wp\/v2\/pages\/39589","targetHints":{"allow":["GET"]}}],"collection":[{"href":"https:\/\/antersystem.com\/sk\/wp-json\/wp\/v2\/pages"}],"about":[{"href":"https:\/\/antersystem.com\/sk\/wp-json\/wp\/v2\/types\/page"}],"author":[{"embeddable":true,"href":"https:\/\/antersystem.com\/sk\/wp-json\/wp\/v2\/users\/1"}],"replies":[{"embeddable":true,"href":"https:\/\/antersystem.com\/sk\/wp-json\/wp\/v2\/comments?post=39589"}],"version-history":[{"count":1,"href":"https:\/\/antersystem.com\/sk\/wp-json\/wp\/v2\/pages\/39589\/revisions"}],"predecessor-version":[{"id":39591,"href":"https:\/\/antersystem.com\/sk\/wp-json\/wp\/v2\/pages\/39589\/revisions\/39591"}],"up":[{"embeddable":true,"href":"https:\/\/antersystem.com\/sk\/wp-json\/wp\/v2\/pages\/30350"}],"wp:attachment":[{"href":"https:\/\/antersystem.com\/sk\/wp-json\/wp\/v2\/media?parent=39589"}],"curies":[{"name":"wp","href":"https:\/\/api.w.org\/{rel}","templated":true}]}}