{"id":39590,"date":"2023-10-12T12:02:34","date_gmt":"2023-10-12T10:02:34","guid":{"rendered":"https:\/\/antersystem.com\/novinky\/trailer-support-jst\/"},"modified":"2026-02-04T14:04:38","modified_gmt":"2026-02-04T13:04:38","slug":"trailer-support-jst","status":"publish","type":"page","link":"https:\/\/antersystem.com\/sk\/novinky\/trailer-support-jst\/","title":{"rendered":"Podpora pr\u00edvesu JST"},"content":{"rendered":"\n<div class=\"wp-block-columns is-layout-flex wp-container-core-columns-is-layout-9d6595d7 wp-block-columns-is-layout-flex\">\n<div class=\"wp-block-column is-layout-flow wp-block-column-is-layout-flow\" style=\"flex-basis:10%\"><\/div>\n\n\n\n<div class=\"wp-block-column is-layout-flow wp-block-column-is-layout-flow\">\n<h2 class=\"wp-block-heading\">Podpera pr\u00edvesu JST &#8211; bezpe\u010dn\u00e9 a pohodln\u00e9 vykladanie bez \u0165aha\u010da<\/h2>\n\n\n\n<p>Vyu\u017e\u00edvanie modern\u00fdch a osved\u010den\u00fdch rie\u0161en\u00ed, ako s\u00fa napr\u00edklad <a href=\"https:\/\/antersystem.com\/kategorie_produktow\/technika-zaladunkowa\/\">n\u00e1vesov\u00e9 nosi\u010de, pom\u00e1ha<\/a> zefekt\u00edvni\u0165 skladov\u00e9 procesy. V\u010faka nim m\u00f4\u017eu oper\u00e1tori vysokozdvi\u017en\u00fdch voz\u00edkov vo\u013ene vykon\u00e1va\u0165 potrebn\u00e9 oper\u00e1cie a cel\u00fd proces nakladania a vykladania sa m\u00f4\u017ee uskuto\u010dni\u0165 bez \u00fa\u010dasti \u0165aha\u010da. <\/p>\n<h3>Podpery n\u00e1vesov &#8211; v\u00fdhody a aplik\u00e1cie<\/h3>\n<p>Hlavn\u00fdm \u00fa\u010delom pou\u017e\u00edvania profesion\u00e1lnych podpier je spr\u00e1vne zabezpe\u010denie n\u00e1vesov dod\u00e1vkov\u00e9ho vozidla po\u010das pr\u00edjmu tovaru v sklade. Zariadenie dokonale funguje aj po\u010das nakladac\u00edch oper\u00e1ci\u00ed, \u010d\u00edm zabezpe\u010duje bezpe\u010dnos\u0165 v\u0161etk\u00fdch os\u00f4b zapojen\u00fdch do logistick\u00e9ho procesu, obsluhy vysokozdvi\u017en\u00fdch voz\u00edkov a v\u0161etk\u00fdch os\u00f4b pr\u00edtomn\u00fdch v bl\u00edzkosti. Jeho pou\u017eitie zabra\u0148uje nakloneniu alebo prevr\u00e1teniu n\u00e1vesu po\u010das vykl\u00e1dky alebo nakladac\u00edch oper\u00e1ci\u00ed.  <\/p>\n<p>Okrem zabezpe\u010denia bezpe\u010dnej a pohodlnej prev\u00e1dzky skladu pon\u00fakaj\u00fa podpery n\u00e1vesov mnoho \u010fal\u0161\u00edch v\u00fdhod. Jednou z najd\u00f4le\u017eitej\u0161\u00edch je optimaliz\u00e1cia vyu\u017eitia \u0165aha\u010dov, preto\u017ee m\u00f4\u017eu s\u00fa\u010dasne pracova\u0165 s \u010fal\u0161\u00edmi n\u00e1vesmi, \u010d\u00edm sa dokon\u010dia \u010fal\u0161ie prepravn\u00e9 jazdy. Za zmienku stoj\u00ed aj jednoduch\u00e1 obsluha podpier vybaven\u00fdch samonivela\u010dn\u00fdm syst\u00e9mom a \u0161irok\u00fdmi mo\u017enos\u0165ami nastavenia v\u00fd\u0161ky.  <\/p>\n<h3>Podpery n\u00e1vesov &#8211; po\u013esk\u00fd v\u00fdrobca<\/h3>\n<p>Popredn\u00ed v\u00fdrobcovia pon\u00fakaj\u00fa svojim z\u00e1kazn\u00edkom individu\u00e1lny pr\u00edstup a poskytuj\u00fa syst\u00e9my plne prisp\u00f4soben\u00e9 po\u017eiadavk\u00e1m dan\u00e9ho odvetvia a organiz\u00e1cii pr\u00e1ce v sklade. Spomedzi mnoh\u00fdch modelov dostupn\u00fdch na trhu si osobitn\u00fa pozornos\u0165 zasl\u00fa\u017ei <a href=\"https:\/\/antersystem.com\/produkty\/podpora-pod-naczepe-tira-jst1-1\/\">podpera n\u00e1vesu TIR Jack Trailer Stand vyr\u00e1ban\u00e1 spolo\u010dnos\u0165ou Anter System.<\/a> V tomto modeli boli ot\u00e1zky stabiliz\u00e1cie n\u00e1vesu a minimaliz\u00e1cie rizika prevr\u00e1tenia dopracovan\u00e9 na najvy\u0161\u0161iu \u00farove\u0148.  <\/p>\n<p>Zariadenie bez probl\u00e9mov unesie n\u00e1klad a\u017e do 45 ton, zatia\u013e \u010do konkuren\u010dn\u00e9 v\u00fdrobky zvy\u010dajne pon\u00fakaj\u00fa nosnos\u0165 25-40 ton &#8211; v\u010faka tomu je mo\u017en\u00e9 manipulova\u0165 s n\u00e1vesmi s \u0165a\u017e\u0161\u00edm n\u00e1kladom. V\u00fd\u0161ka je nastavite\u013en\u00e1 od 916 mm do 1366 mm, \u010do umo\u017e\u0148uje lep\u0161ie umiestnenie podpery a pohodlnej\u0161ie nakladacie oper\u00e1cie. Okrem toho je zariadenie vybaven\u00e9 ve\u013ekou z\u00e1kladnou plochou, ktor\u00e1 zabezpe\u010duje lep\u0161iu stabilitu na zemi a v\u00e4\u010d\u0161iu kontaktn\u00fa plochu s n\u00e1vesom (lep\u0161ia stabiliz\u00e1cia n\u00e1vesu). Efekt\u00edvne polohovanie podpery umo\u017e\u0148uj\u00fa gumen\u00e9 koles\u00e1 s priemerom 400 mm, ktor\u00e9 s\u00fa v\u00e4\u010d\u0161ie ako koles\u00e1, ktor\u00e9 sa nach\u00e1dzaj\u00fa vo v\u00e4\u010d\u0161ine zariaden\u00ed tohto typu na trhu. Podperu mo\u017eno \u013eahko zdvihn\u00fa\u0165 pomocou intuit\u00edvneho k\u013eukov\u00e9ho mechanizmu &#8211; m\u00f4\u017ee ju obsluhova\u0165 ktoko\u013evek bez potreby pou\u017eitia nadmernej sily a r\u00fdchly blokovac\u00ed mechanizmus zabra\u0148uje pr\u00edstupu neopr\u00e1vnen\u00fdch os\u00f4b.    <\/p>\n<p>\u010coraz viac v\u00fdrobcov n\u00e1vesov odpor\u00fa\u010da pou\u017e\u00edva\u0165 \u0161pecializovan\u00e9 podpery, tak\u017ee mo\u017eno s istotou tvrdi\u0165, \u017ee v priebehu nieko\u013ek\u00fdch nasleduj\u00facich rokov <a href=\"https:\/\/antersystem.com\/sk\/novinky\/product-of-the-year-2019\/produkt-roku-2019-3\/\">sa rie\u0161enia , ak\u00e9 predstavuje spolo\u010dnos\u0165 Anter System, stan\u00fa v logistickom priemysle \u0161tandardom.<\/a><\/p>\n<h3>Invest\u00edcia do bezpe\u010dnosti &#8211; napl\u00e1nujte si ju e\u0161te dnes<\/h3>\n<p>Pri zva\u017eovan\u00ed n\u00e1kupu podpory n\u00e1vesu TIR pre va\u0161u spolo\u010dnos\u0165 sa oplat\u00ed uva\u017eova\u0165 v makrorozsahu a pam\u00e4ta\u0165 na to, \u017ee jednorazov\u00e1 invest\u00edcia do bezpe\u010dnosti sa m\u00f4\u017ee uk\u00e1za\u0165 ako neocenite\u013en\u00e1. N\u00e1klady na n\u00e1kup profesion\u00e1lnych bezpe\u010dnostn\u00fdch syst\u00e9mov sa zvy\u010dajne uk\u00e1\u017eu ako neprimerane n\u00edzke v porovnan\u00ed s n\u00e1sledkami pr\u00edpadnej nehody alebo inej ne\u0161\u0165astnej udalosti. <\/p>\n<p>&nbsp;<\/p>\n<\/div>\n\n\n\n<div class=\"wp-block-column is-layout-flow wp-block-column-is-layout-flow\" style=\"flex-basis:10%\"><\/div>\n<\/div>\n","protected":false},"excerpt":{"rendered":"<p>Podpera pr\u00edvesu JST &#8211; bezpe\u010dn\u00e9 a pohodln\u00e9 vykladanie bez \u0165aha\u010da Vyu\u017e\u00edvanie modern\u00fdch a osved\u010den\u00fdch rie\u0161en\u00ed, ako s\u00fa napr\u00edklad n\u00e1vesov\u00e9 nosi\u010de, pom\u00e1ha zefekt\u00edvni\u0165 skladov\u00e9 procesy. V\u010faka nim m\u00f4\u017eu oper\u00e1tori vysokozdvi\u017en\u00fdch voz\u00edkov vo\u013ene vykon\u00e1va\u0165 potrebn\u00e9 oper\u00e1cie a cel\u00fd proces nakladania a vykladania sa m\u00f4\u017ee uskuto\u010dni\u0165 bez \u00fa\u010dasti \u0165aha\u010da. Podpery n\u00e1vesov &#8211; v\u00fdhody a aplik\u00e1cie Hlavn\u00fdm \u00fa\u010delom pou\u017e\u00edvania [&hellip;]<\/p>\n","protected":false},"author":1,"featured_media":0,"parent":30350,"menu_order":0,"comment_status":"closed","ping_status":"closed","template":"","meta":{"inline_featured_image":false,"ngg_post_thumbnail":0,"footnotes":""},"class_list":["post-39590","page","type-page","status-publish","hentry"],"acf":[],"yoast_head":"<!-- This site is optimized with the Yoast SEO plugin v27.0 - https:\/\/yoast.com\/product\/yoast-seo-wordpress\/ -->\n<title>Podpora pr\u00edvesu JST - Anter System<\/title>\n<meta name=\"description\" content=\"Podpera pr\u00edvesu JST - bezpe\u010dn\u00e9 a pohodln\u00e9 vykladanie bez \u0165aha\u010da Vyu\u017e\u00edvanie modern\u00fdch a osved\u010den\u00fdch rie\u0161en\u00ed, ako s\u00fa napr\u00edklad n\u00e1vesov\u00e9 nosi\u010de, pom\u00e1ha\" \/>\n<meta name=\"robots\" content=\"index, follow, max-snippet:-1, max-image-preview:large, max-video-preview:-1\" \/>\n<link rel=\"canonical\" href=\"https:\/\/antersystem.com\/sk\/novinky\/trailer-support-jst\/\" \/>\n<meta property=\"og:locale\" content=\"sk_SK\" \/>\n<meta property=\"og:type\" content=\"article\" \/>\n<meta property=\"og:title\" content=\"Podpora pr\u00edvesu JST - Anter System\" \/>\n<meta property=\"og:description\" content=\"Podpera pr\u00edvesu JST - bezpe\u010dn\u00e9 a pohodln\u00e9 vykladanie bez \u0165aha\u010da Vyu\u017e\u00edvanie modern\u00fdch a osved\u010den\u00fdch rie\u0161en\u00ed, ako s\u00fa napr\u00edklad n\u00e1vesov\u00e9 nosi\u010de, pom\u00e1ha\" \/>\n<meta property=\"og:url\" content=\"https:\/\/antersystem.com\/sk\/novinky\/trailer-support-jst\/\" \/>\n<meta property=\"og:site_name\" content=\"Anter System\" \/>\n<meta property=\"article:modified_time\" content=\"2026-02-04T13:04:38+00:00\" \/>\n<meta name=\"twitter:card\" content=\"summary_large_image\" \/>\n<meta name=\"twitter:label1\" content=\"Predpokladan\u00fd \u010das \u010d\u00edtania\" \/>\n\t<meta name=\"twitter:data1\" content=\"3 min\u00faty\" \/>\n<script type=\"application\/ld+json\" class=\"yoast-schema-graph\">{\"@context\":\"https:\/\/schema.org\",\"@graph\":[{\"@type\":\"WebPage\",\"@id\":\"https:\/\/antersystem.com\/sk\/novinky\/trailer-support-jst\/\",\"url\":\"https:\/\/antersystem.com\/sk\/novinky\/trailer-support-jst\/\",\"name\":\"Podpora pr\u00edvesu JST - Anter System\",\"isPartOf\":{\"@id\":\"https:\/\/antersystem.com\/sk\/#website\"},\"datePublished\":\"2023-10-12T10:02:34+00:00\",\"dateModified\":\"2026-02-04T13:04:38+00:00\",\"description\":\"Podpera pr\u00edvesu JST - bezpe\u010dn\u00e9 a pohodln\u00e9 vykladanie bez \u0165aha\u010da Vyu\u017e\u00edvanie modern\u00fdch a osved\u010den\u00fdch rie\u0161en\u00ed, ako s\u00fa napr\u00edklad n\u00e1vesov\u00e9 nosi\u010de, pom\u00e1ha\",\"breadcrumb\":{\"@id\":\"https:\/\/antersystem.com\/sk\/novinky\/trailer-support-jst\/#breadcrumb\"},\"inLanguage\":\"sk-SK\",\"potentialAction\":[{\"@type\":\"ReadAction\",\"target\":[\"https:\/\/antersystem.com\/sk\/novinky\/trailer-support-jst\/\"]}]},{\"@type\":\"BreadcrumbList\",\"@id\":\"https:\/\/antersystem.com\/sk\/novinky\/trailer-support-jst\/#breadcrumb\",\"itemListElement\":[{\"@type\":\"ListItem\",\"position\":1,\"name\":\"AnterSystem\",\"item\":\"https:\/\/antersystem.com\/sk\/\"},{\"@type\":\"ListItem\",\"position\":2,\"name\":\"Novinky\",\"item\":\"https:\/\/antersystem.com\/sk\/novinky\/\"},{\"@type\":\"ListItem\",\"position\":3,\"name\":\"Podpora pr\u00edvesu JST\"}]},{\"@type\":\"WebSite\",\"@id\":\"https:\/\/antersystem.com\/sk\/#website\",\"url\":\"https:\/\/antersystem.com\/sk\/\",\"name\":\"Anter System\",\"description\":\"Jeste\u015bmy polskim producentem elastycznych barier ochronnych wykonywanych z polimerowych tworzyw sztucznych. Na rynku krajowym i zagranicznym dzia\u0142amy od ponad 15 lat dbaj\u0105c o zapewnienie bezpiecze\u0144stwa w zak\u0142adach produkcyjnych, magazynach oraz centrach logistycznych.\",\"potentialAction\":[{\"@type\":\"SearchAction\",\"target\":{\"@type\":\"EntryPoint\",\"urlTemplate\":\"https:\/\/antersystem.com\/sk\/?s={search_term_string}\"},\"query-input\":{\"@type\":\"PropertyValueSpecification\",\"valueRequired\":true,\"valueName\":\"search_term_string\"}}],\"inLanguage\":\"sk-SK\"}]}<\/script>\n<!-- \/ Yoast SEO plugin. -->","yoast_head_json":{"title":"Podpora pr\u00edvesu JST - Anter System","description":"Podpera pr\u00edvesu JST - bezpe\u010dn\u00e9 a pohodln\u00e9 vykladanie bez \u0165aha\u010da Vyu\u017e\u00edvanie modern\u00fdch a osved\u010den\u00fdch rie\u0161en\u00ed, ako s\u00fa napr\u00edklad n\u00e1vesov\u00e9 nosi\u010de, pom\u00e1ha","robots":{"index":"index","follow":"follow","max-snippet":"max-snippet:-1","max-image-preview":"max-image-preview:large","max-video-preview":"max-video-preview:-1"},"canonical":"https:\/\/antersystem.com\/sk\/novinky\/trailer-support-jst\/","og_locale":"sk_SK","og_type":"article","og_title":"Podpora pr\u00edvesu JST - Anter System","og_description":"Podpera pr\u00edvesu JST - bezpe\u010dn\u00e9 a pohodln\u00e9 vykladanie bez \u0165aha\u010da Vyu\u017e\u00edvanie modern\u00fdch a osved\u010den\u00fdch rie\u0161en\u00ed, ako s\u00fa napr\u00edklad n\u00e1vesov\u00e9 nosi\u010de, pom\u00e1ha","og_url":"https:\/\/antersystem.com\/sk\/novinky\/trailer-support-jst\/","og_site_name":"Anter System","article_modified_time":"2026-02-04T13:04:38+00:00","twitter_card":"summary_large_image","twitter_misc":{"Predpokladan\u00fd \u010das \u010d\u00edtania":"3 min\u00faty"},"schema":{"@context":"https:\/\/schema.org","@graph":[{"@type":"WebPage","@id":"https:\/\/antersystem.com\/sk\/novinky\/trailer-support-jst\/","url":"https:\/\/antersystem.com\/sk\/novinky\/trailer-support-jst\/","name":"Podpora pr\u00edvesu JST - Anter System","isPartOf":{"@id":"https:\/\/antersystem.com\/sk\/#website"},"datePublished":"2023-10-12T10:02:34+00:00","dateModified":"2026-02-04T13:04:38+00:00","description":"Podpera pr\u00edvesu JST - bezpe\u010dn\u00e9 a pohodln\u00e9 vykladanie bez \u0165aha\u010da Vyu\u017e\u00edvanie modern\u00fdch a osved\u010den\u00fdch rie\u0161en\u00ed, ako s\u00fa napr\u00edklad n\u00e1vesov\u00e9 nosi\u010de, pom\u00e1ha","breadcrumb":{"@id":"https:\/\/antersystem.com\/sk\/novinky\/trailer-support-jst\/#breadcrumb"},"inLanguage":"sk-SK","potentialAction":[{"@type":"ReadAction","target":["https:\/\/antersystem.com\/sk\/novinky\/trailer-support-jst\/"]}]},{"@type":"BreadcrumbList","@id":"https:\/\/antersystem.com\/sk\/novinky\/trailer-support-jst\/#breadcrumb","itemListElement":[{"@type":"ListItem","position":1,"name":"AnterSystem","item":"https:\/\/antersystem.com\/sk\/"},{"@type":"ListItem","position":2,"name":"Novinky","item":"https:\/\/antersystem.com\/sk\/novinky\/"},{"@type":"ListItem","position":3,"name":"Podpora pr\u00edvesu JST"}]},{"@type":"WebSite","@id":"https:\/\/antersystem.com\/sk\/#website","url":"https:\/\/antersystem.com\/sk\/","name":"Anter System","description":"Jeste\u015bmy polskim producentem elastycznych barier ochronnych wykonywanych z polimerowych tworzyw sztucznych. Na rynku krajowym i zagranicznym dzia\u0142amy od ponad 15 lat dbaj\u0105c o zapewnienie bezpiecze\u0144stwa w zak\u0142adach produkcyjnych, magazynach oraz centrach logistycznych.","potentialAction":[{"@type":"SearchAction","target":{"@type":"EntryPoint","urlTemplate":"https:\/\/antersystem.com\/sk\/?s={search_term_string}"},"query-input":{"@type":"PropertyValueSpecification","valueRequired":true,"valueName":"search_term_string"}}],"inLanguage":"sk-SK"}]}},"_links":{"self":[{"href":"https:\/\/antersystem.com\/sk\/wp-json\/wp\/v2\/pages\/39590","targetHints":{"allow":["GET"]}}],"collection":[{"href":"https:\/\/antersystem.com\/sk\/wp-json\/wp\/v2\/pages"}],"about":[{"href":"https:\/\/antersystem.com\/sk\/wp-json\/wp\/v2\/types\/page"}],"author":[{"embeddable":true,"href":"https:\/\/antersystem.com\/sk\/wp-json\/wp\/v2\/users\/1"}],"replies":[{"embeddable":true,"href":"https:\/\/antersystem.com\/sk\/wp-json\/wp\/v2\/comments?post=39590"}],"version-history":[{"count":1,"href":"https:\/\/antersystem.com\/sk\/wp-json\/wp\/v2\/pages\/39590\/revisions"}],"predecessor-version":[{"id":39592,"href":"https:\/\/antersystem.com\/sk\/wp-json\/wp\/v2\/pages\/39590\/revisions\/39592"}],"up":[{"embeddable":true,"href":"https:\/\/antersystem.com\/sk\/wp-json\/wp\/v2\/pages\/30350"}],"wp:attachment":[{"href":"https:\/\/antersystem.com\/sk\/wp-json\/wp\/v2\/media?parent=39590"}],"curies":[{"name":"wp","href":"https:\/\/api.w.org\/{rel}","templated":true}]}}