{"id":39651,"date":"2024-10-22T14:33:00","date_gmt":"2024-10-22T12:33:00","guid":{"rendered":"https:\/\/antersystem.com\/novinky\/anter-system-partner-of-the-industry-conference\/"},"modified":"2026-02-04T14:07:04","modified_gmt":"2026-02-04T13:07:04","slug":"anter-system-partner-of-the-industry-conference","status":"publish","type":"page","link":"https:\/\/antersystem.com\/sk\/novinky\/anter-system-partner-of-the-industry-conference\/","title":{"rendered":"Anter System partner priemyselnej konferencie"},"content":{"rendered":"\n<div class=\"wp-block-columns is-layout-flex wp-container-core-columns-is-layout-9d6595d7 wp-block-columns-is-layout-flex\">\n<div class=\"wp-block-column is-layout-flow wp-block-column-is-layout-flow\" style=\"flex-basis:10%\"><\/div>\n\n\n\n<div class=\"wp-block-column is-layout-flow wp-block-column-is-layout-flow\">\n<h2 class=\"wp-block-heading\">Pridajte sa k n\u00e1m na stretnutie venovan\u00e9 transform\u00e1cii logistiky!<\/h2>\n\n\n\n<p>7. novembra 2024 <em>sa<\/em> v Zabrze <em>uskuto\u010dn\u00ed<\/em> konferencia &#8220; <em>Optimaliz\u00e1cia intralogistick\u00fdch a skladov\u00fdch procesov&#8220; &#8211;<\/em> jedno z k\u013e\u00fa\u010dov\u00fdch podujat\u00ed pre logistick\u00fd priemysel v tomto roku. Na podujat\u00ed, ktor\u00e9 organizuje spolo\u010dnos\u0165 Axon Media, sa op\u00e4\u0165 z\u00fa\u010dastn\u00ed spolo\u010dnos\u0165 Anter System Polska ako partner. <\/p>\n\n\n\n<p><strong>Pre\u010do by ste sa mali prida\u0165?<\/strong><\/p>\n\n\n\n<p>Konferencia je ur\u010den\u00e1 pre majite\u013eov a riadite\u013eov z\u00e1vodov a logistick\u00fdch centier, ako aj pre mana\u017e\u00e9rov zodpovedn\u00fdch za skladov\u00e9 procesy, dod\u00e1vate\u013esk\u00e9 re\u0165azce a riadenie v\u00fdroby. Po\u010das tematick\u00fdch panelov <strong>sa odborn\u00edci podelia o svoje sk\u00fasenosti so zlep\u0161ovan\u00edm logistick\u00fdch a skladov\u00fdch procesov v<\/strong> podnikoch a <strong>bud\u00fa<\/strong> diskutova\u0165 o v\u00fdzvach spojen\u00fdch s prisp\u00f4soben\u00edm t\u00fdchto procesov \u0161pecifickej povahe ka\u017ed\u00e9ho podniku. Prezentovan\u00e9 pr\u00edklady bud\u00fa zah\u0155\u0148a\u0165 rozsiahle implement\u00e1cie aj men\u0161ie \u00fapravy, ktor\u00e9 priniesli merate\u013en\u00e9 v\u00fdsledky.  <\/p>\n\n\n\n<p>T\u00e9my bud\u00fa zah\u0155\u0148a\u0165 syst\u00e9my vn\u00fatornej dopravy, zariadenia na manipul\u00e1ciu s materi\u00e1lom, skladov\u00e9 roboty, automatizovan\u00e9 skladovacie syst\u00e9my a syst\u00e9my na vychyst\u00e1vanie objedn\u00e1vok, technol\u00f3gie RFID a bezdr\u00f4tovej identifik\u00e1cie, softv\u00e9r pre intralogistiku, n\u00e1vrh a poradenstvo v oblasti intralogistiky, ako aj ozna\u010dovacie stroje a zariadenia.<\/p>\n\n\n\n<p><strong>Hovorme o bezpe\u010dnosti na pracovisku<\/strong><\/p>\n\n\n\n<p>Podujatie sa bude venova\u0165 aj <strong>bezpe\u010dnosti a ochrane zdravia pri pr\u00e1ci (BOZP) v skladoch a v\u00fdrobn\u00fdch hal\u00e1ch &#8211; oblasti<\/strong>, v ktorej je spolo\u010dnos\u0165 Anter System Polska expertom. U\u017e viac ako 15 rokov poskytujeme poradensk\u00e9 slu\u017eby s\u00favisiace s ochrann\u00fdmi syst\u00e9mami pre zamestnancov, stroje a infra\u0161trukt\u00faru v priemyselnom a logistickom prostred\u00ed. Po\u010das konferencie s vami radi <strong>prediskutujeme najnov\u0161ie rie\u0161enia, ktor\u00e9<\/strong> zvy\u0161uj\u00fa bezpe\u010dnos\u0165 na pracovisku.  <\/p>\n\n\n\n<p>Dynamick\u00fd jednod\u0148ov\u00fd form\u00e1t konferencie zah\u0155\u0148a nielen odborn\u00e9 predn\u00e1\u0161ky, ale aj <strong>pr\u00edle\u017eitosti na nadviazanie cenn\u00fdch obchodn\u00fdch vz\u0165ahov.<\/strong> \u00da\u010das\u0165 na podujat\u00ed je bezplatn\u00e1 &#8211; srde\u010dne v\u00e1s poz\u00fdvame!<\/p>\n\n\n\n<p>\u00da\u010das\u0165 na konferencii je bezplatn\u00e1. Podrobn\u00e9 inform\u00e1cie o registr\u00e1cii a programe s\u00fa k dispoz\u00edcii tu: <a href=\"https:\/\/www.axonmedia.pl\/konferencje\/aktualne\/intralogistyka-magazynowanie-2024-zabrze\/\" target=\"_blank\" rel=\"noreferrer noopener\"><em>&#8222;Optimaliz\u00e1cia intralogistick\u00fdch a skladov\u00fdch procesov&#8220;<\/em><\/a> <\/p>\n\n\n\n<p><\/p>\n\n\n\n<p><\/p>\n<\/div>\n\n\n\n<div class=\"wp-block-column is-layout-flow wp-block-column-is-layout-flow\" style=\"flex-basis:10%\"><\/div>\n<\/div>\n<div class=\"wp-block-image\">\n<figure class=\"aligncenter size-large is-resized\"><img loading=\"lazy\" decoding=\"async\" width=\"1024\" height=\"576\" src=\"https:\/\/antersystem.com\/wp-content\/uploads\/Konferencja_optymalizacja-procesow-logistycznych-2024-1024x576.jpg\" alt=\"\" class=\"wp-image-5562\" style=\"width:620px;height:auto\" srcset=\"https:\/\/antersystem.com\/wp-content\/uploads\/Konferencja_optymalizacja-procesow-logistycznych-2024-1024x576.jpg 1024w, https:\/\/antersystem.com\/wp-content\/uploads\/Konferencja_optymalizacja-procesow-logistycznych-2024-300x169.jpg 300w, https:\/\/antersystem.com\/wp-content\/uploads\/Konferencja_optymalizacja-procesow-logistycznych-2024-768x432.jpg 768w, https:\/\/antersystem.com\/wp-content\/uploads\/Konferencja_optymalizacja-procesow-logistycznych-2024-450x253.jpg 450w, https:\/\/antersystem.com\/wp-content\/uploads\/Konferencja_optymalizacja-procesow-logistycznych-2024-330x186.jpg 330w, https:\/\/antersystem.com\/wp-content\/uploads\/Konferencja_optymalizacja-procesow-logistycznych-2024.jpg 1115w\" sizes=\"auto, (max-width: 1024px) 100vw, 1024px\" \/><\/figure><\/div>","protected":false},"excerpt":{"rendered":"<p>Pridajte sa k n\u00e1m na stretnutie venovan\u00e9 transform\u00e1cii logistiky! 7. novembra 2024 sa v Zabrze uskuto\u010dn\u00ed konferencia &#8220; Optimaliz\u00e1cia intralogistick\u00fdch a skladov\u00fdch procesov&#8220; &#8211; jedno z k\u013e\u00fa\u010dov\u00fdch podujat\u00ed pre logistick\u00fd priemysel v tomto roku. Na podujat\u00ed, ktor\u00e9 organizuje spolo\u010dnos\u0165 Axon Media, sa op\u00e4\u0165 z\u00fa\u010dastn\u00ed spolo\u010dnos\u0165 Anter System Polska ako partner. Pre\u010do by ste sa mali [&hellip;]<\/p>\n","protected":false},"author":1,"featured_media":0,"parent":30350,"menu_order":0,"comment_status":"closed","ping_status":"closed","template":"","meta":{"inline_featured_image":false,"ngg_post_thumbnail":0,"footnotes":""},"class_list":["post-39651","page","type-page","status-publish","hentry"],"acf":[],"yoast_head":"<!-- This site is optimized with the Yoast SEO plugin v27.0 - https:\/\/yoast.com\/product\/yoast-seo-wordpress\/ -->\n<title>Anter System partner priemyselnej konferencie - Anter System<\/title>\n<meta name=\"description\" content=\"Pridajte sa k n\u00e1m na stretnutie venovan\u00e9 transform\u00e1cii logistiky! 7. novembra 2024 sa v Zabrze uskuto\u010dn\u00ed konferencia &quot; Optimaliz\u00e1cia intralogistick\u00fdch a\" \/>\n<meta name=\"robots\" content=\"index, follow, max-snippet:-1, max-image-preview:large, max-video-preview:-1\" \/>\n<link rel=\"canonical\" href=\"https:\/\/antersystem.com\/sk\/novinky\/anter-system-partner-of-the-industry-conference\/\" \/>\n<meta property=\"og:locale\" content=\"sk_SK\" \/>\n<meta property=\"og:type\" content=\"article\" \/>\n<meta property=\"og:title\" content=\"Anter System partner priemyselnej konferencie - Anter System\" \/>\n<meta property=\"og:description\" content=\"Pridajte sa k n\u00e1m na stretnutie venovan\u00e9 transform\u00e1cii logistiky! 7. novembra 2024 sa v Zabrze uskuto\u010dn\u00ed konferencia &quot; Optimaliz\u00e1cia intralogistick\u00fdch a\" \/>\n<meta property=\"og:url\" content=\"https:\/\/antersystem.com\/sk\/novinky\/anter-system-partner-of-the-industry-conference\/\" \/>\n<meta property=\"og:site_name\" content=\"Anter System\" \/>\n<meta property=\"article:modified_time\" content=\"2026-02-04T13:07:04+00:00\" \/>\n<meta property=\"og:image\" content=\"https:\/\/antersystem.com\/wp-content\/uploads\/Konferencja_optymalizacja-procesow-logistycznych-2024-1024x576.jpg\" \/>\n<meta name=\"twitter:card\" content=\"summary_large_image\" \/>\n<meta name=\"twitter:label1\" content=\"Predpokladan\u00fd \u010das \u010d\u00edtania\" \/>\n\t<meta name=\"twitter:data1\" content=\"2 min\u00faty\" \/>\n<script type=\"application\/ld+json\" class=\"yoast-schema-graph\">{\"@context\":\"https:\/\/schema.org\",\"@graph\":[{\"@type\":\"WebPage\",\"@id\":\"https:\/\/antersystem.com\/sk\/novinky\/anter-system-partner-of-the-industry-conference\/\",\"url\":\"https:\/\/antersystem.com\/sk\/novinky\/anter-system-partner-of-the-industry-conference\/\",\"name\":\"Anter System partner priemyselnej konferencie - Anter System\",\"isPartOf\":{\"@id\":\"https:\/\/antersystem.com\/sk\/#website\"},\"primaryImageOfPage\":{\"@id\":\"https:\/\/antersystem.com\/sk\/novinky\/anter-system-partner-of-the-industry-conference\/#primaryimage\"},\"image\":{\"@id\":\"https:\/\/antersystem.com\/sk\/novinky\/anter-system-partner-of-the-industry-conference\/#primaryimage\"},\"thumbnailUrl\":\"https:\/\/antersystem.com\/wp-content\/uploads\/Konferencja_optymalizacja-procesow-logistycznych-2024-1024x576.jpg\",\"datePublished\":\"2024-10-22T12:33:00+00:00\",\"dateModified\":\"2026-02-04T13:07:04+00:00\",\"description\":\"Pridajte sa k n\u00e1m na stretnutie venovan\u00e9 transform\u00e1cii logistiky! 7. novembra 2024 sa v Zabrze uskuto\u010dn\u00ed konferencia \\\" Optimaliz\u00e1cia intralogistick\u00fdch a\",\"breadcrumb\":{\"@id\":\"https:\/\/antersystem.com\/sk\/novinky\/anter-system-partner-of-the-industry-conference\/#breadcrumb\"},\"inLanguage\":\"sk-SK\",\"potentialAction\":[{\"@type\":\"ReadAction\",\"target\":[\"https:\/\/antersystem.com\/sk\/novinky\/anter-system-partner-of-the-industry-conference\/\"]}]},{\"@type\":\"ImageObject\",\"inLanguage\":\"sk-SK\",\"@id\":\"https:\/\/antersystem.com\/sk\/novinky\/anter-system-partner-of-the-industry-conference\/#primaryimage\",\"url\":\"https:\/\/antersystem.com\/wp-content\/uploads\/Konferencja_optymalizacja-procesow-logistycznych-2024-1024x576.jpg\",\"contentUrl\":\"https:\/\/antersystem.com\/wp-content\/uploads\/Konferencja_optymalizacja-procesow-logistycznych-2024-1024x576.jpg\"},{\"@type\":\"BreadcrumbList\",\"@id\":\"https:\/\/antersystem.com\/sk\/novinky\/anter-system-partner-of-the-industry-conference\/#breadcrumb\",\"itemListElement\":[{\"@type\":\"ListItem\",\"position\":1,\"name\":\"AnterSystem\",\"item\":\"https:\/\/antersystem.com\/sk\/\"},{\"@type\":\"ListItem\",\"position\":2,\"name\":\"Novinky\",\"item\":\"https:\/\/antersystem.com\/sk\/novinky\/\"},{\"@type\":\"ListItem\",\"position\":3,\"name\":\"Anter System partner priemyselnej konferencie\"}]},{\"@type\":\"WebSite\",\"@id\":\"https:\/\/antersystem.com\/sk\/#website\",\"url\":\"https:\/\/antersystem.com\/sk\/\",\"name\":\"Anter System\",\"description\":\"Jeste\u015bmy polskim producentem elastycznych barier ochronnych wykonywanych z polimerowych tworzyw sztucznych. Na rynku krajowym i zagranicznym dzia\u0142amy od ponad 15 lat dbaj\u0105c o zapewnienie bezpiecze\u0144stwa w zak\u0142adach produkcyjnych, magazynach oraz centrach logistycznych.\",\"potentialAction\":[{\"@type\":\"SearchAction\",\"target\":{\"@type\":\"EntryPoint\",\"urlTemplate\":\"https:\/\/antersystem.com\/sk\/?s={search_term_string}\"},\"query-input\":{\"@type\":\"PropertyValueSpecification\",\"valueRequired\":true,\"valueName\":\"search_term_string\"}}],\"inLanguage\":\"sk-SK\"}]}<\/script>\n<!-- \/ Yoast SEO plugin. -->","yoast_head_json":{"title":"Anter System partner priemyselnej konferencie - Anter System","description":"Pridajte sa k n\u00e1m na stretnutie venovan\u00e9 transform\u00e1cii logistiky! 7. novembra 2024 sa v Zabrze uskuto\u010dn\u00ed konferencia \" Optimaliz\u00e1cia intralogistick\u00fdch a","robots":{"index":"index","follow":"follow","max-snippet":"max-snippet:-1","max-image-preview":"max-image-preview:large","max-video-preview":"max-video-preview:-1"},"canonical":"https:\/\/antersystem.com\/sk\/novinky\/anter-system-partner-of-the-industry-conference\/","og_locale":"sk_SK","og_type":"article","og_title":"Anter System partner priemyselnej konferencie - Anter System","og_description":"Pridajte sa k n\u00e1m na stretnutie venovan\u00e9 transform\u00e1cii logistiky! 7. novembra 2024 sa v Zabrze uskuto\u010dn\u00ed konferencia \" Optimaliz\u00e1cia intralogistick\u00fdch a","og_url":"https:\/\/antersystem.com\/sk\/novinky\/anter-system-partner-of-the-industry-conference\/","og_site_name":"Anter System","article_modified_time":"2026-02-04T13:07:04+00:00","og_image":[{"url":"https:\/\/antersystem.com\/wp-content\/uploads\/Konferencja_optymalizacja-procesow-logistycznych-2024-1024x576.jpg","type":"","width":"","height":""}],"twitter_card":"summary_large_image","twitter_misc":{"Predpokladan\u00fd \u010das \u010d\u00edtania":"2 min\u00faty"},"schema":{"@context":"https:\/\/schema.org","@graph":[{"@type":"WebPage","@id":"https:\/\/antersystem.com\/sk\/novinky\/anter-system-partner-of-the-industry-conference\/","url":"https:\/\/antersystem.com\/sk\/novinky\/anter-system-partner-of-the-industry-conference\/","name":"Anter System partner priemyselnej konferencie - Anter System","isPartOf":{"@id":"https:\/\/antersystem.com\/sk\/#website"},"primaryImageOfPage":{"@id":"https:\/\/antersystem.com\/sk\/novinky\/anter-system-partner-of-the-industry-conference\/#primaryimage"},"image":{"@id":"https:\/\/antersystem.com\/sk\/novinky\/anter-system-partner-of-the-industry-conference\/#primaryimage"},"thumbnailUrl":"https:\/\/antersystem.com\/wp-content\/uploads\/Konferencja_optymalizacja-procesow-logistycznych-2024-1024x576.jpg","datePublished":"2024-10-22T12:33:00+00:00","dateModified":"2026-02-04T13:07:04+00:00","description":"Pridajte sa k n\u00e1m na stretnutie venovan\u00e9 transform\u00e1cii logistiky! 7. novembra 2024 sa v Zabrze uskuto\u010dn\u00ed konferencia \" Optimaliz\u00e1cia intralogistick\u00fdch a","breadcrumb":{"@id":"https:\/\/antersystem.com\/sk\/novinky\/anter-system-partner-of-the-industry-conference\/#breadcrumb"},"inLanguage":"sk-SK","potentialAction":[{"@type":"ReadAction","target":["https:\/\/antersystem.com\/sk\/novinky\/anter-system-partner-of-the-industry-conference\/"]}]},{"@type":"ImageObject","inLanguage":"sk-SK","@id":"https:\/\/antersystem.com\/sk\/novinky\/anter-system-partner-of-the-industry-conference\/#primaryimage","url":"https:\/\/antersystem.com\/wp-content\/uploads\/Konferencja_optymalizacja-procesow-logistycznych-2024-1024x576.jpg","contentUrl":"https:\/\/antersystem.com\/wp-content\/uploads\/Konferencja_optymalizacja-procesow-logistycznych-2024-1024x576.jpg"},{"@type":"BreadcrumbList","@id":"https:\/\/antersystem.com\/sk\/novinky\/anter-system-partner-of-the-industry-conference\/#breadcrumb","itemListElement":[{"@type":"ListItem","position":1,"name":"AnterSystem","item":"https:\/\/antersystem.com\/sk\/"},{"@type":"ListItem","position":2,"name":"Novinky","item":"https:\/\/antersystem.com\/sk\/novinky\/"},{"@type":"ListItem","position":3,"name":"Anter System partner priemyselnej konferencie"}]},{"@type":"WebSite","@id":"https:\/\/antersystem.com\/sk\/#website","url":"https:\/\/antersystem.com\/sk\/","name":"Anter System","description":"Jeste\u015bmy polskim producentem elastycznych barier ochronnych wykonywanych z polimerowych tworzyw sztucznych. Na rynku krajowym i zagranicznym dzia\u0142amy od ponad 15 lat dbaj\u0105c o zapewnienie bezpiecze\u0144stwa w zak\u0142adach produkcyjnych, magazynach oraz centrach logistycznych.","potentialAction":[{"@type":"SearchAction","target":{"@type":"EntryPoint","urlTemplate":"https:\/\/antersystem.com\/sk\/?s={search_term_string}"},"query-input":{"@type":"PropertyValueSpecification","valueRequired":true,"valueName":"search_term_string"}}],"inLanguage":"sk-SK"}]}},"_links":{"self":[{"href":"https:\/\/antersystem.com\/sk\/wp-json\/wp\/v2\/pages\/39651","targetHints":{"allow":["GET"]}}],"collection":[{"href":"https:\/\/antersystem.com\/sk\/wp-json\/wp\/v2\/pages"}],"about":[{"href":"https:\/\/antersystem.com\/sk\/wp-json\/wp\/v2\/types\/page"}],"author":[{"embeddable":true,"href":"https:\/\/antersystem.com\/sk\/wp-json\/wp\/v2\/users\/1"}],"replies":[{"embeddable":true,"href":"https:\/\/antersystem.com\/sk\/wp-json\/wp\/v2\/comments?post=39651"}],"version-history":[{"count":1,"href":"https:\/\/antersystem.com\/sk\/wp-json\/wp\/v2\/pages\/39651\/revisions"}],"predecessor-version":[{"id":39653,"href":"https:\/\/antersystem.com\/sk\/wp-json\/wp\/v2\/pages\/39651\/revisions\/39653"}],"up":[{"embeddable":true,"href":"https:\/\/antersystem.com\/sk\/wp-json\/wp\/v2\/pages\/30350"}],"wp:attachment":[{"href":"https:\/\/antersystem.com\/sk\/wp-json\/wp\/v2\/media?parent=39651"}],"curies":[{"name":"wp","href":"https:\/\/api.w.org\/{rel}","templated":true}]}}