{"id":39655,"date":"2024-02-28T09:18:11","date_gmt":"2024-02-28T08:18:11","guid":{"rendered":"https:\/\/antersystem.com\/novinky\/mid-magazine-visions-of-safety-wizje-bezpieczenstwa\/"},"modified":"2026-02-04T14:07:04","modified_gmt":"2026-02-04T13:07:04","slug":"mid-magazine-visions-of-safety-wizje-bezpieczenstwa","status":"publish","type":"page","link":"https:\/\/antersystem.com\/sk\/novinky\/mid-magazine-visions-of-safety-wizje-bezpieczenstwa\/","title":{"rendered":"\u010casopis MID &#8211; &#8222;V\u00edzie bezpe\u010dnosti&#8220; &#8211; &#8222;Wizje bezpe\u010dnosti&#8220;"},"content":{"rendered":"\n<div class=\"wp-block-columns is-layout-flex wp-container-core-columns-is-layout-9d6595d7 wp-block-columns-is-layout-flex\">\n<div class=\"wp-block-column is-layout-flow wp-block-column-is-layout-flow\" style=\"flex-basis:10%\"><\/div>\n\n\n\n<div class=\"wp-block-column is-layout-flow wp-block-column-is-layout-flow\">\n<h3 class=\"wp-block-heading\">MID 97 &#8211; prv\u00e9 vydanie roku 2024. \u010c\u00edm by ste sa mali riadi\u0165, aby priestor sp\u013a\u0148al bezpe\u010dnostn\u00e9 po\u017eiadavky? <\/h3>\n\n\n\n<p>V najnov\u0161om \u010d\u00edsle \u010dasopisu MID n\u00e1jdete redak\u010dn\u00fd \u010dl\u00e1nok, ktor\u00fd mo\u017eno pova\u017eova\u0165 za pr\u00edru\u010dku bezpe\u010dnosti a ochrany zdravia pri pr\u00e1ci pre pl\u00e1nova\u010dov skladov\u00fdch priestorov. \u010cl\u00e1nok zoh\u013ead\u0148uje bezpe\u010dnostn\u00e9 opatrenia t\u00fdkaj\u00face sa priestorov\u00e9ho usporiadania, osvetlenia, vlhkosti, predpisov BOZP a pohybu vozidiel. V\u00fdznamn\u00e1 \u010das\u0165 je venovan\u00e1 aj ochrane priestorov, kde sa zvy\u0161uje riziko kol\u00edzi\u00ed. Projektov\u00fd mana\u017e\u00e9r zo spolo\u010dnosti Anter System tu poskytuje podporu t\u00fdm, \u017ee poukazuje &#8211; na pr\u00edklade flexibiln\u00fdch bezpe\u010dnostn\u00fdch z\u00e1bran &#8211; na typy nebezpe\u010denstiev, s ktor\u00fdmi sa mo\u017eno stretn\u00fa\u0165 pri ka\u017edodennej pr\u00e1ci. \u010cl\u00e1nok sa zaober\u00e1 aj pokro\u010dilej\u0161\u00edmi ochrann\u00fdmi opatreniami, ako je automatiz\u00e1cia procesov a pou\u017e\u00edvanie dronov na riadenie z\u00e1sob.    <\/p>\n<p>Redakcia definuje bezpe\u010dnostn\u00e9 opatrenia pod\u013ea ich akt\u00edvnej alebo pas\u00edvnej povahy. Pru\u017en\u00e9 bezpe\u010dnostn\u00e9 z\u00e1brany patria do druhej kateg\u00f3rie, \u010do v\u0161ak nijako nezni\u017euje prioritu ich pou\u017eitia. S t\u00fdmto \u010dl\u00e1nkom v ruke m\u00f4\u017eu \u010ditatelia prehodnoti\u0165 svoje vedomosti o pl\u00e1novan\u00ed priestoru z h\u013eadiska jeho efekt\u00edvneho vyu\u017eitia a oper\u00e1ci\u00ed, ktor\u00e9 sa v \u0148om uskuto\u010d\u0148uj\u00fa.  <\/p>\n<p>Prajeme v\u00e1m pr\u00edjemn\u00e9 \u010d\u00edtanie!<\/p>\n<\/div>\n\n\n\n<div class=\"wp-block-column is-layout-flow wp-block-column-is-layout-flow\" style=\"flex-basis:10%\"><\/div>\n<\/div>\n\n<div data-wp-interactive=\"core\/file\" class=\"wp-block-file\"><object data-wp-bind--hidden=\"!state.hasPdfPreview\" hidden class=\"wp-block-file__embed\" data=\"https:\/\/antersystem.com\/wp-content\/uploads\/MID_97_1_2024-Anter-System.pdf\" type=\"application\/pdf\" style=\"width:100%;height:600px\" aria-label=\"Vlo\u017ei\u0165 MID_97_1_2024-Anter-System.\"><\/object><a id=\"wp-block-file--media-c4a79965-4313-4b68-8827-3aa81c41db0a\" href=\"https:\/\/antersystem.com\/wp-content\/uploads\/MID_97_1_2024-Anter-System.pdf\">MID_97_1_2024-Anter-System<\/a><a href=\"https:\/\/antersystem.com\/wp-content\/uploads\/MID_97_1_2024-Anter-System.pdf\" class=\"wp-block-file__button wp-element-button\" download=\"\" aria-describedby=\"wp-block-file--media-c4a79965-4313-4b68-8827-3aa81c41db0a\">Stiahnite si<\/a><\/div>\n","protected":false},"excerpt":{"rendered":"<p>MID 97 &#8211; prv\u00e9 vydanie roku 2024. \u010c\u00edm by ste sa mali riadi\u0165, aby priestor sp\u013a\u0148al bezpe\u010dnostn\u00e9 po\u017eiadavky? V najnov\u0161om \u010d\u00edsle \u010dasopisu MID n\u00e1jdete redak\u010dn\u00fd \u010dl\u00e1nok, ktor\u00fd mo\u017eno pova\u017eova\u0165 za pr\u00edru\u010dku bezpe\u010dnosti a ochrany zdravia pri pr\u00e1ci pre pl\u00e1nova\u010dov skladov\u00fdch priestorov. \u010cl\u00e1nok zoh\u013ead\u0148uje bezpe\u010dnostn\u00e9 opatrenia t\u00fdkaj\u00face sa priestorov\u00e9ho usporiadania, osvetlenia, vlhkosti, predpisov BOZP a pohybu [&hellip;]<\/p>\n","protected":false},"author":1,"featured_media":0,"parent":30350,"menu_order":0,"comment_status":"closed","ping_status":"closed","template":"","meta":{"inline_featured_image":false,"ngg_post_thumbnail":0,"footnotes":""},"class_list":["post-39655","page","type-page","status-publish","hentry"],"acf":[],"yoast_head":"<!-- This site is optimized with the Yoast SEO plugin v27.0 - https:\/\/yoast.com\/product\/yoast-seo-wordpress\/ -->\n<title>\u010casopis MID - &quot;V\u00edzie bezpe\u010dnosti&quot; - &quot;Wizje bezpe\u010dnosti&quot; - Anter System<\/title>\n<meta name=\"description\" content=\"MID 97 - prv\u00e9 vydanie roku 2024. \u010c\u00edm by ste sa mali riadi\u0165, aby priestor sp\u013a\u0148al bezpe\u010dnostn\u00e9 po\u017eiadavky? V najnov\u0161om \u010d\u00edsle \u010dasopisu MID n\u00e1jdete redak\u010dn\u00fd\" \/>\n<meta name=\"robots\" content=\"index, follow, max-snippet:-1, max-image-preview:large, max-video-preview:-1\" \/>\n<link rel=\"canonical\" href=\"https:\/\/antersystem.com\/sk\/novinky\/mid-magazine-visions-of-safety-wizje-bezpieczenstwa\/\" \/>\n<meta property=\"og:locale\" content=\"sk_SK\" \/>\n<meta property=\"og:type\" content=\"article\" \/>\n<meta property=\"og:title\" content=\"\u010casopis MID - &quot;V\u00edzie bezpe\u010dnosti&quot; - &quot;Wizje bezpe\u010dnosti&quot; - Anter System\" \/>\n<meta property=\"og:description\" content=\"MID 97 - prv\u00e9 vydanie roku 2024. \u010c\u00edm by ste sa mali riadi\u0165, aby priestor sp\u013a\u0148al bezpe\u010dnostn\u00e9 po\u017eiadavky? V najnov\u0161om \u010d\u00edsle \u010dasopisu MID n\u00e1jdete redak\u010dn\u00fd\" \/>\n<meta property=\"og:url\" content=\"https:\/\/antersystem.com\/sk\/novinky\/mid-magazine-visions-of-safety-wizje-bezpieczenstwa\/\" \/>\n<meta property=\"og:site_name\" content=\"Anter System\" \/>\n<meta property=\"article:modified_time\" content=\"2026-02-04T13:07:04+00:00\" \/>\n<meta name=\"twitter:card\" content=\"summary_large_image\" \/>\n<meta name=\"twitter:label1\" content=\"Predpokladan\u00fd \u010das \u010d\u00edtania\" \/>\n\t<meta name=\"twitter:data1\" content=\"1 min\u00fata\" \/>\n<script type=\"application\/ld+json\" class=\"yoast-schema-graph\">{\"@context\":\"https:\/\/schema.org\",\"@graph\":[{\"@type\":\"WebPage\",\"@id\":\"https:\/\/antersystem.com\/sk\/novinky\/mid-magazine-visions-of-safety-wizje-bezpieczenstwa\/\",\"url\":\"https:\/\/antersystem.com\/sk\/novinky\/mid-magazine-visions-of-safety-wizje-bezpieczenstwa\/\",\"name\":\"\u010casopis MID - \\\"V\u00edzie bezpe\u010dnosti\\\" - \\\"Wizje bezpe\u010dnosti\\\" - Anter System\",\"isPartOf\":{\"@id\":\"https:\/\/antersystem.com\/sk\/#website\"},\"datePublished\":\"2024-02-28T08:18:11+00:00\",\"dateModified\":\"2026-02-04T13:07:04+00:00\",\"description\":\"MID 97 - prv\u00e9 vydanie roku 2024. \u010c\u00edm by ste sa mali riadi\u0165, aby priestor sp\u013a\u0148al bezpe\u010dnostn\u00e9 po\u017eiadavky? V najnov\u0161om \u010d\u00edsle \u010dasopisu MID n\u00e1jdete redak\u010dn\u00fd\",\"breadcrumb\":{\"@id\":\"https:\/\/antersystem.com\/sk\/novinky\/mid-magazine-visions-of-safety-wizje-bezpieczenstwa\/#breadcrumb\"},\"inLanguage\":\"sk-SK\",\"potentialAction\":[{\"@type\":\"ReadAction\",\"target\":[\"https:\/\/antersystem.com\/sk\/novinky\/mid-magazine-visions-of-safety-wizje-bezpieczenstwa\/\"]}]},{\"@type\":\"BreadcrumbList\",\"@id\":\"https:\/\/antersystem.com\/sk\/novinky\/mid-magazine-visions-of-safety-wizje-bezpieczenstwa\/#breadcrumb\",\"itemListElement\":[{\"@type\":\"ListItem\",\"position\":1,\"name\":\"AnterSystem\",\"item\":\"https:\/\/antersystem.com\/sk\/\"},{\"@type\":\"ListItem\",\"position\":2,\"name\":\"Novinky\",\"item\":\"https:\/\/antersystem.com\/sk\/novinky\/\"},{\"@type\":\"ListItem\",\"position\":3,\"name\":\"\u010casopis MID &#8211; &#8220;V\u00edzie bezpe\u010dnosti&#8221; &#8211; &#8220;Wizje bezpe\u010dnosti&#8221;\"}]},{\"@type\":\"WebSite\",\"@id\":\"https:\/\/antersystem.com\/sk\/#website\",\"url\":\"https:\/\/antersystem.com\/sk\/\",\"name\":\"Anter System\",\"description\":\"Jeste\u015bmy polskim producentem elastycznych barier ochronnych wykonywanych z polimerowych tworzyw sztucznych. Na rynku krajowym i zagranicznym dzia\u0142amy od ponad 15 lat dbaj\u0105c o zapewnienie bezpiecze\u0144stwa w zak\u0142adach produkcyjnych, magazynach oraz centrach logistycznych.\",\"potentialAction\":[{\"@type\":\"SearchAction\",\"target\":{\"@type\":\"EntryPoint\",\"urlTemplate\":\"https:\/\/antersystem.com\/sk\/?s={search_term_string}\"},\"query-input\":{\"@type\":\"PropertyValueSpecification\",\"valueRequired\":true,\"valueName\":\"search_term_string\"}}],\"inLanguage\":\"sk-SK\"}]}<\/script>\n<!-- \/ Yoast SEO plugin. -->","yoast_head_json":{"title":"\u010casopis MID - \"V\u00edzie bezpe\u010dnosti\" - \"Wizje bezpe\u010dnosti\" - Anter System","description":"MID 97 - prv\u00e9 vydanie roku 2024. \u010c\u00edm by ste sa mali riadi\u0165, aby priestor sp\u013a\u0148al bezpe\u010dnostn\u00e9 po\u017eiadavky? V najnov\u0161om \u010d\u00edsle \u010dasopisu MID n\u00e1jdete redak\u010dn\u00fd","robots":{"index":"index","follow":"follow","max-snippet":"max-snippet:-1","max-image-preview":"max-image-preview:large","max-video-preview":"max-video-preview:-1"},"canonical":"https:\/\/antersystem.com\/sk\/novinky\/mid-magazine-visions-of-safety-wizje-bezpieczenstwa\/","og_locale":"sk_SK","og_type":"article","og_title":"\u010casopis MID - \"V\u00edzie bezpe\u010dnosti\" - \"Wizje bezpe\u010dnosti\" - Anter System","og_description":"MID 97 - prv\u00e9 vydanie roku 2024. \u010c\u00edm by ste sa mali riadi\u0165, aby priestor sp\u013a\u0148al bezpe\u010dnostn\u00e9 po\u017eiadavky? V najnov\u0161om \u010d\u00edsle \u010dasopisu MID n\u00e1jdete redak\u010dn\u00fd","og_url":"https:\/\/antersystem.com\/sk\/novinky\/mid-magazine-visions-of-safety-wizje-bezpieczenstwa\/","og_site_name":"Anter System","article_modified_time":"2026-02-04T13:07:04+00:00","twitter_card":"summary_large_image","twitter_misc":{"Predpokladan\u00fd \u010das \u010d\u00edtania":"1 min\u00fata"},"schema":{"@context":"https:\/\/schema.org","@graph":[{"@type":"WebPage","@id":"https:\/\/antersystem.com\/sk\/novinky\/mid-magazine-visions-of-safety-wizje-bezpieczenstwa\/","url":"https:\/\/antersystem.com\/sk\/novinky\/mid-magazine-visions-of-safety-wizje-bezpieczenstwa\/","name":"\u010casopis MID - \"V\u00edzie bezpe\u010dnosti\" - \"Wizje bezpe\u010dnosti\" - Anter System","isPartOf":{"@id":"https:\/\/antersystem.com\/sk\/#website"},"datePublished":"2024-02-28T08:18:11+00:00","dateModified":"2026-02-04T13:07:04+00:00","description":"MID 97 - prv\u00e9 vydanie roku 2024. \u010c\u00edm by ste sa mali riadi\u0165, aby priestor sp\u013a\u0148al bezpe\u010dnostn\u00e9 po\u017eiadavky? V najnov\u0161om \u010d\u00edsle \u010dasopisu MID n\u00e1jdete redak\u010dn\u00fd","breadcrumb":{"@id":"https:\/\/antersystem.com\/sk\/novinky\/mid-magazine-visions-of-safety-wizje-bezpieczenstwa\/#breadcrumb"},"inLanguage":"sk-SK","potentialAction":[{"@type":"ReadAction","target":["https:\/\/antersystem.com\/sk\/novinky\/mid-magazine-visions-of-safety-wizje-bezpieczenstwa\/"]}]},{"@type":"BreadcrumbList","@id":"https:\/\/antersystem.com\/sk\/novinky\/mid-magazine-visions-of-safety-wizje-bezpieczenstwa\/#breadcrumb","itemListElement":[{"@type":"ListItem","position":1,"name":"AnterSystem","item":"https:\/\/antersystem.com\/sk\/"},{"@type":"ListItem","position":2,"name":"Novinky","item":"https:\/\/antersystem.com\/sk\/novinky\/"},{"@type":"ListItem","position":3,"name":"\u010casopis MID &#8211; &#8220;V\u00edzie bezpe\u010dnosti&#8221; &#8211; &#8220;Wizje bezpe\u010dnosti&#8221;"}]},{"@type":"WebSite","@id":"https:\/\/antersystem.com\/sk\/#website","url":"https:\/\/antersystem.com\/sk\/","name":"Anter System","description":"Jeste\u015bmy polskim producentem elastycznych barier ochronnych wykonywanych z polimerowych tworzyw sztucznych. Na rynku krajowym i zagranicznym dzia\u0142amy od ponad 15 lat dbaj\u0105c o zapewnienie bezpiecze\u0144stwa w zak\u0142adach produkcyjnych, magazynach oraz centrach logistycznych.","potentialAction":[{"@type":"SearchAction","target":{"@type":"EntryPoint","urlTemplate":"https:\/\/antersystem.com\/sk\/?s={search_term_string}"},"query-input":{"@type":"PropertyValueSpecification","valueRequired":true,"valueName":"search_term_string"}}],"inLanguage":"sk-SK"}]}},"_links":{"self":[{"href":"https:\/\/antersystem.com\/sk\/wp-json\/wp\/v2\/pages\/39655","targetHints":{"allow":["GET"]}}],"collection":[{"href":"https:\/\/antersystem.com\/sk\/wp-json\/wp\/v2\/pages"}],"about":[{"href":"https:\/\/antersystem.com\/sk\/wp-json\/wp\/v2\/types\/page"}],"author":[{"embeddable":true,"href":"https:\/\/antersystem.com\/sk\/wp-json\/wp\/v2\/users\/1"}],"replies":[{"embeddable":true,"href":"https:\/\/antersystem.com\/sk\/wp-json\/wp\/v2\/comments?post=39655"}],"version-history":[{"count":1,"href":"https:\/\/antersystem.com\/sk\/wp-json\/wp\/v2\/pages\/39655\/revisions"}],"predecessor-version":[{"id":39657,"href":"https:\/\/antersystem.com\/sk\/wp-json\/wp\/v2\/pages\/39655\/revisions\/39657"}],"up":[{"embeddable":true,"href":"https:\/\/antersystem.com\/sk\/wp-json\/wp\/v2\/pages\/30350"}],"wp:attachment":[{"href":"https:\/\/antersystem.com\/sk\/wp-json\/wp\/v2\/media?parent=39655"}],"curies":[{"name":"wp","href":"https:\/\/api.w.org\/{rel}","templated":true}]}}