{"id":39709,"date":"2024-03-25T16:20:11","date_gmt":"2024-03-25T15:20:11","guid":{"rendered":"https:\/\/antersystem.com\/novinky\/technical-conference-szczecin\/"},"modified":"2026-02-04T14:07:26","modified_gmt":"2026-02-04T13:07:26","slug":"technical-conference-szczecin","status":"publish","type":"page","link":"https:\/\/antersystem.com\/sk\/novinky\/technical-conference-szczecin\/","title":{"rendered":"Technick\u00e1 konferencia, \u0160tet\u00edn 18.04"},"content":{"rendered":"\n<div class=\"wp-block-columns is-layout-flex wp-container-core-columns-is-layout-9d6595d7 wp-block-columns-is-layout-flex\">\n  \n  <div class=\"wp-block-column is-layout-flow wp-block-column-is-layout-flow\" style=\"flex-basis:10%\"><\/div>\n  \n\n  \n  <div class=\"wp-block-column is-layout-flow wp-block-column-is-layout-flow\">\n    \n    <h3 class=\"wp-block-heading\">Op\u00e4\u0165 sa stret\u00e1vame &#8211; v\u010faka spolo\u010dnosti Axon Media.<\/h3>\n    \n\n    \n    <p><strong>Spolo\u010dnos\u0165 Axon Media,<\/strong> organiz\u00e1tor technick\u00fdch konferenci\u00ed, n\u00e1s u\u017e zvykla na mesa\u010dn\u00e9 stretnutia s cie\u013eom nadviaza\u0165 kontakty. Ich frekvencia a energia zost\u00e1vaj\u00fa vysok\u00e9. Najbli\u017e\u0161ia konferencia sa uskuto\u010dn\u00ed <a href=\"https:\/\/www.axonmedia.pl\/konferencje\/aktualne\/intralogistyka-magazynowanie-2024-szczecin\/\">18. apr\u00edla v \u0160tet\u00edne a<\/a> jej hlavnou t\u00e9mou bude: Ako realizova\u0165 mal\u00e9 zmeny, ktor\u00e9 \u0161etria \u010das aj finan\u010dn\u00e9 prostriedky.  <\/p>\n    \n\n    \n    <p>Na tomto ro\u010dn\u00edku sa z\u00fa\u010dastn\u00edme aj my, aby sme predstavili mo\u017enosti technick\u00fdch rie\u0161en\u00ed prisp\u00f4soben\u00fdch individu\u00e1lnym potreb\u00e1m. Od <a href=\"https:\/\/antersystem.com\/kategorie_produktow\/ochrona-kolumny\/\">ochrany kritick\u00fdch kon\u0161trukci\u00ed a<\/a> <a href=\"https:\/\/antersystem.com\/produkty\/plyta-zderzeniowa-ertax\/\">n\u00e1razov\u00fdch z\u00f3n, kde nie je priestor pre \u0161tandardn\u00e9 bezpe\u010dnostn\u00e9 z\u00e1brany, a\u017e po zabezpe\u010denie<\/a> pe\u0161\u00edch tr\u00e1s a ochranu strojov a infra\u0161trukt\u00fary pred n\u00e1razmi vysokozdvi\u017en\u00fdch voz\u00edkov &#8211; to s\u00fa na\u0161e odborn\u00e9 znalosti a ka\u017edodenn\u00e1 prax. Radi sa s vami podel\u00edme o pr\u00edpadov\u00e9 \u0161t\u00fadie z projektov, pri ktor\u00fdch sme sa akt\u00edvne podie\u013eali na navrhovan\u00ed a realiz\u00e1cii bezpe\u010dnostn\u00fdch rie\u0161en\u00ed na mieru.  <\/p>\n    \n\n    \n    <p>Odpor\u00fa\u010dame v\u00e1m tie\u017e, aby ste sa zapojili do konferen\u010dn\u00fdch zasadnut\u00ed a vypo\u010duli si odborn\u00e9 prezent\u00e1cie &#8211; nie je potrebn\u00e1 \u017eiadna interakcia. Program <em>konferencie &#8222;Optimaliz\u00e1cia intralogistick\u00fdch a skladov\u00fdch procesov&#8220;<\/em> zah\u0155\u0148a t\u00e9my, ako s\u00fa syst\u00e9my internej prepravy, robotiz\u00e1cia skladov, automatizovan\u00e9 syst\u00e9my skladovania a vychyst\u00e1vania objedn\u00e1vok, RFID a bezdr\u00f4tov\u00e1 identifik\u00e1cia, softv\u00e9r pre intralogistiku, logistick\u00e9 projektovanie a poradenstvo, etiketovacie stroje a bezpe\u010dnos\u0165 a ochrana zdravia pri pr\u00e1ci (BOZP) v priemyseln\u00fdch a skladov\u00fdch zariadeniach. <\/p>\n    \n\n    \n    <p><strong>Kedy:<\/strong> apr\u00edla (\u0161tvrtok) | 8:00 &#8211; 15:30 | Program<\/p>\n    \n\n    \n    <p><strong>Kde:<\/strong> Hotel VULCAN, ul. F.K. Druckiego-Lubeckiego 6a, \u0160tet\u00edn | parkovanie zdarma <\/p>\n    \n\n    \n    <p><strong>\u00da\u010das\u0165 je bezplatn\u00e1<\/strong><\/p>\n    \n\n    \n    <p>Ako hrd\u00ed partneri podujatia v\u00e1s srde\u010dne poz\u00fdvame, aby ste sa k n\u00e1m pripojili!<\/p>\n    \n\n    \n    <p><strong>#TechnicalConferences #AxonMedia #Intralogistics #Warehousing<\/strong><\/p>\n    \n  <\/div>\n  \n\n  \n  <div class=\"wp-block-column is-layout-flow wp-block-column-is-layout-flow\" style=\"flex-basis:10%\"><\/div>\n  \n<\/div>\n<div class=\"wp-block-image\">\n<figure class=\"aligncenter size-large is-resized\"><img loading=\"lazy\" decoding=\"async\" width=\"1024\" height=\"535\" src=\"https:\/\/antersystem.com\/wp-content\/uploads\/18-KWIETNIA-ANTER-SYSTEM-partnerem-konferencji-technicznych-Axon-Media-1-1024x535.jpg\" alt=\"Anter System - Technick&#xE1; konferencia v &#x160;tet&#xED;ne, 18. apr&#xED;la 2024\" class=\"wp-image-4321\" style=\"width:720px;height:auto\" srcset=\"https:\/\/antersystem.com\/wp-content\/uploads\/18-KWIETNIA-ANTER-SYSTEM-partnerem-konferencji-technicznych-Axon-Media-1-1024x535.jpg 1024w, https:\/\/antersystem.com\/wp-content\/uploads\/18-KWIETNIA-ANTER-SYSTEM-partnerem-konferencji-technicznych-Axon-Media-1-300x157.jpg 300w, https:\/\/antersystem.com\/wp-content\/uploads\/18-KWIETNIA-ANTER-SYSTEM-partnerem-konferencji-technicznych-Axon-Media-1-768x401.jpg 768w, https:\/\/antersystem.com\/wp-content\/uploads\/18-KWIETNIA-ANTER-SYSTEM-partnerem-konferencji-technicznych-Axon-Media-1-450x235.jpg 450w, https:\/\/antersystem.com\/wp-content\/uploads\/18-KWIETNIA-ANTER-SYSTEM-partnerem-konferencji-technicznych-Axon-Media-1-330x172.jpg 330w, https:\/\/antersystem.com\/wp-content\/uploads\/18-KWIETNIA-ANTER-SYSTEM-partnerem-konferencji-technicznych-Axon-Media-1.jpg 1200w\" sizes=\"auto, (max-width: 1024px) 100vw, 1024px\" \/><\/figure><\/div>","protected":false},"excerpt":{"rendered":"<p>Op\u00e4\u0165 sa stret\u00e1vame &#8211; v\u010faka spolo\u010dnosti Axon Media. Spolo\u010dnos\u0165 Axon Media, organiz\u00e1tor technick\u00fdch konferenci\u00ed, n\u00e1s u\u017e zvykla na mesa\u010dn\u00e9 stretnutia s cie\u013eom nadviaza\u0165 kontakty. Ich frekvencia a energia zost\u00e1vaj\u00fa vysok\u00e9. Najbli\u017e\u0161ia konferencia sa uskuto\u010dn\u00ed 18. apr\u00edla v \u0160tet\u00edne a jej hlavnou t\u00e9mou bude: Ako realizova\u0165 mal\u00e9 zmeny, ktor\u00e9 \u0161etria \u010das aj finan\u010dn\u00e9 prostriedky. Na tomto [&hellip;]<\/p>\n","protected":false},"author":1,"featured_media":0,"parent":30350,"menu_order":0,"comment_status":"closed","ping_status":"closed","template":"","meta":{"inline_featured_image":false,"ngg_post_thumbnail":0,"footnotes":""},"class_list":["post-39709","page","type-page","status-publish","hentry"],"acf":[],"yoast_head":"<!-- This site is optimized with the Yoast SEO plugin v27.0 - https:\/\/yoast.com\/product\/yoast-seo-wordpress\/ -->\n<title>Technick\u00e1 konferencia, \u0160tet\u00edn 18.04 - Anter System<\/title>\n<meta name=\"description\" content=\"Op\u00e4\u0165 sa stret\u00e1vame - v\u010faka spolo\u010dnosti Axon Media. Spolo\u010dnos\u0165 Axon Media, organiz\u00e1tor technick\u00fdch konferenci\u00ed, n\u00e1s u\u017e zvykla na mesa\u010dn\u00e9 stretnutia s\" \/>\n<meta name=\"robots\" content=\"index, follow, max-snippet:-1, max-image-preview:large, max-video-preview:-1\" \/>\n<link rel=\"canonical\" href=\"https:\/\/antersystem.com\/sk\/novinky\/technical-conference-szczecin\/\" \/>\n<meta property=\"og:locale\" content=\"sk_SK\" \/>\n<meta property=\"og:type\" content=\"article\" \/>\n<meta property=\"og:title\" content=\"Technick\u00e1 konferencia, \u0160tet\u00edn 18.04 - Anter System\" \/>\n<meta property=\"og:description\" content=\"Op\u00e4\u0165 sa stret\u00e1vame - v\u010faka spolo\u010dnosti Axon Media. Spolo\u010dnos\u0165 Axon Media, organiz\u00e1tor technick\u00fdch konferenci\u00ed, n\u00e1s u\u017e zvykla na mesa\u010dn\u00e9 stretnutia s\" \/>\n<meta property=\"og:url\" content=\"https:\/\/antersystem.com\/sk\/novinky\/technical-conference-szczecin\/\" \/>\n<meta property=\"og:site_name\" content=\"Anter System\" \/>\n<meta property=\"article:modified_time\" content=\"2026-02-04T13:07:26+00:00\" \/>\n<meta property=\"og:image\" content=\"https:\/\/antersystem.com\/wp-content\/uploads\/18-KWIETNIA-ANTER-SYSTEM-partnerem-konferencji-technicznych-Axon-Media-1-1024x535.jpg\" \/>\n<meta name=\"twitter:card\" content=\"summary_large_image\" \/>\n<meta name=\"twitter:label1\" content=\"Predpokladan\u00fd \u010das \u010d\u00edtania\" \/>\n\t<meta name=\"twitter:data1\" content=\"2 min\u00faty\" \/>\n<script type=\"application\/ld+json\" class=\"yoast-schema-graph\">{\"@context\":\"https:\/\/schema.org\",\"@graph\":[{\"@type\":\"WebPage\",\"@id\":\"https:\/\/antersystem.com\/sk\/novinky\/technical-conference-szczecin\/\",\"url\":\"https:\/\/antersystem.com\/sk\/novinky\/technical-conference-szczecin\/\",\"name\":\"Technick\u00e1 konferencia, \u0160tet\u00edn 18.04 - Anter System\",\"isPartOf\":{\"@id\":\"https:\/\/antersystem.com\/sk\/#website\"},\"primaryImageOfPage\":{\"@id\":\"https:\/\/antersystem.com\/sk\/novinky\/technical-conference-szczecin\/#primaryimage\"},\"image\":{\"@id\":\"https:\/\/antersystem.com\/sk\/novinky\/technical-conference-szczecin\/#primaryimage\"},\"thumbnailUrl\":\"https:\/\/antersystem.com\/wp-content\/uploads\/18-KWIETNIA-ANTER-SYSTEM-partnerem-konferencji-technicznych-Axon-Media-1-1024x535.jpg\",\"datePublished\":\"2024-03-25T15:20:11+00:00\",\"dateModified\":\"2026-02-04T13:07:26+00:00\",\"description\":\"Op\u00e4\u0165 sa stret\u00e1vame - v\u010faka spolo\u010dnosti Axon Media. Spolo\u010dnos\u0165 Axon Media, organiz\u00e1tor technick\u00fdch konferenci\u00ed, n\u00e1s u\u017e zvykla na mesa\u010dn\u00e9 stretnutia s\",\"breadcrumb\":{\"@id\":\"https:\/\/antersystem.com\/sk\/novinky\/technical-conference-szczecin\/#breadcrumb\"},\"inLanguage\":\"sk-SK\",\"potentialAction\":[{\"@type\":\"ReadAction\",\"target\":[\"https:\/\/antersystem.com\/sk\/novinky\/technical-conference-szczecin\/\"]}]},{\"@type\":\"ImageObject\",\"inLanguage\":\"sk-SK\",\"@id\":\"https:\/\/antersystem.com\/sk\/novinky\/technical-conference-szczecin\/#primaryimage\",\"url\":\"https:\/\/antersystem.com\/wp-content\/uploads\/18-KWIETNIA-ANTER-SYSTEM-partnerem-konferencji-technicznych-Axon-Media-1-1024x535.jpg\",\"contentUrl\":\"https:\/\/antersystem.com\/wp-content\/uploads\/18-KWIETNIA-ANTER-SYSTEM-partnerem-konferencji-technicznych-Axon-Media-1-1024x535.jpg\"},{\"@type\":\"BreadcrumbList\",\"@id\":\"https:\/\/antersystem.com\/sk\/novinky\/technical-conference-szczecin\/#breadcrumb\",\"itemListElement\":[{\"@type\":\"ListItem\",\"position\":1,\"name\":\"AnterSystem\",\"item\":\"https:\/\/antersystem.com\/sk\/\"},{\"@type\":\"ListItem\",\"position\":2,\"name\":\"Novinky\",\"item\":\"https:\/\/antersystem.com\/sk\/novinky\/\"},{\"@type\":\"ListItem\",\"position\":3,\"name\":\"Technick\u00e1 konferencia, \u0160tet\u00edn 18.04\"}]},{\"@type\":\"WebSite\",\"@id\":\"https:\/\/antersystem.com\/sk\/#website\",\"url\":\"https:\/\/antersystem.com\/sk\/\",\"name\":\"Anter System\",\"description\":\"Jeste\u015bmy polskim producentem elastycznych barier ochronnych wykonywanych z polimerowych tworzyw sztucznych. Na rynku krajowym i zagranicznym dzia\u0142amy od ponad 15 lat dbaj\u0105c o zapewnienie bezpiecze\u0144stwa w zak\u0142adach produkcyjnych, magazynach oraz centrach logistycznych.\",\"potentialAction\":[{\"@type\":\"SearchAction\",\"target\":{\"@type\":\"EntryPoint\",\"urlTemplate\":\"https:\/\/antersystem.com\/sk\/?s={search_term_string}\"},\"query-input\":{\"@type\":\"PropertyValueSpecification\",\"valueRequired\":true,\"valueName\":\"search_term_string\"}}],\"inLanguage\":\"sk-SK\"}]}<\/script>\n<!-- \/ Yoast SEO plugin. -->","yoast_head_json":{"title":"Technick\u00e1 konferencia, \u0160tet\u00edn 18.04 - Anter System","description":"Op\u00e4\u0165 sa stret\u00e1vame - v\u010faka spolo\u010dnosti Axon Media. Spolo\u010dnos\u0165 Axon Media, organiz\u00e1tor technick\u00fdch konferenci\u00ed, n\u00e1s u\u017e zvykla na mesa\u010dn\u00e9 stretnutia s","robots":{"index":"index","follow":"follow","max-snippet":"max-snippet:-1","max-image-preview":"max-image-preview:large","max-video-preview":"max-video-preview:-1"},"canonical":"https:\/\/antersystem.com\/sk\/novinky\/technical-conference-szczecin\/","og_locale":"sk_SK","og_type":"article","og_title":"Technick\u00e1 konferencia, \u0160tet\u00edn 18.04 - Anter System","og_description":"Op\u00e4\u0165 sa stret\u00e1vame - v\u010faka spolo\u010dnosti Axon Media. Spolo\u010dnos\u0165 Axon Media, organiz\u00e1tor technick\u00fdch konferenci\u00ed, n\u00e1s u\u017e zvykla na mesa\u010dn\u00e9 stretnutia s","og_url":"https:\/\/antersystem.com\/sk\/novinky\/technical-conference-szczecin\/","og_site_name":"Anter System","article_modified_time":"2026-02-04T13:07:26+00:00","og_image":[{"url":"https:\/\/antersystem.com\/wp-content\/uploads\/18-KWIETNIA-ANTER-SYSTEM-partnerem-konferencji-technicznych-Axon-Media-1-1024x535.jpg","type":"","width":"","height":""}],"twitter_card":"summary_large_image","twitter_misc":{"Predpokladan\u00fd \u010das \u010d\u00edtania":"2 min\u00faty"},"schema":{"@context":"https:\/\/schema.org","@graph":[{"@type":"WebPage","@id":"https:\/\/antersystem.com\/sk\/novinky\/technical-conference-szczecin\/","url":"https:\/\/antersystem.com\/sk\/novinky\/technical-conference-szczecin\/","name":"Technick\u00e1 konferencia, \u0160tet\u00edn 18.04 - Anter System","isPartOf":{"@id":"https:\/\/antersystem.com\/sk\/#website"},"primaryImageOfPage":{"@id":"https:\/\/antersystem.com\/sk\/novinky\/technical-conference-szczecin\/#primaryimage"},"image":{"@id":"https:\/\/antersystem.com\/sk\/novinky\/technical-conference-szczecin\/#primaryimage"},"thumbnailUrl":"https:\/\/antersystem.com\/wp-content\/uploads\/18-KWIETNIA-ANTER-SYSTEM-partnerem-konferencji-technicznych-Axon-Media-1-1024x535.jpg","datePublished":"2024-03-25T15:20:11+00:00","dateModified":"2026-02-04T13:07:26+00:00","description":"Op\u00e4\u0165 sa stret\u00e1vame - v\u010faka spolo\u010dnosti Axon Media. Spolo\u010dnos\u0165 Axon Media, organiz\u00e1tor technick\u00fdch konferenci\u00ed, n\u00e1s u\u017e zvykla na mesa\u010dn\u00e9 stretnutia s","breadcrumb":{"@id":"https:\/\/antersystem.com\/sk\/novinky\/technical-conference-szczecin\/#breadcrumb"},"inLanguage":"sk-SK","potentialAction":[{"@type":"ReadAction","target":["https:\/\/antersystem.com\/sk\/novinky\/technical-conference-szczecin\/"]}]},{"@type":"ImageObject","inLanguage":"sk-SK","@id":"https:\/\/antersystem.com\/sk\/novinky\/technical-conference-szczecin\/#primaryimage","url":"https:\/\/antersystem.com\/wp-content\/uploads\/18-KWIETNIA-ANTER-SYSTEM-partnerem-konferencji-technicznych-Axon-Media-1-1024x535.jpg","contentUrl":"https:\/\/antersystem.com\/wp-content\/uploads\/18-KWIETNIA-ANTER-SYSTEM-partnerem-konferencji-technicznych-Axon-Media-1-1024x535.jpg"},{"@type":"BreadcrumbList","@id":"https:\/\/antersystem.com\/sk\/novinky\/technical-conference-szczecin\/#breadcrumb","itemListElement":[{"@type":"ListItem","position":1,"name":"AnterSystem","item":"https:\/\/antersystem.com\/sk\/"},{"@type":"ListItem","position":2,"name":"Novinky","item":"https:\/\/antersystem.com\/sk\/novinky\/"},{"@type":"ListItem","position":3,"name":"Technick\u00e1 konferencia, \u0160tet\u00edn 18.04"}]},{"@type":"WebSite","@id":"https:\/\/antersystem.com\/sk\/#website","url":"https:\/\/antersystem.com\/sk\/","name":"Anter System","description":"Jeste\u015bmy polskim producentem elastycznych barier ochronnych wykonywanych z polimerowych tworzyw sztucznych. Na rynku krajowym i zagranicznym dzia\u0142amy od ponad 15 lat dbaj\u0105c o zapewnienie bezpiecze\u0144stwa w zak\u0142adach produkcyjnych, magazynach oraz centrach logistycznych.","potentialAction":[{"@type":"SearchAction","target":{"@type":"EntryPoint","urlTemplate":"https:\/\/antersystem.com\/sk\/?s={search_term_string}"},"query-input":{"@type":"PropertyValueSpecification","valueRequired":true,"valueName":"search_term_string"}}],"inLanguage":"sk-SK"}]}},"_links":{"self":[{"href":"https:\/\/antersystem.com\/sk\/wp-json\/wp\/v2\/pages\/39709","targetHints":{"allow":["GET"]}}],"collection":[{"href":"https:\/\/antersystem.com\/sk\/wp-json\/wp\/v2\/pages"}],"about":[{"href":"https:\/\/antersystem.com\/sk\/wp-json\/wp\/v2\/types\/page"}],"author":[{"embeddable":true,"href":"https:\/\/antersystem.com\/sk\/wp-json\/wp\/v2\/users\/1"}],"replies":[{"embeddable":true,"href":"https:\/\/antersystem.com\/sk\/wp-json\/wp\/v2\/comments?post=39709"}],"version-history":[{"count":1,"href":"https:\/\/antersystem.com\/sk\/wp-json\/wp\/v2\/pages\/39709\/revisions"}],"predecessor-version":[{"id":39710,"href":"https:\/\/antersystem.com\/sk\/wp-json\/wp\/v2\/pages\/39709\/revisions\/39710"}],"up":[{"embeddable":true,"href":"https:\/\/antersystem.com\/sk\/wp-json\/wp\/v2\/pages\/30350"}],"wp:attachment":[{"href":"https:\/\/antersystem.com\/sk\/wp-json\/wp\/v2\/media?parent=39709"}],"curies":[{"name":"wp","href":"https:\/\/api.w.org\/{rel}","templated":true}]}}