{"id":39850,"date":"2025-11-10T12:16:50","date_gmt":"2025-11-10T11:16:50","guid":{"rendered":"https:\/\/antersystem.com\/novinky\/aa-2025-dusseldorf\/"},"modified":"2025-11-10T12:16:50","modified_gmt":"2025-11-10T11:16:50","slug":"aa-2025-dusseldorf","status":"publish","type":"page","link":"https:\/\/antersystem.com\/sk\/novinky\/aa-2025-dusseldorf\/","title":{"rendered":"A+A 2025 v D\u00fcsseldorfe"},"content":{"rendered":"<p>V novembri tohto roku mal n\u00e1\u0161 t\u00edm to pote\u0161enie z\u00fa\u010dastni\u0165 sa na medzin\u00e1rodnom ve\u013etrhu a kongrese A+A v D\u00fcsseldorfe &#8211; najv\u00e4\u010d\u0161om svetovom podujat\u00ed tejto kateg\u00f3rie zameranom na bezpe\u010dnos\u0165, zdravie a pohodu pri pr\u00e1ci. Tohtoro\u010dn\u00e9ho ve\u013etrhu sa z\u00fa\u010dastnilo \u00factyhodn\u00fdch 2 340 vystavovate\u013eov zo 70 kraj\u00edn a 67 000 n\u00e1v\u0161tevn\u00edkov zo 150 r\u00f4znych n\u00e1rodov, ktor\u00ed naplnili haly ve\u013ekou energiou a prenikav\u00fdmi n\u00e1padmi. <\/p>\n<p>Ve\u013etrh pon\u00fakol komplexn\u00fd poh\u013ead na najnov\u0161ie trendy a zlep\u0161enia v odvetv\u00ed &#8211; od najmodernej\u0161\u00edch ochrann\u00fdch prostriedkov a inteligentn\u00fdch technol\u00f3gi\u00ed a\u017e po rie\u0161enia zameran\u00e9 na udr\u017eate\u013enos\u0165. Podujatie poskytlo spolo\u010dnostiam a odborn\u00edkom platformu na prezent\u00e1ciu ich inov\u00e1ci\u00ed, diskusiu o nov\u00fdch v\u00fdzvach a tie\u017e v\u00fdmenu n\u00e1padov na zlep\u0161enie bezpe\u010dnosti a pohody na pracovisku na celom svete. <\/p>\n<p>Na tomto ve\u013etrhu sme boli prv\u00fdkr\u00e1t a bolo naozaj vzru\u0161uj\u00face vidie\u0165 tak\u00fa \u0161irok\u00fa \u0161k\u00e1lu inov\u00e1ci\u00ed a nov\u00fdch n\u00e1padov v tomto odvetv\u00ed. Sme v\u010fa\u010dn\u00ed za cenn\u00e9 rozhovory a kontakty, ktor\u00e9 sme po\u010das neho nadviazali. <\/p>\n<p>\u010eakujeme v\u0161etk\u00fdm, ktor\u00ed sa pri n\u00e1s zastavili a spojili sa s nami. Te\u0161\u00edme sa na \u010fal\u0161ie pr\u00edle\u017eitosti a na to, \u017ee sa k v\u00e1m v bud\u00facnosti vr\u00e1time. <\/p>\nngg_shortcode_0_placeholder\n","protected":false},"excerpt":{"rendered":"<p>V novembri tohto roku mal n\u00e1\u0161 t\u00edm to pote\u0161enie z\u00fa\u010dastni\u0165 sa na medzin\u00e1rodnom ve\u013etrhu a kongrese A+A v D\u00fcsseldorfe &#8211; najv\u00e4\u010d\u0161om svetovom podujat\u00ed tejto kateg\u00f3rie zameranom na bezpe\u010dnos\u0165, zdravie a pohodu pri pr\u00e1ci. Tohtoro\u010dn\u00e9ho ve\u013etrhu sa z\u00fa\u010dastnilo \u00factyhodn\u00fdch 2 340 vystavovate\u013eov zo 70 kraj\u00edn a 67 000 n\u00e1v\u0161tevn\u00edkov zo 150 r\u00f4znych n\u00e1rodov, ktor\u00ed naplnili haly [&hellip;]<\/p>\n","protected":false},"author":11,"featured_media":39815,"parent":30350,"menu_order":0,"comment_status":"closed","ping_status":"closed","template":"","meta":{"inline_featured_image":false,"ngg_post_thumbnail":0,"footnotes":""},"class_list":["post-39850","page","type-page","status-publish","has-post-thumbnail","hentry"],"acf":[],"yoast_head":"<!-- This site is optimized with the Yoast SEO plugin v27.0 - https:\/\/yoast.com\/product\/yoast-seo-wordpress\/ -->\n<title>A+A 2025 v D\u00fcsseldorfe - Anter System<\/title>\n<meta name=\"description\" content=\"V novembri tohto roku mal n\u00e1\u0161 t\u00edm to pote\u0161enie z\u00fa\u010dastni\u0165 sa na medzin\u00e1rodnom ve\u013etrhu a kongrese A+A v D\u00fcsseldorfe - najv\u00e4\u010d\u0161om svetovom podujat\u00ed tejto\" \/>\n<meta name=\"robots\" content=\"index, follow, max-snippet:-1, max-image-preview:large, max-video-preview:-1\" \/>\n<link rel=\"canonical\" href=\"https:\/\/antersystem.com\/sk\/novinky\/aa-2025-dusseldorf\/\" \/>\n<meta property=\"og:locale\" content=\"sk_SK\" \/>\n<meta property=\"og:type\" content=\"article\" \/>\n<meta property=\"og:title\" content=\"A+A 2025 v D\u00fcsseldorfe - Anter System\" \/>\n<meta property=\"og:description\" content=\"V novembri tohto roku mal n\u00e1\u0161 t\u00edm to pote\u0161enie z\u00fa\u010dastni\u0165 sa na medzin\u00e1rodnom ve\u013etrhu a kongrese A+A v D\u00fcsseldorfe - najv\u00e4\u010d\u0161om svetovom podujat\u00ed tejto\" \/>\n<meta property=\"og:url\" content=\"https:\/\/antersystem.com\/sk\/novinky\/aa-2025-dusseldorf\/\" \/>\n<meta property=\"og:site_name\" content=\"Anter System\" \/>\n<meta property=\"og:image\" content=\"https:\/\/antersystem.com\/wp-content\/uploads\/AplusA2025-01.webp\" \/>\n\t<meta property=\"og:image:width\" content=\"2001\" \/>\n\t<meta property=\"og:image:height\" content=\"1001\" \/>\n\t<meta property=\"og:image:type\" content=\"image\/webp\" \/>\n<meta name=\"twitter:card\" content=\"summary_large_image\" \/>\n<meta name=\"twitter:label1\" content=\"Predpokladan\u00fd \u010das \u010d\u00edtania\" \/>\n\t<meta name=\"twitter:data1\" content=\"1 min\u00fata\" \/>\n<script type=\"application\/ld+json\" class=\"yoast-schema-graph\">{\"@context\":\"https:\/\/schema.org\",\"@graph\":[{\"@type\":\"WebPage\",\"@id\":\"https:\/\/antersystem.com\/sk\/novinky\/aa-2025-dusseldorf\/\",\"url\":\"https:\/\/antersystem.com\/sk\/novinky\/aa-2025-dusseldorf\/\",\"name\":\"A+A 2025 v D\u00fcsseldorfe - Anter System\",\"isPartOf\":{\"@id\":\"https:\/\/antersystem.com\/sk\/#website\"},\"primaryImageOfPage\":{\"@id\":\"https:\/\/antersystem.com\/sk\/novinky\/aa-2025-dusseldorf\/#primaryimage\"},\"image\":{\"@id\":\"https:\/\/antersystem.com\/sk\/novinky\/aa-2025-dusseldorf\/#primaryimage\"},\"thumbnailUrl\":\"https:\/\/antersystem.com\/wp-content\/uploads\/AplusA2025-01.webp\",\"datePublished\":\"2025-11-10T11:16:50+00:00\",\"description\":\"V novembri tohto roku mal n\u00e1\u0161 t\u00edm to pote\u0161enie z\u00fa\u010dastni\u0165 sa na medzin\u00e1rodnom ve\u013etrhu a kongrese A+A v D\u00fcsseldorfe - najv\u00e4\u010d\u0161om svetovom podujat\u00ed tejto\",\"breadcrumb\":{\"@id\":\"https:\/\/antersystem.com\/sk\/novinky\/aa-2025-dusseldorf\/#breadcrumb\"},\"inLanguage\":\"sk-SK\",\"potentialAction\":[{\"@type\":\"ReadAction\",\"target\":[\"https:\/\/antersystem.com\/sk\/novinky\/aa-2025-dusseldorf\/\"]}]},{\"@type\":\"ImageObject\",\"inLanguage\":\"sk-SK\",\"@id\":\"https:\/\/antersystem.com\/sk\/novinky\/aa-2025-dusseldorf\/#primaryimage\",\"url\":\"https:\/\/antersystem.com\/wp-content\/uploads\/AplusA2025-01.webp\",\"contentUrl\":\"https:\/\/antersystem.com\/wp-content\/uploads\/AplusA2025-01.webp\",\"width\":2001,\"height\":1001},{\"@type\":\"BreadcrumbList\",\"@id\":\"https:\/\/antersystem.com\/sk\/novinky\/aa-2025-dusseldorf\/#breadcrumb\",\"itemListElement\":[{\"@type\":\"ListItem\",\"position\":1,\"name\":\"AnterSystem\",\"item\":\"https:\/\/antersystem.com\/sk\/\"},{\"@type\":\"ListItem\",\"position\":2,\"name\":\"Novinky\",\"item\":\"https:\/\/antersystem.com\/sk\/novinky\/\"},{\"@type\":\"ListItem\",\"position\":3,\"name\":\"A+A 2025 v D\u00fcsseldorfe\"}]},{\"@type\":\"WebSite\",\"@id\":\"https:\/\/antersystem.com\/sk\/#website\",\"url\":\"https:\/\/antersystem.com\/sk\/\",\"name\":\"Anter System\",\"description\":\"Jeste\u015bmy polskim producentem elastycznych barier ochronnych wykonywanych z polimerowych tworzyw sztucznych. Na rynku krajowym i zagranicznym dzia\u0142amy od ponad 15 lat dbaj\u0105c o zapewnienie bezpiecze\u0144stwa w zak\u0142adach produkcyjnych, magazynach oraz centrach logistycznych.\",\"potentialAction\":[{\"@type\":\"SearchAction\",\"target\":{\"@type\":\"EntryPoint\",\"urlTemplate\":\"https:\/\/antersystem.com\/sk\/?s={search_term_string}\"},\"query-input\":{\"@type\":\"PropertyValueSpecification\",\"valueRequired\":true,\"valueName\":\"search_term_string\"}}],\"inLanguage\":\"sk-SK\"}]}<\/script>\n<!-- \/ Yoast SEO plugin. -->","yoast_head_json":{"title":"A+A 2025 v D\u00fcsseldorfe - Anter System","description":"V novembri tohto roku mal n\u00e1\u0161 t\u00edm to pote\u0161enie z\u00fa\u010dastni\u0165 sa na medzin\u00e1rodnom ve\u013etrhu a kongrese A+A v D\u00fcsseldorfe - najv\u00e4\u010d\u0161om svetovom podujat\u00ed tejto","robots":{"index":"index","follow":"follow","max-snippet":"max-snippet:-1","max-image-preview":"max-image-preview:large","max-video-preview":"max-video-preview:-1"},"canonical":"https:\/\/antersystem.com\/sk\/novinky\/aa-2025-dusseldorf\/","og_locale":"sk_SK","og_type":"article","og_title":"A+A 2025 v D\u00fcsseldorfe - Anter System","og_description":"V novembri tohto roku mal n\u00e1\u0161 t\u00edm to pote\u0161enie z\u00fa\u010dastni\u0165 sa na medzin\u00e1rodnom ve\u013etrhu a kongrese A+A v D\u00fcsseldorfe - najv\u00e4\u010d\u0161om svetovom podujat\u00ed tejto","og_url":"https:\/\/antersystem.com\/sk\/novinky\/aa-2025-dusseldorf\/","og_site_name":"Anter System","og_image":[{"width":2001,"height":1001,"url":"https:\/\/antersystem.com\/wp-content\/uploads\/AplusA2025-01.webp","type":"image\/webp"}],"twitter_card":"summary_large_image","twitter_misc":{"Predpokladan\u00fd \u010das \u010d\u00edtania":"1 min\u00fata"},"schema":{"@context":"https:\/\/schema.org","@graph":[{"@type":"WebPage","@id":"https:\/\/antersystem.com\/sk\/novinky\/aa-2025-dusseldorf\/","url":"https:\/\/antersystem.com\/sk\/novinky\/aa-2025-dusseldorf\/","name":"A+A 2025 v D\u00fcsseldorfe - Anter System","isPartOf":{"@id":"https:\/\/antersystem.com\/sk\/#website"},"primaryImageOfPage":{"@id":"https:\/\/antersystem.com\/sk\/novinky\/aa-2025-dusseldorf\/#primaryimage"},"image":{"@id":"https:\/\/antersystem.com\/sk\/novinky\/aa-2025-dusseldorf\/#primaryimage"},"thumbnailUrl":"https:\/\/antersystem.com\/wp-content\/uploads\/AplusA2025-01.webp","datePublished":"2025-11-10T11:16:50+00:00","description":"V novembri tohto roku mal n\u00e1\u0161 t\u00edm to pote\u0161enie z\u00fa\u010dastni\u0165 sa na medzin\u00e1rodnom ve\u013etrhu a kongrese A+A v D\u00fcsseldorfe - najv\u00e4\u010d\u0161om svetovom podujat\u00ed tejto","breadcrumb":{"@id":"https:\/\/antersystem.com\/sk\/novinky\/aa-2025-dusseldorf\/#breadcrumb"},"inLanguage":"sk-SK","potentialAction":[{"@type":"ReadAction","target":["https:\/\/antersystem.com\/sk\/novinky\/aa-2025-dusseldorf\/"]}]},{"@type":"ImageObject","inLanguage":"sk-SK","@id":"https:\/\/antersystem.com\/sk\/novinky\/aa-2025-dusseldorf\/#primaryimage","url":"https:\/\/antersystem.com\/wp-content\/uploads\/AplusA2025-01.webp","contentUrl":"https:\/\/antersystem.com\/wp-content\/uploads\/AplusA2025-01.webp","width":2001,"height":1001},{"@type":"BreadcrumbList","@id":"https:\/\/antersystem.com\/sk\/novinky\/aa-2025-dusseldorf\/#breadcrumb","itemListElement":[{"@type":"ListItem","position":1,"name":"AnterSystem","item":"https:\/\/antersystem.com\/sk\/"},{"@type":"ListItem","position":2,"name":"Novinky","item":"https:\/\/antersystem.com\/sk\/novinky\/"},{"@type":"ListItem","position":3,"name":"A+A 2025 v D\u00fcsseldorfe"}]},{"@type":"WebSite","@id":"https:\/\/antersystem.com\/sk\/#website","url":"https:\/\/antersystem.com\/sk\/","name":"Anter System","description":"Jeste\u015bmy polskim producentem elastycznych barier ochronnych wykonywanych z polimerowych tworzyw sztucznych. Na rynku krajowym i zagranicznym dzia\u0142amy od ponad 15 lat dbaj\u0105c o zapewnienie bezpiecze\u0144stwa w zak\u0142adach produkcyjnych, magazynach oraz centrach logistycznych.","potentialAction":[{"@type":"SearchAction","target":{"@type":"EntryPoint","urlTemplate":"https:\/\/antersystem.com\/sk\/?s={search_term_string}"},"query-input":{"@type":"PropertyValueSpecification","valueRequired":true,"valueName":"search_term_string"}}],"inLanguage":"sk-SK"}]}},"_links":{"self":[{"href":"https:\/\/antersystem.com\/sk\/wp-json\/wp\/v2\/pages\/39850","targetHints":{"allow":["GET"]}}],"collection":[{"href":"https:\/\/antersystem.com\/sk\/wp-json\/wp\/v2\/pages"}],"about":[{"href":"https:\/\/antersystem.com\/sk\/wp-json\/wp\/v2\/types\/page"}],"author":[{"embeddable":true,"href":"https:\/\/antersystem.com\/sk\/wp-json\/wp\/v2\/users\/11"}],"replies":[{"embeddable":true,"href":"https:\/\/antersystem.com\/sk\/wp-json\/wp\/v2\/comments?post=39850"}],"version-history":[{"count":0,"href":"https:\/\/antersystem.com\/sk\/wp-json\/wp\/v2\/pages\/39850\/revisions"}],"up":[{"embeddable":true,"href":"https:\/\/antersystem.com\/sk\/wp-json\/wp\/v2\/pages\/30350"}],"wp:featuredmedia":[{"embeddable":true,"href":"https:\/\/antersystem.com\/sk\/wp-json\/wp\/v2\/media\/39815"}],"wp:attachment":[{"href":"https:\/\/antersystem.com\/sk\/wp-json\/wp\/v2\/media?parent=39850"}],"curies":[{"name":"wp","href":"https:\/\/api.w.org\/{rel}","templated":true}]}}