{"id":40066,"date":"2026-02-12T13:00:38","date_gmt":"2026-02-12T12:00:38","guid":{"rendered":"https:\/\/antersystem.com\/case-studies\/hygiene-focused-safety-in-food-production\/"},"modified":"2026-02-12T13:05:58","modified_gmt":"2026-02-12T12:05:58","slug":"hygiene-focused-safety-in-food-production","status":"publish","type":"page","link":"https:\/\/antersystem.com\/sk\/case-studies\/hygiene-focused-safety-in-food-production\/","title":{"rendered":"Hygienick\u00e1 bezpe\u010dnos\u0165 vo v\u00fdrobe potrav\u00edn"},"content":{"rendered":"\n<h2 class=\"wp-block-heading\">Zodpovedn\u00fd pr\u00edstup k bezpe\u010dnosti a hygiene v potravin\u00e1rskom podniku<\/h2>\n\n<div class=\"wp-block-media-text has-media-on-the-right is-stacked-on-mobile is-image-fill-element\" style=\"grid-template-columns:auto 35%\"><div class=\"wp-block-media-text__content\">\n<h3 class=\"wp-block-heading\">Spolo\u010dn\u00e9 poslanie: bezpe\u010dnos\u0165 a inov\u00e1cie<\/h3>\n\n\n\n<p>Klientom je eur\u00f3psky v\u00fdrobca p\u00f4sobiaci v oblasti lie\u010debnej v\u00fd\u017eivy a v\u00fdroby doj\u010denskej stravy. Jeho poslanie je zameran\u00e9 na poskytovanie najvy\u0161\u0161ej kvality v\u00fd\u017eivy pre \u013eud\u00ed v najzranite\u013enej\u0161\u00edch momentoch \u017eivota. Tak\u00e9to zodpovedn\u00e9 vyhl\u00e1senie mus\u00ed \u00eds\u0165 ruka v ruke s <strong>najvy\u0161\u0161\u00edmi \u0161tandardmi bezpe\u010dnosti a hygieny vo<\/strong> v\u00fdrobnom procese.  <\/p>\n\n\n\n<p>Spolo\u010dnos\u0165 Anter System ako v\u00fdrobca modern\u00fdch bezpe\u010dnostn\u00fdch rie\u0161en\u00ed dokonale sp\u013a\u0148a tieto potreby t\u00fdm, \u017ee pon\u00faka syst\u00e9my, ktor\u00e9 podporuj\u00fa toto poslanie prostredn\u00edctvom skuto\u010dn\u00e9ho <strong>zlep\u0161enia bezpe\u010dnosti a \u010distoty vo<\/strong> v\u00fdrobnom <strong>prostred\u00ed<\/strong>.<\/p>\n\n\n\n<h3 class=\"wp-block-heading\">Dlhodob\u00e1 spolupr\u00e1ca<\/h3>\n\n\n\n<p>Spolo\u010dnos\u0165 Anter System u\u017e viac ako 10 rokov spolupracuje s v\u00fdrobn\u00fdmi zariadeniami p\u00f4sobiacimi v r\u00e1mci tejto priemyselnej organiz\u00e1cie a postupne dod\u00e1va in\u0161tal\u00e1cie flexibiln\u00fdch bezpe\u010dnostn\u00fdch syst\u00e9mov. Po\u010das tohto obdobia bolo dokon\u010den\u00fdch viac ako 20 projektov, z ktor\u00fdch ka\u017ed\u00fd bol prisp\u00f4soben\u00fd <strong>individu\u00e1lnym po\u017eiadavk\u00e1m a vysok\u00fdm prev\u00e1dzkov\u00fdm \u0161tandardom.<\/strong> <\/p>\n\n\n\n<p><strong>Prv\u00e9 bari\u00e9ry nain\u0161talovan\u00e9 na za\u010diatku tejto dlhodobej spolupr\u00e1ce sa dodnes pou\u017e\u00edvaj\u00fa vo<\/strong> v\u00fdrobn\u00fdch zariadeniach &#8211; bez potreby v\u00fdmeny alebo rekon\u0161trukcie. Je to jasn\u00fd d\u00f4kaz <strong>trvanlivosti a kvality<\/strong> pou\u017eit\u00fdch rie\u0161en\u00ed, \u010do sa priamo premieta do dlhodobej d\u00f4very. <\/p>\n<\/div><figure class=\"wp-block-media-text__media\"><img loading=\"lazy\" decoding=\"async\" width=\"801\" height=\"1001\" src=\"https:\/\/antersystem.com\/wp-content\/uploads\/case-study-hygiene-12.webp\" alt=\"\" class=\"wp-image-39969 size-full\" style=\"object-position:50% 50%\" srcset=\"https:\/\/antersystem.com\/wp-content\/uploads\/case-study-hygiene-12.webp 801w, https:\/\/antersystem.com\/wp-content\/uploads\/case-study-hygiene-12-240x300.webp 240w, https:\/\/antersystem.com\/wp-content\/uploads\/case-study-hygiene-12-768x960.webp 768w, https:\/\/antersystem.com\/wp-content\/uploads\/case-study-hygiene-12-450x562.webp 450w, https:\/\/antersystem.com\/wp-content\/uploads\/case-study-hygiene-12-330x412.webp 330w\" sizes=\"auto, (max-width: 801px) 100vw, 801px\" \/><\/figure><\/div>\n\n<div style=\"height:20px\" aria-hidden=\"true\" class=\"wp-block-spacer\"><\/div>\n\n<div class=\"wp-block-media-text is-stacked-on-mobile\" style=\"grid-template-columns:35% auto\"><figure class=\"wp-block-media-text__media\"><img loading=\"lazy\" decoding=\"async\" width=\"801\" height=\"1001\" src=\"https:\/\/antersystem.com\/wp-content\/uploads\/case-study-hygiene-13.webp\" alt=\"\" class=\"wp-image-39984 size-full\" srcset=\"https:\/\/antersystem.com\/wp-content\/uploads\/case-study-hygiene-13.webp 801w, https:\/\/antersystem.com\/wp-content\/uploads\/case-study-hygiene-13-240x300.webp 240w, https:\/\/antersystem.com\/wp-content\/uploads\/case-study-hygiene-13-768x960.webp 768w, https:\/\/antersystem.com\/wp-content\/uploads\/case-study-hygiene-13-450x562.webp 450w, https:\/\/antersystem.com\/wp-content\/uploads\/case-study-hygiene-13-330x412.webp 330w\" sizes=\"auto, (max-width: 801px) 100vw, 801px\" \/><\/figure><div class=\"wp-block-media-text__content\">\n<h3 class=\"wp-block-heading\">Hygiena pod kontrolou &#8211; bezpe\u010dnos\u0165 bez kompromisov<\/h3>\n\n\n\n<p>V\u00fdroba potrav\u00edn, najm\u00e4 pre <strong>doj\u010dat\u00e1 a osoby so \u0161pecifick\u00fdmi zdravotn\u00fdmi potrebami, si vy\u017eaduje<\/strong><br\/><strong>absol\u00fatne najvy\u0161\u0161ie \u0161tandardy \u010distoty.<\/strong> V tak\u00fdchto zariadeniach nie je <strong>priestor na kompromisy<\/strong><br\/>&#8211; ka\u017ed\u00fd prvok zariadenia mus\u00ed podporova\u0165 bezpe\u010dnos\u0165 <strong>a sp\u013a\u0148a\u0165 pr\u00edsne hygienick\u00e9<\/strong> po\u017eiadavky. <\/p>\n\n\n\n<p>Be\u017en\u00fdm rie\u0161en\u00edm v mnoh\u00fdch priemyseln\u00fdch z\u00e1vodoch s\u00fa oce\u013eov\u00e9 bezpe\u010dnostn\u00e9 z\u00e1brany. V priestoroch so zv\u00fd\u0161en\u00fdmi hygienick\u00fdmi normami v\u0161ak ich pou\u017e\u00edvanie predstavuje viacero riz\u00edk vr\u00e1tane odlamovania farby, n\u00e1chylnosti na kor\u00f3ziu a potreby pravidelnej \u00fadr\u017eby. Na druhej strane z\u00e1brany z nehrdzavej\u00facej ocele s\u00fa n\u00e1kladnou mo\u017enos\u0165ou a v pr\u00edpade po\u0161kodenia n\u00e1razom si \u010dasto vy\u017eaduj\u00fa kompletn\u00fa v\u00fdmenu, \u010do vytv\u00e1ra dodato\u010dn\u00e9 n\u00e1klady a zvy\u0161uje riziko v\u00fdpadku v\u00fdroby. V prostred\u00ed, kde <strong>s\u00fa hygiena a spo\u013eahlivos\u0165<\/strong> rovnako d\u00f4le\u017eit\u00e9 ako odolnos\u0165, sa tak\u00e1to strat\u00e9gia ochrany ukazuje ako nedostato\u010dn\u00e1.   <\/p>\n\n\n\n<p>Z tohto d\u00f4vodu sa z\u00e1kazn\u00edk rozhodol implementova\u0165 flexibiln\u00e9 bezpe\u010dnostn\u00e9 z\u00e1brany Anter System. Tieto rie\u0161enia boli navrhnut\u00e9 \u0161peci\u00e1lne pre prostredie s <strong>mimoriadne vysok\u00fdmi po\u017eiadavkami.<\/strong> Materi\u00e1ly pou\u017eit\u00e9 na v\u00fdrobu z\u00e1bran:  <\/p>\n\n\n\n<ul class=\"wp-block-list\">\n<li>s\u00fa odoln\u00e9 vo\u010di kor\u00f3zii,<\/li>\n\n\n\n<li>ne\u0161tiepia sa ani nel\u00fapaj\u00fa,<\/li>\n\n\n\n<li>s\u00fa farebne rozl\u00ed\u0161en\u00e9 v celom materi\u00e1li, \u010d\u00edm sa zachov\u00e1va ich estetika,<\/li>\n\n\n\n<li>sp\u013a\u0148a pr\u00edsne normy HACCP a FDA,<\/li>\n\n\n\n<li>sa \u013eahko udr\u017eiavaj\u00fa v \u010distote,<\/li>\n\n\n\n<li>s\u00fa k dispoz\u00edcii vo verzi\u00e1ch s vn\u00fatorn\u00fdm upevnen\u00edm, ktor\u00e9 obmedzuje tvorbu priehlb\u00edn, v ktor\u00fdch by sa mohli hromadi\u0165 ne\u010distoty, a eliminuje riziko kor\u00f3zie mont\u00e1\u017enych prvkov.<\/li>\n<\/ul>\n\n\n\n<p>V\u00fdberom flexibiln\u00fdch bezpe\u010dnostn\u00fdch bari\u00e9r mohol klient zabezpe\u010di\u0165 <strong>najvy\u0161\u0161iu \u00farove\u0148 bezpe\u010dnosti &#8211;<\/strong> pre zamestnancov <strong>aj<\/strong> pre v\u00fdrobok. Toto rozhodnutie potvrdzuje siln\u00fd z\u00e1v\u00e4zok udr\u017eiava\u0165 <strong>svetov\u00e9 \u0161tandardy v<\/strong> ka\u017edej oblasti v\u00fdrobn\u00e9ho z\u00e1vodu. <\/p>\n<\/div><\/div>\n\n<h3 class=\"wp-block-heading\">Chr\u00e1nen\u00e9 podlahy &#8211; ke\u010f sa bezpe\u010dnos\u0165 za\u010d\u00edna od z\u00e1kladov<\/h3>\n\n<p>Vo v\u00fdrobnom z\u00e1vode sa pou\u017e\u00edvaj\u00fa podlahy zo \u0161pecializovanej \u017eivice s antistatick\u00fdmi vlastnos\u0165ami, ktor\u00e9 s\u00fa nevyhnutn\u00e9 na zachovanie <strong>sterility a bezpe\u010dnosti prev\u00e1dzky.<\/strong> Tak\u00e1to podlaha predstavuje v\u00fdznamn\u00fa invest\u00edciu a ak\u00e9ko\u013evek po\u0161kodenie by malo za n\u00e1sledok nielen vysok\u00e9 n\u00e1klady na opravu, ale aj potenci\u00e1lne prestoje vo v\u00fdrobe. <\/p>\n\n<p>Flexibiln\u00e9 bezpe\u010dnostn\u00e9 z\u00e1brany od spolo\u010dnosti Anter System nielen chr\u00e1nia \u013eud\u00ed a stroje, ale aj v\u00fdrazne zni\u017euj\u00fa riziko <strong>po\u0161kodenia podlahy:<\/strong><\/p>\n\n<ul class=\"wp-block-list\">\n<li>pri n\u00e1raze sa deformuj\u00fa a vr\u00e1tia sa do p\u00f4vodn\u00e9ho tvaru,<\/li>\n\n\n\n<li>minimalizuj\u00fa silu pren\u00e1\u0161an\u00fa n\u00e1razom na kotvy a upev\u0148ovacie prvky,<\/li>\n\n\n\n<li>vy\u017eaduj\u00fa a\u017e o 50 % menej upev\u0148ovac\u00edch prvkov ako oce\u013eov\u00e9 alternat\u00edvy, \u010d\u00edm sa v\u00fdrazne zni\u017euje z\u00e1sah do kon\u0161trukcie podlahy.<\/li>\n<\/ul>\n\n<p>V\u010faka t\u00fdmto vlastnostiam invest\u00edcia do flexibiln\u00fdch bezpe\u010dnostn\u00fdch bari\u00e9r \u00fa\u010dinne chr\u00e1ni podlahu, obmedzuje <strong>riziko v\u00fdpadku v\u00fdroby a zabezpe\u010duje kontinuitu prev\u00e1dzky aj v t\u00fdch najn\u00e1ro\u010dnej\u0161\u00edch<\/strong> podmienkach.<\/p>\n\n<div class=\"wp-block-media-text is-stacked-on-mobile\" style=\"grid-template-columns:35% auto\"><figure class=\"wp-block-media-text__media\"><img loading=\"lazy\" decoding=\"async\" width=\"801\" height=\"1001\" src=\"https:\/\/antersystem.com\/wp-content\/uploads\/case-study-hygiene-11.webp\" alt=\"\" class=\"wp-image-39999 size-full\" srcset=\"https:\/\/antersystem.com\/wp-content\/uploads\/case-study-hygiene-11.webp 801w, https:\/\/antersystem.com\/wp-content\/uploads\/case-study-hygiene-11-240x300.webp 240w, https:\/\/antersystem.com\/wp-content\/uploads\/case-study-hygiene-11-768x960.webp 768w, https:\/\/antersystem.com\/wp-content\/uploads\/case-study-hygiene-11-450x562.webp 450w, https:\/\/antersystem.com\/wp-content\/uploads\/case-study-hygiene-11-330x412.webp 330w\" sizes=\"auto, (max-width: 801px) 100vw, 801px\" \/><\/figure><div class=\"wp-block-media-text__content\">\n<h3 class=\"wp-block-heading\">Komfort obsluhy = menej neh\u00f4d<\/h3>\n\n\n\n<p>Z\u00e1brany s\u00fa navrhnut\u00e9 nielen <strong>s oh\u013eadom na<\/strong> odolnos\u0165, ale aj na <strong>ergon\u00f3miu a vidite\u013enos\u0165<\/strong>. <strong>Jasn\u00e1 \u017elt\u00e1 farba prvkov<\/strong> Anter System v\u00fdrazne zlep\u0161uje vidite\u013enos\u0165 pre obsluhu vysokozdvi\u017en\u00fdch voz\u00edkov a zni\u017euje riziko kol\u00edzi\u00ed v porovnan\u00ed s pozinkovan\u00fdmi oce\u013eov\u00fdmi z\u00e1branami s n\u00edzkym vizu\u00e1lnym kontrastom. <\/p>\n\n\n\n<p>Okrem toho z\u00e1brany nemaj\u00fa \u017eiadne <strong>ostr\u00e9 hrany, \u010do je<\/strong> d\u00f4le\u017eit\u00fd <strong>faktor<\/strong> pri ochrane tovaru prepravovan\u00e9ho na vysokozdvi\u017en\u00fdch voz\u00edkoch, napr\u00edklad pr\u00e1\u0161kovej doj\u010denskej v\u00fd\u017eivy, a predov\u0161etk\u00fdm pri ochrane zdravia zamestnancov.<\/p>\n\n\n\n<h3 class=\"wp-block-heading\">Inteligentn\u00fd pr\u00edstup k organiz\u00e1cii priestoru<\/h3>\n\n\n\n<p><strong>\u00dazke chodby a obmedzen\u00fd pracovn\u00fd priestor s\u00fa<\/strong> be\u017en\u00fdmi v\u00fdzvami vo v\u00fdrobn\u00fdch prev\u00e1dzkach. V tomto pr\u00edpade <strong>bol potrebn\u00fd flexibiln\u00fd pr\u00edstup k z\u00f3novaniu<\/strong> pri zachovan\u00ed plynul\u00fdch procesov a vysokej <strong>\u00farovne bezpe\u010dnosti.<\/strong> <\/p>\n\n\n\n<p><strong>Modul\u00e1rna kon\u0161trukcia na\u0161ich bari\u00e9r<\/strong> umo\u017e\u0148uje prisp\u00f4sobenie usporiadania geometrii haly, r\u00fdchle zmeny po\u010das reorganiz\u00e1cie v\u00fdroby a optimaliz\u00e1ciu dopravn\u00fdch tr\u00e1s pre chodcov a vozidl\u00e1. technick\u00ed poradcovia podporili projekt nielen v\u00fdrobkami, ale aj know-how t\u00fdkaj\u00facim <strong>sa pl\u00e1novania dopravn\u00fdch tokov a optim\u00e1lneho umiestnenia<\/strong> priechodov pre chodcov &#8211; \u010d\u00edm sa zabezpe\u010dila efekt\u00edvnos\u0165 a <strong>maxim\u00e1lna<\/strong> <strong>bezpe\u010dnos\u0165<\/strong> ka\u017edodennej prev\u00e1dzky <strong>.<\/strong> <\/p>\n\n\n\n<h3 class=\"wp-block-heading\">S oh\u013eadom na kl\u00edmu<\/h3>\n\n\n\n<p>Klient realizuje <strong>dlhodob\u00fa strat\u00e9giu zameran\u00fa<\/strong> na zn\u00ed\u017eenie <strong>emisi\u00ed sklen\u00edkov\u00fdch plynov a<\/strong> dosiahnutie <strong>cie\u013eov Net Zero.<\/strong> V\u00fdber <strong>flexibiln\u00fdch bezpe\u010dnostn\u00fdch bari\u00e9r<\/strong> tento pr\u00edstup <strong>podporuje<\/strong>. Pru\u017en\u00e9 z\u00e1brany vytv\u00e1raj\u00fa <strong>a\u017e p\u00e4\u0165kr\u00e1t ni\u017e\u0161iu uhl\u00edkov\u00fa stopu ako<\/strong> oce\u013eov\u00e9 z\u00e1brany.  <\/p>\n<\/div><\/div>\n\n<h3 class=\"wp-block-heading\">Pou\u017eit\u00e9 produkty<\/h3>\n\n<p>V r\u00e1mci projektu boli dodan\u00e9 a nain\u0161talovan\u00e9 tieto rie\u0161enia:<\/p>\n\n<p><strong><a href=\"https:\/\/antersystem.com\/sk\/produkty\/traffic-r3-gb-barrier\/\" target=\"_blank\" rel=\"noopener\">Traffic R3 GB flexibiln\u00e9 bari\u00e9ry<\/a> <\/strong>&#8211; na vytv\u00e1ranie dopravn\u00fdch tr\u00e1s a ochranu chodcov aj strojov, s ni\u017e\u0161\u00edm profilom GB, ktor\u00fd zabra\u0148uje vjazdu vidl\u00edc vysokozdvi\u017en\u00fdch voz\u00edkov pod z\u00e1branu.<\/p>\n\n<p><strong><a href=\"https:\/\/antersystem.com\/sk\/produkty\/sga-safety-gate-stop\/\" target=\"_blank\" rel=\"noopener\">Bezpe\u010dnostn\u00e9 br\u00e1ny SGA<\/a><\/strong> s piktogramami, jednosmern\u00e9 otv\u00e1ranie &#8211; fyzick\u00e1 bari\u00e9ra chr\u00e1niaca chodcov pred n\u00e1hodn\u00fdm vstupom na dopravn\u00e9 trasy vysokozdvi\u017en\u00fdch voz\u00edkov.<\/p>\n\n<p><strong><a href=\"https:\/\/antersystem.com\/sk\/produkty\/pa-safety-bollard\/\" target=\"_blank\" rel=\"noopener\">Bezpe\u010dnostn\u00e9 st\u013apiky PA<\/a> <\/strong>&#8211; in\u0161talovan\u00e9 pri vstupn\u00fdch br\u00e1nach, pru\u017en\u00e9 a odoln\u00e9 vo\u010di opakovan\u00fdm n\u00e1razom, chr\u00e1niace kon\u0161truk\u010dn\u00e9 prvky v oblastiach s najvy\u0161\u0161\u00edm po\u010dtom man\u00e9vrov.<\/p>\n\n<p><strong><a href=\"https:\/\/antersystem.com\/sk\/produkty\/slide-gate-r3\/\" target=\"_blank\" rel=\"noopener\">Posuvn\u00e9 bezpe\u010dnostn\u00e9 br\u00e1ny SLIDE GATE R3<\/a><\/strong> &#8211; umo\u017e\u0148uj\u00fa pohyb materi\u00e1lu medzi dopravn\u00fdmi trasami a flexibiln\u00e9 riadenie priestoru.<\/p>\n\n<h3 class=\"wp-block-heading\">V\u00fdsledok? Bezpe\u010dnej\u0161ie ka\u017edodenn\u00e9 oper\u00e1cie a silnej\u0161ia v\u00fdhoda <\/h3>\n\n<p>Implement\u00e1cia flexibiln\u00fdch bezpe\u010dnostn\u00fdch bari\u00e9r Anter System v tomto v\u00fdrobnom z\u00e1vode \u010faleko presahuje \u0161tandardn\u00fa ochranu priestoru. Od sam\u00e9ho za\u010diatku n\u00e1vrhu zariadenia bolo cie\u013eom zabezpe\u010di\u0165 <strong>najvy\u0161\u0161ie \u0161tandardy bezpe\u010dnosti, hygieny a efekt\u00edvnosti.<\/strong> Tento pr\u00edstup prin\u00e1\u0161a skuto\u010dn\u00fa konkuren\u010dn\u00fa v\u00fdhodu &#8211; preto\u017ee bezpe\u010dnos\u0165 by sa nemala pova\u017eova\u0165 za doplnok, ale za z\u00e1klad prev\u00e1dzky.  <\/p>\n\n<h3 class=\"wp-block-heading\">Zhrnutie<\/h3>\n\n<p>V spolo\u010dnosti Anter System ver\u00edme, \u017ee skuto\u010dn\u00e9 <strong>inov\u00e1cie rie\u0161ia skuto\u010dn\u00e9 probl\u00e9my a prin\u00e1\u0161aj\u00fa dlhodob\u00fa hodnotu.<\/strong> Spolupr\u00e1ca s n\u00e1ro\u010dn\u00fdmi v\u00fdrobcami z oblasti potrav\u00edn a lek\u00e1rskej v\u00fd\u017eivy n\u00e1m umo\u017e\u0148uje vytv\u00e1ra\u0165 trval\u00e9 rie\u0161enia, ktor\u00e9 skuto\u010dne zvy\u0161uj\u00fa bezpe\u010dnos\u0165, podporuj\u00fa udr\u017eate\u013en\u00fd rozvoj a zvy\u0161uj\u00fa \u0161tandardy v cel\u00fdch odvetviach. <\/p>\n\nngg_shortcode_0_placeholder\n","protected":false},"excerpt":{"rendered":"<p>Zodpovedn\u00fd pr\u00edstup k bezpe\u010dnosti a hygiene v potravin\u00e1rskom podniku Spolo\u010dn\u00e9 poslanie: bezpe\u010dnos\u0165 a inov\u00e1cie Klientom je eur\u00f3psky v\u00fdrobca p\u00f4sobiaci v oblasti lie\u010debnej v\u00fd\u017eivy a v\u00fdroby doj\u010denskej stravy. Jeho poslanie je zameran\u00e9 na poskytovanie najvy\u0161\u0161ej kvality v\u00fd\u017eivy pre \u013eud\u00ed v najzranite\u013enej\u0161\u00edch momentoch \u017eivota. Tak\u00e9to zodpovedn\u00e9 vyhl\u00e1senie mus\u00ed \u00eds\u0165 ruka v ruke s najvy\u0161\u0161\u00edmi \u0161tandardmi bezpe\u010dnosti a [&hellip;]<\/p>\n","protected":false},"author":11,"featured_media":40042,"parent":12713,"menu_order":0,"comment_status":"closed","ping_status":"closed","template":"","meta":{"inline_featured_image":false,"ngg_post_thumbnail":0,"footnotes":""},"class_list":["post-40066","page","type-page","status-publish","has-post-thumbnail","hentry"],"acf":[],"yoast_head":"<!-- This site is optimized with the Yoast SEO plugin v27.0 - https:\/\/yoast.com\/product\/yoast-seo-wordpress\/ -->\n<title>Hygienick\u00e1 bezpe\u010dnos\u0165 vo v\u00fdrobe potrav\u00edn - Anter System<\/title>\n<meta name=\"description\" content=\"Zodpovedn\u00fd pr\u00edstup k bezpe\u010dnosti a hygiene v potravin\u00e1rskom podniku Spolo\u010dn\u00e9 poslanie: bezpe\u010dnos\u0165 a inov\u00e1cie Klientom je eur\u00f3psky v\u00fdrobca p\u00f4sobiaci v\" \/>\n<meta name=\"robots\" content=\"index, follow, max-snippet:-1, max-image-preview:large, max-video-preview:-1\" \/>\n<link rel=\"canonical\" href=\"https:\/\/antersystem.com\/sk\/case-studies\/hygiene-focused-safety-in-food-production\/\" \/>\n<meta property=\"og:locale\" content=\"sk_SK\" \/>\n<meta property=\"og:type\" content=\"article\" \/>\n<meta property=\"og:title\" content=\"Hygienick\u00e1 bezpe\u010dnos\u0165 vo v\u00fdrobe potrav\u00edn - Anter System\" \/>\n<meta property=\"og:description\" content=\"Zodpovedn\u00fd pr\u00edstup k bezpe\u010dnosti a hygiene v potravin\u00e1rskom podniku Spolo\u010dn\u00e9 poslanie: bezpe\u010dnos\u0165 a inov\u00e1cie Klientom je eur\u00f3psky v\u00fdrobca p\u00f4sobiaci v\" \/>\n<meta property=\"og:url\" content=\"https:\/\/antersystem.com\/sk\/case-studies\/hygiene-focused-safety-in-food-production\/\" \/>\n<meta property=\"og:site_name\" content=\"Anter System\" \/>\n<meta property=\"article:modified_time\" content=\"2026-02-12T12:05:58+00:00\" \/>\n<meta property=\"og:image\" content=\"https:\/\/antersystem.com\/wp-content\/uploads\/case-study-hygiene-cover.webp\" \/>\n\t<meta property=\"og:image:width\" content=\"1921\" \/>\n\t<meta property=\"og:image:height\" content=\"1081\" \/>\n\t<meta property=\"og:image:type\" content=\"image\/webp\" \/>\n<meta name=\"twitter:card\" content=\"summary_large_image\" \/>\n<meta name=\"twitter:label1\" content=\"Predpokladan\u00fd \u010das \u010d\u00edtania\" \/>\n\t<meta name=\"twitter:data1\" content=\"7 min\u00fat\" \/>\n<script type=\"application\/ld+json\" class=\"yoast-schema-graph\">{\"@context\":\"https:\/\/schema.org\",\"@graph\":[{\"@type\":\"WebPage\",\"@id\":\"https:\/\/antersystem.com\/sk\/case-studies\/hygiene-focused-safety-in-food-production\/\",\"url\":\"https:\/\/antersystem.com\/sk\/case-studies\/hygiene-focused-safety-in-food-production\/\",\"name\":\"Hygienick\u00e1 bezpe\u010dnos\u0165 vo v\u00fdrobe potrav\u00edn - Anter System\",\"isPartOf\":{\"@id\":\"https:\/\/antersystem.com\/sk\/#website\"},\"primaryImageOfPage\":{\"@id\":\"https:\/\/antersystem.com\/sk\/case-studies\/hygiene-focused-safety-in-food-production\/#primaryimage\"},\"image\":{\"@id\":\"https:\/\/antersystem.com\/sk\/case-studies\/hygiene-focused-safety-in-food-production\/#primaryimage\"},\"thumbnailUrl\":\"https:\/\/antersystem.com\/wp-content\/uploads\/case-study-hygiene-cover.webp\",\"datePublished\":\"2026-02-12T12:00:38+00:00\",\"dateModified\":\"2026-02-12T12:05:58+00:00\",\"description\":\"Zodpovedn\u00fd pr\u00edstup k bezpe\u010dnosti a hygiene v potravin\u00e1rskom podniku Spolo\u010dn\u00e9 poslanie: bezpe\u010dnos\u0165 a inov\u00e1cie Klientom je eur\u00f3psky v\u00fdrobca p\u00f4sobiaci v\",\"breadcrumb\":{\"@id\":\"https:\/\/antersystem.com\/sk\/case-studies\/hygiene-focused-safety-in-food-production\/#breadcrumb\"},\"inLanguage\":\"sk-SK\",\"potentialAction\":[{\"@type\":\"ReadAction\",\"target\":[\"https:\/\/antersystem.com\/sk\/case-studies\/hygiene-focused-safety-in-food-production\/\"]}]},{\"@type\":\"ImageObject\",\"inLanguage\":\"sk-SK\",\"@id\":\"https:\/\/antersystem.com\/sk\/case-studies\/hygiene-focused-safety-in-food-production\/#primaryimage\",\"url\":\"https:\/\/antersystem.com\/wp-content\/uploads\/case-study-hygiene-cover.webp\",\"contentUrl\":\"https:\/\/antersystem.com\/wp-content\/uploads\/case-study-hygiene-cover.webp\",\"width\":1921,\"height\":1081},{\"@type\":\"BreadcrumbList\",\"@id\":\"https:\/\/antersystem.com\/sk\/case-studies\/hygiene-focused-safety-in-food-production\/#breadcrumb\",\"itemListElement\":[{\"@type\":\"ListItem\",\"position\":1,\"name\":\"AnterSystem\",\"item\":\"https:\/\/antersystem.com\/sk\/\"},{\"@type\":\"ListItem\",\"position\":2,\"name\":\"Pr\u00edpadov\u00e9 \u0161t\u00fadie\",\"item\":\"https:\/\/antersystem.com\/sk\/case-studies\/\"},{\"@type\":\"ListItem\",\"position\":3,\"name\":\"Hygienick\u00e1 bezpe\u010dnos\u0165 vo v\u00fdrobe potrav\u00edn\"}]},{\"@type\":\"WebSite\",\"@id\":\"https:\/\/antersystem.com\/sk\/#website\",\"url\":\"https:\/\/antersystem.com\/sk\/\",\"name\":\"Anter System\",\"description\":\"Jeste\u015bmy polskim producentem elastycznych barier ochronnych wykonywanych z polimerowych tworzyw sztucznych. Na rynku krajowym i zagranicznym dzia\u0142amy od ponad 15 lat dbaj\u0105c o zapewnienie bezpiecze\u0144stwa w zak\u0142adach produkcyjnych, magazynach oraz centrach logistycznych.\",\"potentialAction\":[{\"@type\":\"SearchAction\",\"target\":{\"@type\":\"EntryPoint\",\"urlTemplate\":\"https:\/\/antersystem.com\/sk\/?s={search_term_string}\"},\"query-input\":{\"@type\":\"PropertyValueSpecification\",\"valueRequired\":true,\"valueName\":\"search_term_string\"}}],\"inLanguage\":\"sk-SK\"}]}<\/script>\n<!-- \/ Yoast SEO plugin. -->","yoast_head_json":{"title":"Hygienick\u00e1 bezpe\u010dnos\u0165 vo v\u00fdrobe potrav\u00edn - Anter System","description":"Zodpovedn\u00fd pr\u00edstup k bezpe\u010dnosti a hygiene v potravin\u00e1rskom podniku Spolo\u010dn\u00e9 poslanie: bezpe\u010dnos\u0165 a inov\u00e1cie Klientom je eur\u00f3psky v\u00fdrobca p\u00f4sobiaci v","robots":{"index":"index","follow":"follow","max-snippet":"max-snippet:-1","max-image-preview":"max-image-preview:large","max-video-preview":"max-video-preview:-1"},"canonical":"https:\/\/antersystem.com\/sk\/case-studies\/hygiene-focused-safety-in-food-production\/","og_locale":"sk_SK","og_type":"article","og_title":"Hygienick\u00e1 bezpe\u010dnos\u0165 vo v\u00fdrobe potrav\u00edn - Anter System","og_description":"Zodpovedn\u00fd pr\u00edstup k bezpe\u010dnosti a hygiene v potravin\u00e1rskom podniku Spolo\u010dn\u00e9 poslanie: bezpe\u010dnos\u0165 a inov\u00e1cie Klientom je eur\u00f3psky v\u00fdrobca p\u00f4sobiaci v","og_url":"https:\/\/antersystem.com\/sk\/case-studies\/hygiene-focused-safety-in-food-production\/","og_site_name":"Anter System","article_modified_time":"2026-02-12T12:05:58+00:00","og_image":[{"width":1921,"height":1081,"url":"https:\/\/antersystem.com\/wp-content\/uploads\/case-study-hygiene-cover.webp","type":"image\/webp"}],"twitter_card":"summary_large_image","twitter_misc":{"Predpokladan\u00fd \u010das \u010d\u00edtania":"7 min\u00fat"},"schema":{"@context":"https:\/\/schema.org","@graph":[{"@type":"WebPage","@id":"https:\/\/antersystem.com\/sk\/case-studies\/hygiene-focused-safety-in-food-production\/","url":"https:\/\/antersystem.com\/sk\/case-studies\/hygiene-focused-safety-in-food-production\/","name":"Hygienick\u00e1 bezpe\u010dnos\u0165 vo v\u00fdrobe potrav\u00edn - Anter System","isPartOf":{"@id":"https:\/\/antersystem.com\/sk\/#website"},"primaryImageOfPage":{"@id":"https:\/\/antersystem.com\/sk\/case-studies\/hygiene-focused-safety-in-food-production\/#primaryimage"},"image":{"@id":"https:\/\/antersystem.com\/sk\/case-studies\/hygiene-focused-safety-in-food-production\/#primaryimage"},"thumbnailUrl":"https:\/\/antersystem.com\/wp-content\/uploads\/case-study-hygiene-cover.webp","datePublished":"2026-02-12T12:00:38+00:00","dateModified":"2026-02-12T12:05:58+00:00","description":"Zodpovedn\u00fd pr\u00edstup k bezpe\u010dnosti a hygiene v potravin\u00e1rskom podniku Spolo\u010dn\u00e9 poslanie: bezpe\u010dnos\u0165 a inov\u00e1cie Klientom je eur\u00f3psky v\u00fdrobca p\u00f4sobiaci v","breadcrumb":{"@id":"https:\/\/antersystem.com\/sk\/case-studies\/hygiene-focused-safety-in-food-production\/#breadcrumb"},"inLanguage":"sk-SK","potentialAction":[{"@type":"ReadAction","target":["https:\/\/antersystem.com\/sk\/case-studies\/hygiene-focused-safety-in-food-production\/"]}]},{"@type":"ImageObject","inLanguage":"sk-SK","@id":"https:\/\/antersystem.com\/sk\/case-studies\/hygiene-focused-safety-in-food-production\/#primaryimage","url":"https:\/\/antersystem.com\/wp-content\/uploads\/case-study-hygiene-cover.webp","contentUrl":"https:\/\/antersystem.com\/wp-content\/uploads\/case-study-hygiene-cover.webp","width":1921,"height":1081},{"@type":"BreadcrumbList","@id":"https:\/\/antersystem.com\/sk\/case-studies\/hygiene-focused-safety-in-food-production\/#breadcrumb","itemListElement":[{"@type":"ListItem","position":1,"name":"AnterSystem","item":"https:\/\/antersystem.com\/sk\/"},{"@type":"ListItem","position":2,"name":"Pr\u00edpadov\u00e9 \u0161t\u00fadie","item":"https:\/\/antersystem.com\/sk\/case-studies\/"},{"@type":"ListItem","position":3,"name":"Hygienick\u00e1 bezpe\u010dnos\u0165 vo v\u00fdrobe potrav\u00edn"}]},{"@type":"WebSite","@id":"https:\/\/antersystem.com\/sk\/#website","url":"https:\/\/antersystem.com\/sk\/","name":"Anter System","description":"Jeste\u015bmy polskim producentem elastycznych barier ochronnych wykonywanych z polimerowych tworzyw sztucznych. Na rynku krajowym i zagranicznym dzia\u0142amy od ponad 15 lat dbaj\u0105c o zapewnienie bezpiecze\u0144stwa w zak\u0142adach produkcyjnych, magazynach oraz centrach logistycznych.","potentialAction":[{"@type":"SearchAction","target":{"@type":"EntryPoint","urlTemplate":"https:\/\/antersystem.com\/sk\/?s={search_term_string}"},"query-input":{"@type":"PropertyValueSpecification","valueRequired":true,"valueName":"search_term_string"}}],"inLanguage":"sk-SK"}]}},"_links":{"self":[{"href":"https:\/\/antersystem.com\/sk\/wp-json\/wp\/v2\/pages\/40066","targetHints":{"allow":["GET"]}}],"collection":[{"href":"https:\/\/antersystem.com\/sk\/wp-json\/wp\/v2\/pages"}],"about":[{"href":"https:\/\/antersystem.com\/sk\/wp-json\/wp\/v2\/types\/page"}],"author":[{"embeddable":true,"href":"https:\/\/antersystem.com\/sk\/wp-json\/wp\/v2\/users\/11"}],"replies":[{"embeddable":true,"href":"https:\/\/antersystem.com\/sk\/wp-json\/wp\/v2\/comments?post=40066"}],"version-history":[{"count":1,"href":"https:\/\/antersystem.com\/sk\/wp-json\/wp\/v2\/pages\/40066\/revisions"}],"predecessor-version":[{"id":40067,"href":"https:\/\/antersystem.com\/sk\/wp-json\/wp\/v2\/pages\/40066\/revisions\/40067"}],"up":[{"embeddable":true,"href":"https:\/\/antersystem.com\/sk\/wp-json\/wp\/v2\/pages\/12713"}],"wp:featuredmedia":[{"embeddable":true,"href":"https:\/\/antersystem.com\/sk\/wp-json\/wp\/v2\/media\/40042"}],"wp:attachment":[{"href":"https:\/\/antersystem.com\/sk\/wp-json\/wp\/v2\/media?parent=40066"}],"curies":[{"name":"wp","href":"https:\/\/api.w.org\/{rel}","templated":true}]}}