{"id":40168,"date":"2022-05-31T14:30:17","date_gmt":"2022-05-31T12:30:17","guid":{"rendered":"https:\/\/antersystem.com\/cookie-policy\/"},"modified":"2026-02-19T10:31:26","modified_gmt":"2026-02-19T09:31:26","slug":"cookie-policy","status":"publish","type":"page","link":"https:\/\/antersystem.com\/sk\/cookie-policy\/","title":{"rendered":"Z\u00e1sady pou\u017e\u00edvania s\u00faborov cookie"},"content":{"rendered":"\n<p class=\"has-text-align-left\"><strong>S\u00fabory cookie s\u00fa mal\u00e9 d\u00e1tov\u00e9 s\u00fabory, ktor\u00e9 sa odosielaj\u00fa do v\u00e1\u0161ho zariadenia, ke\u010f nav\u0161t\u00edvite na\u0161u webov\u00fa lokalitu, ktor\u00e1 uklad\u00e1 inform\u00e1cie o tom, ako ju pou\u017e\u00edvate, a niekedy sleduje inform\u00e1cie o v\u00e1s.<\/strong>  S\u00fabory cookie n\u00e1m umo\u017e\u0148uj\u00fa rozpozna\u0165 va\u0161e zariadenie a zhroma\u017e\u010fova\u0165 \u00fadaje, ako je n\u00e1zov dom\u00e9ny poskytovate\u013ea internetov\u00fdch slu\u017eieb, typ prehliada\u010da, typ opera\u010dn\u00e9ho syst\u00e9mu, IP adresa, webov\u00e1 str\u00e1nka, z ktorej ste boli na n\u00e1s odk\u00e1zan\u00ed, ako aj prev\u00e1dzkov\u00e9 \u00fadaje alebo inform\u00e1cie o polohe zariadenia. Inform\u00e1cie zozbieran\u00e9 pomocou s\u00faborov cookie nie s\u00fa v\u017edy osobn\u00fdmi \u00fadajmi v zmysle nariadenia Eur\u00f3pskeho parlamentu a Rady (E\u00da) 2016\/679 z 27. apr\u00edla 2016 o ochrane fyzick\u00fdch os\u00f4b pri sprac\u00favan\u00ed osobn\u00fdch \u00fadajov a o vo\u013enom pohybe tak\u00fdchto \u00fadajov, ktor\u00fdm sa zru\u0161uje smernica 95\/46\/ES, \u010falej tie\u017e len v\u0161eobecn\u00e9 nariadenie o ochrane \u00fadajov (GDPR). Ak ste v\u0161ak predt\u00fdm poskytli svoje osobn\u00e9 \u00fadaje, s\u00fabory cookie m\u00f4\u017eu by\u0165 priamo spojen\u00e9 s vami, napr\u00edklad prepojen\u00edm identifika\u010dn\u00fdch \u010d\u00edsel v s\u00faboroch cookie s in\u00fdmi inform\u00e1ciami.    <\/p>\n\n<p>Pr\u00e1vnym z\u00e1kladom pre spracovanie va\u0161ich osobn\u00fdch \u00fadajov z\u00edskan\u00fdch prostredn\u00edctvom s\u00faborov cookie a podobn\u00fdch technol\u00f3gi\u00ed je spravidla v\u00e1\u0161 <strong>s\u00fahlas (\u010dl\u00e1nok<\/strong> 6 ods. 1 p\u00edsm. a) GDPR), s v\u00fdnimkou pr\u00edpadov, ke\u010f je ich pou\u017eitie nevyhnutn\u00e9 na riadne fungovanie webovej str\u00e1nky (poskytovanie elektronick\u00fdch slu\u017eieb), kde sa opierame o \u010dl\u00e1nok 173 ods. 3 bod 2 z\u00e1kona zo 16. j\u00fala 2004 &#8211; Z\u00e1kon o telekomunik\u00e1ci\u00e1ch, a teda o n\u00e1\u0161 opr\u00e1vnen\u00fd z\u00e1ujem (\u010dl\u00e1nok 6 ods. 1 p\u00edsm. f) GDPR).<\/p>\n\n<p><strong>Vy\u0161\u0161ie uveden\u00e9 osobn\u00e9 \u00fadaje sprac\u00favame s cie\u013eom zlep\u0161i\u0165 kvalitu na\u0161ich slu\u017eieb, \u010dinnost\u00ed a produktov spolo\u010dnosti Anter System Polska Sp\u00f3\u0142ka z ograniczon\u0105 odpowiedzialno\u015bci\u0105 so s\u00eddlom <\/strong>vo Vroclave,<a> adresa: ul. Strzegomska 199, 54-431 Vroclav, Po\u013esko, ako aj<\/a><strong> na prisp\u00f4sobenie obsahu dostupn\u00e9ho prostredn\u00edctvom Webovej lokality va\u0161im z\u00e1ujmom (vr\u00e1tane v r\u00e1mci<\/strong> automatizovan\u00e9ho spracovania Osobn\u00fdch \u00fadajov na \u00fa\u010dely prezent\u00e1cie v\u0161eobecn\u00fdch rekl\u00e1m, pon\u00fak alebo propaga\u010dn\u00fdch akci\u00ed t\u00fdkaj\u00facich sa Slu\u017eieb sp\u00f4sobom prisp\u00f4soben\u00fdm z\u00e1ujmom Pou\u017e\u00edvate\u013ea, av\u0161ak bez v\u00fdrazn\u00e9ho ovplyvnenia jeho rozhodnut\u00ed &#8211; profilovanie). M\u00f4\u017eeme \u010d\u00edta\u0165 va\u0161e preferencie, napr\u00edklad anal\u00fdzou toho, ako \u010dasto nav\u0161tevujete Webov\u00fa lokalitu, ktor\u00e9 slu\u017eby pou\u017e\u00edvate, roz\u0161\u00edrenia at\u010f. To n\u00e1m umo\u017e\u0148uje lep\u0161ie pochopi\u0165 va\u0161e o\u010dak\u00e1vania a prisp\u00f4sobi\u0165 sa va\u0161im potreb\u00e1m. Pomocou pokro\u010dil\u00fdch technol\u00f3gi\u00ed bude vy\u0161\u0161ie uveden\u00e9 \u010dinnosti \u010dasto vykon\u00e1va\u0165 syst\u00e9m automatizovan\u00fdm sp\u00f4sobom, aby bol obsah, ktor\u00fd sa v\u00e1m zobrazuje, \u010do najaktu\u00e1lnej\u0161\u00ed (na tento \u00fa\u010del sprac\u00favame va\u0161e osobn\u00e9 \u00fadaje aj na z\u00e1klade n\u00e1\u0161ho opr\u00e1vnen\u00e9ho <strong>z\u00e1ujmu &#8211; propaga\u010dn\u00e9\/analytick\u00e9\/v\u00fdkonnostn\u00e9 \u00fa\u010dely &#8211; \u010dl\u00e1nok<\/strong> 6 ods. 1 p\u00edsm. f) GDPR).   <\/p>\n\n<p>Ak je pr\u00e1vnym z\u00e1kladom spracovania osobn\u00fdch \u00fadajov v\u00e1\u0161 s\u00fahlas, pripom\u00edname v\u00e1m <strong>,<\/strong> \u017ee <strong>ho m\u00f4\u017eete kedyko\u013evek odvola\u0165 bez toho, aby to<\/strong> malo vplyv na z\u00e1konnos\u0165 spracovania zalo\u017een\u00e9ho na s\u00fahlase pred jeho odvolan\u00edm. Ak sa v\u0161ak va\u0161e Osobn\u00e9 \u00fadaje sprac\u00favaj\u00fa na z\u00e1klade n\u00e1\u0161ho opr\u00e1vnen\u00e9ho z\u00e1ujmu, m\u00e1te <strong>pr\u00e1vo namieta\u0165 proti tak\u00e9muto sprac\u00favaniu.<\/strong> Opis va\u0161ich pr\u00e1v n\u00e1jdete v \u010dasti VI Z\u00e1sad ochrany osobn\u00fdch \u00fadajov, na ktor\u00fa odkazujeme ni\u017e\u0161ie: <a href=\"https:\/\/antersystem.com\/sk\/privacy-policy\/\"><u>https:\/\/antersystem.com\/privacy-policy\/.<\/u><\/a>  <\/p>\n\n<p>Webov\u00e9 prehliada\u010de alebo in\u00fd softv\u00e9r nain\u0161talovan\u00fd vo va\u0161om zariaden\u00ed zvy\u010dajne \u0161tandardne umo\u017e\u0148uj\u00fa pou\u017e\u00edvanie s\u00faborov cookie v takomto zariaden\u00ed, a t\u00fdm aj zhroma\u017e\u010fovanie vy\u0161\u0161ie uveden\u00fdch inform\u00e1ci\u00ed. Sp\u00f4sob pou\u017e\u00edvania s\u00faborov cookie vr\u00e1tane ich \u00fapln\u00e9ho zablokovania alebo vymazania m\u00f4\u017eete zmeni\u0165 prostredn\u00edctvom svojho webov\u00e9ho prehliada\u010da &#8211; viac inform\u00e1ci\u00ed o tom n\u00e1jdete v pou\u017e\u00edvate\u013eskej pr\u00edru\u010dke. Upozor\u0148ujeme, \u017ee vypnutie alebo zablokovanie niektor\u00fdch s\u00faborov cookie m\u00f4\u017ee zabr\u00e1ni\u0165 alebo v\u00fdrazne obmedzi\u0165 spr\u00e1vne fungovanie na\u0161ej webovej lokality, napr\u00edklad jej spomalen\u00edm. Viac inform\u00e1ci\u00ed o nastaveniach s\u00faborov cookie n\u00e1jdete v inform\u00e1ci\u00e1ch o prehliada\u010di alebo na na\u0161ej webovej lokalite. M\u00f4\u017eete tie\u017e nav\u0161t\u00edvi\u0165 <a href=\"https:\/\/www.allaboutcookies.org\/\" target=\"_blank\" rel=\"noreferrer noopener\"><u>https:\/\/www.allaboutcookies.org<\/u><\/a> kde n\u00e1jdete praktick\u00e9 rady.    <\/p>\n\n<p>Vzh\u013eadom na dom\u00e9nu, z ktorej poch\u00e1dzaj\u00fa, rozde\u013eujeme s\u00fabory cookie na:<\/p>\n\n<ol style=\"list-style-type:upper-alpha\" class=\"wp-block-list\">\n<li><strong>s\u00fabory cookie prvej strany &#8211;<\/strong> nastaven\u00e9 webov\u00fdmi servermi na\u0161ej webovej str\u00e1nky;<\/li>\n\n\n\n<li><strong>s\u00fabory cookie tret\u00edch str\u00e1n &#8211;<\/strong> nastaven\u00e9 in\u00fdmi webov\u00fdmi servermi, ne\u017e s\u00fa servery na\u0161ej webovej lokality.<\/li>\n<\/ol>\n\n<p>Vzh\u013eadom na ich \u017eivotnos\u0165 rozde\u013eujeme s\u00fabory cookie na:<\/p>\n\n<ol style=\"list-style-type:upper-alpha\" class=\"wp-block-list\">\n<li><strong>rel\u00e1cia &#8211;<\/strong> s\u00fabor cookie rel\u00e1cie obsahuje inform\u00e1cie ulo\u017een\u00e9 na do\u010dasnom mieste v pam\u00e4ti a potom sa vyma\u017ee na konci rel\u00e1cie alebo po zatvoren\u00ed webov\u00e9ho prehliada\u010da;<\/li>\n\n\n\n<li><strong>trval\u00e9 &#8211;<\/strong> naz\u00fdvan\u00e9 aj trval\u00e9 s\u00fabory cookie alebo ulo\u017een\u00e9 s\u00fabory cookie; s\u00fabor cookie, ktor\u00fd je ulo\u017een\u00fd na pevnom disku pou\u017e\u00edvate\u013ea, k\u00fdm nevypr\u0161\u00ed jeho platnos\u0165 (trval\u00e9 s\u00fabory cookie s\u00fa nastaven\u00e9 s d\u00e1tumom vypr\u0161ania platnosti) alebo k\u00fdm sa s\u00fabor cookie nevyma\u017ee; trval\u00e9 s\u00fabory cookie sa pou\u017e\u00edvaj\u00fa na zhroma\u017e\u010fovanie inform\u00e1ci\u00ed identifikuj\u00facich pou\u017e\u00edvate\u013ea, ako je spr\u00e1vanie pri prehliadan\u00ed webovej lokality alebo preferencie pou\u017e\u00edvate\u013ea t\u00fdkaj\u00face sa webovej lokality.<\/li>\n<\/ol>\n\n<p>M\u00f4\u017eeme pou\u017e\u00edva\u0165 tieto typy s\u00faborov cookie:<\/p>\n\n<ol style=\"list-style-type:upper-alpha\" class=\"wp-block-list\">\n<li><strong>potrebn\u00e9 s\u00fabory cookie prispievaj\u00fa<\/strong> k pou\u017eite\u013enosti webovej lokality t\u00fdm, \u017ee umo\u017e\u0148uj\u00fa z\u00e1kladn\u00e9 funkcie, ako je navig\u00e1cia na webovej lokalite a pr\u00edstup do zabezpe\u010den\u00fdch oblast\u00ed webovej lokality. Webov\u00e1 lokalita nem\u00f4\u017ee spr\u00e1vne fungova\u0165 bez t\u00fdchto s\u00faborov cookie; <\/li>\n\n\n\n<li><strong>s\u00fabory cookie s preferenciami umo\u017e\u0148uj\u00fa<\/strong> webovej lokalite zapam\u00e4ta\u0165 si inform\u00e1cie, ktor\u00e9 menia vzh\u013ead alebo fungovanie webovej lokality, napr. preferovan\u00fd jazyk alebo regi\u00f3n, v ktorom sa pou\u017e\u00edvate\u013e nach\u00e1dza;<\/li>\n\n\n\n<li><strong>\u0161tatistick\u00e9 s\u00fabory cookie pom\u00e1haj\u00fa<\/strong> pochopi\u0165, ako sa r\u00f4zni pou\u017e\u00edvatelia spr\u00e1vaj\u00fa na webovej lokalite, a to zhroma\u017e\u010fovan\u00edm a vykazovan\u00edm anonymn\u00fdch inform\u00e1ci\u00ed;<\/li>\n\n\n\n<li><strong>marketingov\u00e9 s\u00fabory cookie sa<\/strong> pou\u017e\u00edvaj\u00fa na sledovanie pou\u017e\u00edvate\u013eov na webovej lokalite a in\u00fdch webov\u00fdch lokalit\u00e1ch. \u00da\u010delom je zobrazova\u0165 reklamy, ktor\u00e9 s\u00fa pre pou\u017e\u00edvate\u013ea relevantn\u00e9 a zauj\u00edmav\u00e9, a t\u00fdm hodnotnej\u0161ie pre vydavate\u013eov a inzerentov tret\u00edch str\u00e1n; <\/li>\n\n\n\n<li><strong>neklasifikovan\u00e9 s\u00fabory cookie,<\/strong> ide o s\u00fabory cookie, ktor\u00e9 s\u00fa v procese klasifik\u00e1cie, spolu s poskytovate\u013emi jednotliv\u00fdch s\u00faborov cookie.<\/li>\n<\/ol>\n\n<p><strong>V s\u00falade s po\u017eiadavkami GDPR m\u00f4\u017eete spravova\u0165 svoje s\u00fahlasy t\u00fdkaj\u00face sa r\u00f4znych typov s\u00faborov cookie.<\/strong>  Na tento \u00fa\u010del poskytujeme n\u00e1stroj Cookiebot, ktor\u00e9ho rozhranie v\u00e1m umo\u017e\u0148uje rozhodn\u00fa\u0165, ktor\u00e9 s\u00fabory cookie akceptujete, a tieto nastavenia m\u00f4\u017eete kedyko\u013evek zmeni\u0165 v z\u00e1vislosti od va\u0161ich preferenci\u00ed.<\/p>\n\n<p>Kliknite na . <a href=\"#\" class=\"cky-banner-element\"><u>tu<\/u><\/a> Ak chcete spravova\u0165 svoje nastavenia s\u00faborov cookie v s\u00falade s nariaden\u00edm GDPR alebo si ich jednoducho pozrie\u0165.<\/p>\n\n<p>Takto zhroma\u017eden\u00e9 inform\u00e1cie z\u00e1visia od \u00fa\u010delu a pr\u00e1vneho z\u00e1kladu spracovania s\u00faborov cookie; m\u00f4\u017eu sa uchov\u00e1va\u0165 a sprac\u00fava\u0165 po\u010das obdobia uveden\u00e9ho v \u010dasti IV z\u00e1sad ochrany osobn\u00fdch \u00fadajov, ktor\u00fdch \u00fapln\u00e9 znenie je k dispoz\u00edcii na tomto odkaze: <a href=\"https:\/\/antersystem.com\/sk\/privacy-policy\/\"><u>https:\/\/antersystem.com\/privacy-policy\/.<\/u><\/a><\/p>\n\n<p><a id=\"_msocom_1\"><\/a><\/p>\n","protected":false},"excerpt":{"rendered":"<p>S\u00fabory cookie s\u00fa mal\u00e9 d\u00e1tov\u00e9 s\u00fabory, ktor\u00e9 sa odosielaj\u00fa do v\u00e1\u0161ho zariadenia, ke\u010f nav\u0161t\u00edvite na\u0161u webov\u00fa lokalitu, ktor\u00e1 uklad\u00e1 inform\u00e1cie o tom, ako ju pou\u017e\u00edvate, a niekedy sleduje inform\u00e1cie o v\u00e1s. S\u00fabory cookie n\u00e1m umo\u017e\u0148uj\u00fa rozpozna\u0165 va\u0161e zariadenie a zhroma\u017e\u010fova\u0165 \u00fadaje, ako je n\u00e1zov dom\u00e9ny poskytovate\u013ea internetov\u00fdch slu\u017eieb, typ prehliada\u010da, typ opera\u010dn\u00e9ho syst\u00e9mu, IP adresa, [&hellip;]<\/p>\n","protected":false},"author":1,"featured_media":0,"parent":0,"menu_order":0,"comment_status":"closed","ping_status":"closed","template":"","meta":{"inline_featured_image":false,"ngg_post_thumbnail":0,"footnotes":""},"class_list":["post-40168","page","type-page","status-publish","hentry"],"acf":[],"yoast_head":"<!-- This site is optimized with the Yoast SEO plugin v27.0 - https:\/\/yoast.com\/product\/yoast-seo-wordpress\/ -->\n<title>Z\u00e1sady pou\u017e\u00edvania s\u00faborov cookie - Anter System<\/title>\n<meta name=\"description\" content=\"S\u00fabory cookie s\u00fa mal\u00e9 d\u00e1tov\u00e9 s\u00fabory, ktor\u00e9 sa odosielaj\u00fa do v\u00e1\u0161ho zariadenia, ke\u010f nav\u0161t\u00edvite na\u0161u webov\u00fa lokalitu, ktor\u00e1 uklad\u00e1 inform\u00e1cie o tom, ako ju\" \/>\n<meta name=\"robots\" content=\"index, follow, max-snippet:-1, max-image-preview:large, max-video-preview:-1\" \/>\n<link rel=\"canonical\" href=\"https:\/\/antersystem.com\/sk\/cookie-policy\/\" \/>\n<meta property=\"og:locale\" content=\"sk_SK\" \/>\n<meta property=\"og:type\" content=\"article\" \/>\n<meta property=\"og:title\" content=\"Z\u00e1sady pou\u017e\u00edvania s\u00faborov cookie - Anter System\" \/>\n<meta property=\"og:description\" content=\"S\u00fabory cookie s\u00fa mal\u00e9 d\u00e1tov\u00e9 s\u00fabory, ktor\u00e9 sa odosielaj\u00fa do v\u00e1\u0161ho zariadenia, ke\u010f nav\u0161t\u00edvite na\u0161u webov\u00fa lokalitu, ktor\u00e1 uklad\u00e1 inform\u00e1cie o tom, ako ju\" \/>\n<meta property=\"og:url\" content=\"https:\/\/antersystem.com\/sk\/cookie-policy\/\" \/>\n<meta property=\"og:site_name\" content=\"Anter System\" \/>\n<meta property=\"article:modified_time\" content=\"2026-02-19T09:31:26+00:00\" \/>\n<meta name=\"twitter:card\" content=\"summary_large_image\" \/>\n<meta name=\"twitter:label1\" content=\"Predpokladan\u00fd \u010das \u010d\u00edtania\" \/>\n\t<meta name=\"twitter:data1\" content=\"6 min\u00fat\" \/>\n<script type=\"application\/ld+json\" class=\"yoast-schema-graph\">{\"@context\":\"https:\/\/schema.org\",\"@graph\":[{\"@type\":\"WebPage\",\"@id\":\"https:\/\/antersystem.com\/sk\/cookie-policy\/\",\"url\":\"https:\/\/antersystem.com\/sk\/cookie-policy\/\",\"name\":\"Z\u00e1sady pou\u017e\u00edvania s\u00faborov cookie - Anter System\",\"isPartOf\":{\"@id\":\"https:\/\/antersystem.com\/sk\/#website\"},\"datePublished\":\"2022-05-31T12:30:17+00:00\",\"dateModified\":\"2026-02-19T09:31:26+00:00\",\"description\":\"S\u00fabory cookie s\u00fa mal\u00e9 d\u00e1tov\u00e9 s\u00fabory, ktor\u00e9 sa odosielaj\u00fa do v\u00e1\u0161ho zariadenia, ke\u010f nav\u0161t\u00edvite na\u0161u webov\u00fa lokalitu, ktor\u00e1 uklad\u00e1 inform\u00e1cie o tom, ako ju\",\"breadcrumb\":{\"@id\":\"https:\/\/antersystem.com\/sk\/cookie-policy\/#breadcrumb\"},\"inLanguage\":\"sk-SK\",\"potentialAction\":[{\"@type\":\"ReadAction\",\"target\":[\"https:\/\/antersystem.com\/sk\/cookie-policy\/\"]}]},{\"@type\":\"BreadcrumbList\",\"@id\":\"https:\/\/antersystem.com\/sk\/cookie-policy\/#breadcrumb\",\"itemListElement\":[{\"@type\":\"ListItem\",\"position\":1,\"name\":\"AnterSystem\",\"item\":\"https:\/\/antersystem.com\/sk\/\"},{\"@type\":\"ListItem\",\"position\":2,\"name\":\"Z\u00e1sady pou\u017e\u00edvania s\u00faborov cookie\"}]},{\"@type\":\"WebSite\",\"@id\":\"https:\/\/antersystem.com\/sk\/#website\",\"url\":\"https:\/\/antersystem.com\/sk\/\",\"name\":\"Anter System\",\"description\":\"Jeste\u015bmy polskim producentem elastycznych barier ochronnych wykonywanych z polimerowych tworzyw sztucznych. Na rynku krajowym i zagranicznym dzia\u0142amy od ponad 15 lat dbaj\u0105c o zapewnienie bezpiecze\u0144stwa w zak\u0142adach produkcyjnych, magazynach oraz centrach logistycznych.\",\"potentialAction\":[{\"@type\":\"SearchAction\",\"target\":{\"@type\":\"EntryPoint\",\"urlTemplate\":\"https:\/\/antersystem.com\/sk\/?s={search_term_string}\"},\"query-input\":{\"@type\":\"PropertyValueSpecification\",\"valueRequired\":true,\"valueName\":\"search_term_string\"}}],\"inLanguage\":\"sk-SK\"}]}<\/script>\n<!-- \/ Yoast SEO plugin. -->","yoast_head_json":{"title":"Z\u00e1sady pou\u017e\u00edvania s\u00faborov cookie - Anter System","description":"S\u00fabory cookie s\u00fa mal\u00e9 d\u00e1tov\u00e9 s\u00fabory, ktor\u00e9 sa odosielaj\u00fa do v\u00e1\u0161ho zariadenia, ke\u010f nav\u0161t\u00edvite na\u0161u webov\u00fa lokalitu, ktor\u00e1 uklad\u00e1 inform\u00e1cie o tom, ako ju","robots":{"index":"index","follow":"follow","max-snippet":"max-snippet:-1","max-image-preview":"max-image-preview:large","max-video-preview":"max-video-preview:-1"},"canonical":"https:\/\/antersystem.com\/sk\/cookie-policy\/","og_locale":"sk_SK","og_type":"article","og_title":"Z\u00e1sady pou\u017e\u00edvania s\u00faborov cookie - Anter System","og_description":"S\u00fabory cookie s\u00fa mal\u00e9 d\u00e1tov\u00e9 s\u00fabory, ktor\u00e9 sa odosielaj\u00fa do v\u00e1\u0161ho zariadenia, ke\u010f nav\u0161t\u00edvite na\u0161u webov\u00fa lokalitu, ktor\u00e1 uklad\u00e1 inform\u00e1cie o tom, ako ju","og_url":"https:\/\/antersystem.com\/sk\/cookie-policy\/","og_site_name":"Anter System","article_modified_time":"2026-02-19T09:31:26+00:00","twitter_card":"summary_large_image","twitter_misc":{"Predpokladan\u00fd \u010das \u010d\u00edtania":"6 min\u00fat"},"schema":{"@context":"https:\/\/schema.org","@graph":[{"@type":"WebPage","@id":"https:\/\/antersystem.com\/sk\/cookie-policy\/","url":"https:\/\/antersystem.com\/sk\/cookie-policy\/","name":"Z\u00e1sady pou\u017e\u00edvania s\u00faborov cookie - Anter System","isPartOf":{"@id":"https:\/\/antersystem.com\/sk\/#website"},"datePublished":"2022-05-31T12:30:17+00:00","dateModified":"2026-02-19T09:31:26+00:00","description":"S\u00fabory cookie s\u00fa mal\u00e9 d\u00e1tov\u00e9 s\u00fabory, ktor\u00e9 sa odosielaj\u00fa do v\u00e1\u0161ho zariadenia, ke\u010f nav\u0161t\u00edvite na\u0161u webov\u00fa lokalitu, ktor\u00e1 uklad\u00e1 inform\u00e1cie o tom, ako ju","breadcrumb":{"@id":"https:\/\/antersystem.com\/sk\/cookie-policy\/#breadcrumb"},"inLanguage":"sk-SK","potentialAction":[{"@type":"ReadAction","target":["https:\/\/antersystem.com\/sk\/cookie-policy\/"]}]},{"@type":"BreadcrumbList","@id":"https:\/\/antersystem.com\/sk\/cookie-policy\/#breadcrumb","itemListElement":[{"@type":"ListItem","position":1,"name":"AnterSystem","item":"https:\/\/antersystem.com\/sk\/"},{"@type":"ListItem","position":2,"name":"Z\u00e1sady pou\u017e\u00edvania s\u00faborov cookie"}]},{"@type":"WebSite","@id":"https:\/\/antersystem.com\/sk\/#website","url":"https:\/\/antersystem.com\/sk\/","name":"Anter System","description":"Jeste\u015bmy polskim producentem elastycznych barier ochronnych wykonywanych z polimerowych tworzyw sztucznych. Na rynku krajowym i zagranicznym dzia\u0142amy od ponad 15 lat dbaj\u0105c o zapewnienie bezpiecze\u0144stwa w zak\u0142adach produkcyjnych, magazynach oraz centrach logistycznych.","potentialAction":[{"@type":"SearchAction","target":{"@type":"EntryPoint","urlTemplate":"https:\/\/antersystem.com\/sk\/?s={search_term_string}"},"query-input":{"@type":"PropertyValueSpecification","valueRequired":true,"valueName":"search_term_string"}}],"inLanguage":"sk-SK"}]}},"_links":{"self":[{"href":"https:\/\/antersystem.com\/sk\/wp-json\/wp\/v2\/pages\/40168","targetHints":{"allow":["GET"]}}],"collection":[{"href":"https:\/\/antersystem.com\/sk\/wp-json\/wp\/v2\/pages"}],"about":[{"href":"https:\/\/antersystem.com\/sk\/wp-json\/wp\/v2\/types\/page"}],"author":[{"embeddable":true,"href":"https:\/\/antersystem.com\/sk\/wp-json\/wp\/v2\/users\/1"}],"replies":[{"embeddable":true,"href":"https:\/\/antersystem.com\/sk\/wp-json\/wp\/v2\/comments?post=40168"}],"version-history":[{"count":2,"href":"https:\/\/antersystem.com\/sk\/wp-json\/wp\/v2\/pages\/40168\/revisions"}],"predecessor-version":[{"id":40190,"href":"https:\/\/antersystem.com\/sk\/wp-json\/wp\/v2\/pages\/40168\/revisions\/40190"}],"wp:attachment":[{"href":"https:\/\/antersystem.com\/sk\/wp-json\/wp\/v2\/media?parent=40168"}],"curies":[{"name":"wp","href":"https:\/\/api.w.org\/{rel}","templated":true}]}}