{"id":40327,"date":"2026-02-22T13:05:26","date_gmt":"2026-02-22T12:05:26","guid":{"rendered":"https:\/\/antersystem.com\/novinky\/invitation-to-logimat-2026\/"},"modified":"2026-02-22T13:05:26","modified_gmt":"2026-02-22T12:05:26","slug":"invitation-to-logimat-2026","status":"publish","type":"page","link":"https:\/\/antersystem.com\/sk\/novinky\/invitation-to-logimat-2026\/","title":{"rendered":"Pozv\u00e1nka na LogiMAT 2026"},"content":{"rendered":"<h2>Vystavujeme na LogiMAT 2026 &#8211; stretnite sa s nami v hale 1<\/h2>\n<p>S pote\u0161en\u00edm v\u00e1m oznamujeme, \u017ee <strong>spolo\u010dnos\u0165 Anter System bude vystavova\u0165 na LogiMAT 2026,<\/strong> poprednom medzin\u00e1rodnom ve\u013etrhu intralogistick\u00fdch rie\u0161en\u00ed a riadenia procesov.<\/p>\n<p>LogiMAT sp\u00e1ja odborn\u00edkov z odvetvia, poskytovate\u013eov technol\u00f3gi\u00ed a v\u00fdrobcov syst\u00e9mov, aby presk\u00famali najnov\u0161\u00ed v\u00fdvoj v oblasti automatiz\u00e1cie skladov, manipul\u00e1cie s materi\u00e1lom a optimaliz\u00e1cie procesov.<\/p>\n<p>\ud83d\udccd Messe <strong>Stuttgart, Nemecko<\/strong><\/p>\n<p>\ud83d\udcc5 24.-26. <strong>marca 2026<\/strong><\/p>\n<p>\ud83c\udfe2 Hala 1 | <strong>St\u00e1nok 1D10<\/strong><\/p>\n<h3>Otv\u00e1racie podujatie pre intralogistiku v Eur\u00f3pe<\/h3>\n<p>LogiMAT je pova\u017eovan\u00fd za k\u013e\u00fa\u010dov\u00e9 medzin\u00e1rodn\u00e9 miesto stretnut\u00ed v oblasti intralogistiky v srdci Eur\u00f3py. Medzin\u00e1rodn\u00ed vystavovatelia ka\u017edoro\u010dne predstavuj\u00fa inovat\u00edvne technol\u00f3gie, syst\u00e9my a rie\u0161enia zameran\u00e9 na racionaliz\u00e1ciu, optimaliz\u00e1ciu procesov a zni\u017eovanie n\u00e1kladov v r\u00e1mci intern\u00fdch logistick\u00fdch procesov. <\/p>\n<p>LogiMAT poskytuje komplexn\u00fd preh\u013ead o trhu a praktick\u00fd prenos poznatkov od obstar\u00e1vania a v\u00fdroby a\u017e po skladovanie a dod\u00e1vky. V\u010faka kompaktnej \u0161trukt\u00fare trhoviska, odborn\u00fdm f\u00f3ram a \u017eiv\u00fdm uk\u00e1\u017ekam podujatie sp\u00e1ja: konkr\u00e9tne rie\u0161enia, priame know-how odborn\u00edkov z odvetvia a prezent\u00e1cie technol\u00f3gi\u00ed v re\u00e1lnom \u010dase. Je to miesto, kde sa stret\u00e1va trh.  <\/p>\n<h3>Hala 1 &#8211; Manipul\u00e1cia s materi\u00e1lom a skladovacie technol\u00f3gie<\/h3>\n<p>N\u00e1jdete n\u00e1s v <strong>hale 1,<\/strong> ktor\u00e1 je venovan\u00e1:\n<\/p>\n<ul>\n<li>Technol\u00f3gia manipul\u00e1cie s materi\u00e1lom a skladovania<\/li>\n<li>Skladovacie a prev\u00e1dzkov\u00e9 zariadenia<\/li>\n<li>Poskytovatelia syst\u00e9mov a v\u00fdstavba h\u00e1l<\/li>\n<\/ul>\n<p>Pr\u00e1ve tu sa sp\u00e1ja bezpe\u010dnos\u0165, infra\u0161trukt\u00fara a efekt\u00edvnos\u0165 vn\u00fatornej dopravy, \u010do je ide\u00e1lne miesto na diskusiu o modern\u00fdch strat\u00e9gi\u00e1ch ochrany skladu.<\/p>\n<h3>\u010co predstav\u00edme<\/h3>\n<p>\nV na\u0161om st\u00e1nku predstav\u00edme na\u0161e <strong>flexibiln\u00e9 polym\u00e9rov\u00e9 bezpe\u010dnostn\u00e9 bari\u00e9rov\u00e9 syst\u00e9my navrhnut\u00e9<\/strong> na ochranu chodcov, priemyseln\u00fdch vozidiel, skladovej infra\u0161trukt\u00fary a v\u00fdrobn\u00e9ho prostredia. Na\u0161e rie\u0161enia pom\u00e1haj\u00fa vytv\u00e1ra\u0165 jasne oddelen\u00e9 dopravn\u00e9 z\u00f3ny a z\u00e1rove\u0148 zvy\u0161uj\u00fa prev\u00e1dzkov\u00fa bezpe\u010dnos\u0165 a efekt\u00edvnos\u0165. V \u010dase rast\u00facej automatiz\u00e1cie, auton\u00f3mnych vozidiel a digit\u00e1lnej transform\u00e1cie zost\u00e1va bezpe\u010dn\u00e9 oddelenie dopravy jedn\u00fdm zo z\u00e1kladn\u00fdch pilierov efekt\u00edvnej intralogistiky.  <\/p>\n<p>Na\u0161e rie\u0161enia s\u00fa navrhnut\u00e9 tak, aby:\n<\/p>\n<ul>\n<li>Absorbova\u0165 energiu n\u00e1razu namiesto jej prenosu<\/li>\n<li>Zn\u00ed\u017eenie n\u00e1kladov na opravy<\/li>\n<li>Zv\u00fd\u0161enie prev\u00e1dzkovej kontinuity<\/li>\n<li>Podpora bezpe\u010dnej spolupr\u00e1ce \u010dloveka so strojom<\/li>\n<\/ul>\n<h3>Bezpe\u010dnos\u0165 vo veku priemyslu 4.0<\/h3>\n<p>Digitaliz\u00e1cia, prepojenie, umel\u00e1 inteligencia a inteligentn\u00e9 auton\u00f3mne syst\u00e9my menia podobu dod\u00e1vate\u013esk\u00fdch re\u0165azcov. Bez oh\u013eadu na to, ak\u00e9 pokro\u010dil\u00e9 syst\u00e9my sa stan\u00fa, v\u0161ak fyzick\u00e1 ochrana a riadenie dopravy zost\u00e1vaj\u00fa rozhoduj\u00face. <\/p>\n<p>Ke\u010f\u017ee sa syst\u00e9my sp\u00e1jaj\u00fa do inteligentn\u00fdch ekosyst\u00e9mov, <strong>jasne \u0161trukt\u00farovan\u00e9 a chr\u00e1nen\u00e9 pracovn\u00e9 priestory s\u00fa nevyhnutn\u00e9<\/strong> pre r\u00fdchlej\u0161ie, energeticky \u00fa\u010dinnej\u0161ie a bezpe\u010dnej\u0161ie procesy.<\/p>\n<p>V spolo\u010dnosti LogiMAT sa te\u0161\u00edme na diskusiu o tom, ako bezpe\u010dnostn\u00e1 infra\u0161trukt\u00fara podporuje t\u00fato transform\u00e1ciu.<\/p>\n<h3>Stretneme sa v Stuttgarte<\/h3>\n<p>Ak pl\u00e1nujete nav\u0161t\u00edvi\u0165 ve\u013etrh LogiMAT 2026, srde\u010dne v\u00e1s poz\u00fdvame na stretnutie s na\u0161\u00edm t\u00edmom a zistite, ako m\u00f4\u017eeme pom\u00f4c\u0165 zlep\u0161i\u0165 bezpe\u010dnos\u0165 a efekt\u00edvnos\u0165 vo va\u0161om zariaden\u00ed. Te\u0161\u00edme sa na osobn\u00e9 stretnutie s vami. <\/p>\n","protected":false},"excerpt":{"rendered":"<p>Vystavujeme na LogiMAT 2026 &#8211; stretnite sa s nami v hale 1 S pote\u0161en\u00edm v\u00e1m oznamujeme, \u017ee spolo\u010dnos\u0165 Anter System bude vystavova\u0165 na LogiMAT 2026, poprednom medzin\u00e1rodnom ve\u013etrhu intralogistick\u00fdch rie\u0161en\u00ed a riadenia procesov. LogiMAT sp\u00e1ja odborn\u00edkov z odvetvia, poskytovate\u013eov technol\u00f3gi\u00ed a v\u00fdrobcov syst\u00e9mov, aby presk\u00famali najnov\u0161\u00ed v\u00fdvoj v oblasti automatiz\u00e1cie skladov, manipul\u00e1cie s materi\u00e1lom a [&hellip;]<\/p>\n","protected":false},"author":11,"featured_media":40228,"parent":30350,"menu_order":0,"comment_status":"closed","ping_status":"closed","template":"","meta":{"inline_featured_image":false,"ngg_post_thumbnail":0,"footnotes":""},"class_list":["post-40327","page","type-page","status-publish","has-post-thumbnail","hentry"],"acf":[],"yoast_head":"<!-- This site is optimized with the Yoast SEO plugin v27.0 - https:\/\/yoast.com\/product\/yoast-seo-wordpress\/ -->\n<title>Pozv\u00e1nka na LogiMAT 2026 - Anter System<\/title>\n<meta name=\"description\" content=\"Vystavujeme na LogiMAT 2026 - stretnite sa s nami v hale 1 S pote\u0161en\u00edm v\u00e1m oznamujeme, \u017ee spolo\u010dnos\u0165 Anter System bude vystavova\u0165 na LogiMAT 2026,\" \/>\n<meta name=\"robots\" content=\"index, follow, max-snippet:-1, max-image-preview:large, max-video-preview:-1\" \/>\n<link rel=\"canonical\" href=\"https:\/\/antersystem.com\/sk\/novinky\/invitation-to-logimat-2026\/\" \/>\n<meta property=\"og:locale\" content=\"sk_SK\" \/>\n<meta property=\"og:type\" content=\"article\" \/>\n<meta property=\"og:title\" content=\"Pozv\u00e1nka na LogiMAT 2026 - Anter System\" \/>\n<meta property=\"og:description\" content=\"Vystavujeme na LogiMAT 2026 - stretnite sa s nami v hale 1 S pote\u0161en\u00edm v\u00e1m oznamujeme, \u017ee spolo\u010dnos\u0165 Anter System bude vystavova\u0165 na LogiMAT 2026,\" \/>\n<meta property=\"og:url\" content=\"https:\/\/antersystem.com\/sk\/novinky\/invitation-to-logimat-2026\/\" \/>\n<meta property=\"og:site_name\" content=\"Anter System\" \/>\n<meta property=\"og:image\" content=\"https:\/\/antersystem.com\/wp-content\/uploads\/news-logimat-invitation.webp\" \/>\n\t<meta property=\"og:image:width\" content=\"1920\" \/>\n\t<meta property=\"og:image:height\" content=\"1081\" \/>\n\t<meta property=\"og:image:type\" content=\"image\/webp\" \/>\n<meta name=\"twitter:card\" content=\"summary_large_image\" \/>\n<meta name=\"twitter:label1\" content=\"Predpokladan\u00fd \u010das \u010d\u00edtania\" \/>\n\t<meta name=\"twitter:data1\" content=\"3 min\u00faty\" \/>\n<script type=\"application\/ld+json\" class=\"yoast-schema-graph\">{\"@context\":\"https:\/\/schema.org\",\"@graph\":[{\"@type\":\"WebPage\",\"@id\":\"https:\/\/antersystem.com\/sk\/novinky\/invitation-to-logimat-2026\/\",\"url\":\"https:\/\/antersystem.com\/sk\/novinky\/invitation-to-logimat-2026\/\",\"name\":\"Pozv\u00e1nka na LogiMAT 2026 - Anter System\",\"isPartOf\":{\"@id\":\"https:\/\/antersystem.com\/sk\/#website\"},\"primaryImageOfPage\":{\"@id\":\"https:\/\/antersystem.com\/sk\/novinky\/invitation-to-logimat-2026\/#primaryimage\"},\"image\":{\"@id\":\"https:\/\/antersystem.com\/sk\/novinky\/invitation-to-logimat-2026\/#primaryimage\"},\"thumbnailUrl\":\"https:\/\/antersystem.com\/wp-content\/uploads\/news-logimat-invitation.webp\",\"datePublished\":\"2026-02-22T12:05:26+00:00\",\"description\":\"Vystavujeme na LogiMAT 2026 - stretnite sa s nami v hale 1 S pote\u0161en\u00edm v\u00e1m oznamujeme, \u017ee spolo\u010dnos\u0165 Anter System bude vystavova\u0165 na LogiMAT 2026,\",\"breadcrumb\":{\"@id\":\"https:\/\/antersystem.com\/sk\/novinky\/invitation-to-logimat-2026\/#breadcrumb\"},\"inLanguage\":\"sk-SK\",\"potentialAction\":[{\"@type\":\"ReadAction\",\"target\":[\"https:\/\/antersystem.com\/sk\/novinky\/invitation-to-logimat-2026\/\"]}]},{\"@type\":\"ImageObject\",\"inLanguage\":\"sk-SK\",\"@id\":\"https:\/\/antersystem.com\/sk\/novinky\/invitation-to-logimat-2026\/#primaryimage\",\"url\":\"https:\/\/antersystem.com\/wp-content\/uploads\/news-logimat-invitation.webp\",\"contentUrl\":\"https:\/\/antersystem.com\/wp-content\/uploads\/news-logimat-invitation.webp\",\"width\":1920,\"height\":1081},{\"@type\":\"BreadcrumbList\",\"@id\":\"https:\/\/antersystem.com\/sk\/novinky\/invitation-to-logimat-2026\/#breadcrumb\",\"itemListElement\":[{\"@type\":\"ListItem\",\"position\":1,\"name\":\"AnterSystem\",\"item\":\"https:\/\/antersystem.com\/sk\/\"},{\"@type\":\"ListItem\",\"position\":2,\"name\":\"Novinky\",\"item\":\"https:\/\/antersystem.com\/sk\/novinky\/\"},{\"@type\":\"ListItem\",\"position\":3,\"name\":\"Pozv\u00e1nka na LogiMAT 2026\"}]},{\"@type\":\"WebSite\",\"@id\":\"https:\/\/antersystem.com\/sk\/#website\",\"url\":\"https:\/\/antersystem.com\/sk\/\",\"name\":\"Anter System\",\"description\":\"Jeste\u015bmy polskim producentem elastycznych barier ochronnych wykonywanych z polimerowych tworzyw sztucznych. Na rynku krajowym i zagranicznym dzia\u0142amy od ponad 15 lat dbaj\u0105c o zapewnienie bezpiecze\u0144stwa w zak\u0142adach produkcyjnych, magazynach oraz centrach logistycznych.\",\"potentialAction\":[{\"@type\":\"SearchAction\",\"target\":{\"@type\":\"EntryPoint\",\"urlTemplate\":\"https:\/\/antersystem.com\/sk\/?s={search_term_string}\"},\"query-input\":{\"@type\":\"PropertyValueSpecification\",\"valueRequired\":true,\"valueName\":\"search_term_string\"}}],\"inLanguage\":\"sk-SK\"}]}<\/script>\n<!-- \/ Yoast SEO plugin. -->","yoast_head_json":{"title":"Pozv\u00e1nka na LogiMAT 2026 - Anter System","description":"Vystavujeme na LogiMAT 2026 - stretnite sa s nami v hale 1 S pote\u0161en\u00edm v\u00e1m oznamujeme, \u017ee spolo\u010dnos\u0165 Anter System bude vystavova\u0165 na LogiMAT 2026,","robots":{"index":"index","follow":"follow","max-snippet":"max-snippet:-1","max-image-preview":"max-image-preview:large","max-video-preview":"max-video-preview:-1"},"canonical":"https:\/\/antersystem.com\/sk\/novinky\/invitation-to-logimat-2026\/","og_locale":"sk_SK","og_type":"article","og_title":"Pozv\u00e1nka na LogiMAT 2026 - Anter System","og_description":"Vystavujeme na LogiMAT 2026 - stretnite sa s nami v hale 1 S pote\u0161en\u00edm v\u00e1m oznamujeme, \u017ee spolo\u010dnos\u0165 Anter System bude vystavova\u0165 na LogiMAT 2026,","og_url":"https:\/\/antersystem.com\/sk\/novinky\/invitation-to-logimat-2026\/","og_site_name":"Anter System","og_image":[{"width":1920,"height":1081,"url":"https:\/\/antersystem.com\/wp-content\/uploads\/news-logimat-invitation.webp","type":"image\/webp"}],"twitter_card":"summary_large_image","twitter_misc":{"Predpokladan\u00fd \u010das \u010d\u00edtania":"3 min\u00faty"},"schema":{"@context":"https:\/\/schema.org","@graph":[{"@type":"WebPage","@id":"https:\/\/antersystem.com\/sk\/novinky\/invitation-to-logimat-2026\/","url":"https:\/\/antersystem.com\/sk\/novinky\/invitation-to-logimat-2026\/","name":"Pozv\u00e1nka na LogiMAT 2026 - Anter System","isPartOf":{"@id":"https:\/\/antersystem.com\/sk\/#website"},"primaryImageOfPage":{"@id":"https:\/\/antersystem.com\/sk\/novinky\/invitation-to-logimat-2026\/#primaryimage"},"image":{"@id":"https:\/\/antersystem.com\/sk\/novinky\/invitation-to-logimat-2026\/#primaryimage"},"thumbnailUrl":"https:\/\/antersystem.com\/wp-content\/uploads\/news-logimat-invitation.webp","datePublished":"2026-02-22T12:05:26+00:00","description":"Vystavujeme na LogiMAT 2026 - stretnite sa s nami v hale 1 S pote\u0161en\u00edm v\u00e1m oznamujeme, \u017ee spolo\u010dnos\u0165 Anter System bude vystavova\u0165 na LogiMAT 2026,","breadcrumb":{"@id":"https:\/\/antersystem.com\/sk\/novinky\/invitation-to-logimat-2026\/#breadcrumb"},"inLanguage":"sk-SK","potentialAction":[{"@type":"ReadAction","target":["https:\/\/antersystem.com\/sk\/novinky\/invitation-to-logimat-2026\/"]}]},{"@type":"ImageObject","inLanguage":"sk-SK","@id":"https:\/\/antersystem.com\/sk\/novinky\/invitation-to-logimat-2026\/#primaryimage","url":"https:\/\/antersystem.com\/wp-content\/uploads\/news-logimat-invitation.webp","contentUrl":"https:\/\/antersystem.com\/wp-content\/uploads\/news-logimat-invitation.webp","width":1920,"height":1081},{"@type":"BreadcrumbList","@id":"https:\/\/antersystem.com\/sk\/novinky\/invitation-to-logimat-2026\/#breadcrumb","itemListElement":[{"@type":"ListItem","position":1,"name":"AnterSystem","item":"https:\/\/antersystem.com\/sk\/"},{"@type":"ListItem","position":2,"name":"Novinky","item":"https:\/\/antersystem.com\/sk\/novinky\/"},{"@type":"ListItem","position":3,"name":"Pozv\u00e1nka na LogiMAT 2026"}]},{"@type":"WebSite","@id":"https:\/\/antersystem.com\/sk\/#website","url":"https:\/\/antersystem.com\/sk\/","name":"Anter System","description":"Jeste\u015bmy polskim producentem elastycznych barier ochronnych wykonywanych z polimerowych tworzyw sztucznych. Na rynku krajowym i zagranicznym dzia\u0142amy od ponad 15 lat dbaj\u0105c o zapewnienie bezpiecze\u0144stwa w zak\u0142adach produkcyjnych, magazynach oraz centrach logistycznych.","potentialAction":[{"@type":"SearchAction","target":{"@type":"EntryPoint","urlTemplate":"https:\/\/antersystem.com\/sk\/?s={search_term_string}"},"query-input":{"@type":"PropertyValueSpecification","valueRequired":true,"valueName":"search_term_string"}}],"inLanguage":"sk-SK"}]}},"_links":{"self":[{"href":"https:\/\/antersystem.com\/sk\/wp-json\/wp\/v2\/pages\/40327","targetHints":{"allow":["GET"]}}],"collection":[{"href":"https:\/\/antersystem.com\/sk\/wp-json\/wp\/v2\/pages"}],"about":[{"href":"https:\/\/antersystem.com\/sk\/wp-json\/wp\/v2\/types\/page"}],"author":[{"embeddable":true,"href":"https:\/\/antersystem.com\/sk\/wp-json\/wp\/v2\/users\/11"}],"replies":[{"embeddable":true,"href":"https:\/\/antersystem.com\/sk\/wp-json\/wp\/v2\/comments?post=40327"}],"version-history":[{"count":0,"href":"https:\/\/antersystem.com\/sk\/wp-json\/wp\/v2\/pages\/40327\/revisions"}],"up":[{"embeddable":true,"href":"https:\/\/antersystem.com\/sk\/wp-json\/wp\/v2\/pages\/30350"}],"wp:featuredmedia":[{"embeddable":true,"href":"https:\/\/antersystem.com\/sk\/wp-json\/wp\/v2\/media\/40228"}],"wp:attachment":[{"href":"https:\/\/antersystem.com\/sk\/wp-json\/wp\/v2\/media?parent=40327"}],"curies":[{"name":"wp","href":"https:\/\/api.w.org\/{rel}","templated":true}]}}