{"id":40328,"date":"2026-02-13T14:00:03","date_gmt":"2026-02-13T13:00:03","guid":{"rendered":"https:\/\/antersystem.com\/novinky\/mid-magazine-safe-zone\/"},"modified":"2026-02-22T21:51:41","modified_gmt":"2026-02-22T20:51:41","slug":"mid-magazine-safe-zone","status":"publish","type":"page","link":"https:\/\/antersystem.com\/sk\/novinky\/mid-magazine-safe-zone\/","title":{"rendered":"MID Magazine &#8211; &#8222;Bezpe\u010dn\u00e1 z\u00f3na&#8220; &#8211; &#8222;Bezpieczna strefa&#8220;"},"content":{"rendered":"\n<div class=\"wp-block-columns is-layout-flex wp-container-core-columns-is-layout-9d6595d7 wp-block-columns-is-layout-flex\">\n<div class=\"wp-block-column is-layout-flow wp-block-column-is-layout-flow\" style=\"flex-basis:10%\"><\/div>\n\n\n\n<div class=\"wp-block-column is-layout-flow wp-block-column-is-layout-flow\">\n<h3 class=\"wp-block-heading\">N\u00e1\u0161 odborn\u00fd koment\u00e1r v \u010dasopise MID<\/h3>\n\n\n\n<p>Sme radi, \u017ee sa n\u00e1\u0161 odborn\u00fd koment\u00e1r objavil v \u010dasopise MID &#8211; <strong>Magazyn Intralogistyki i Dystrybucji.<\/strong><\/p>\n<p>V \u010dl\u00e1nku rozober\u00e1me, pre\u010do <strong>by<\/strong> modern\u00e1 bezpe\u010dnos\u0165 skladov <strong>mala \u00eds\u0165 nad r\u00e1mec ma\u013eovan\u00fdch \u010diar a v\u00fdstra\u017en\u00fdch zna\u010diek &#8211; zameriavame sa<\/strong> na uvedomel\u00e9 navrhovanie priestorov, jasn\u00e9 oddelenie dopravy a ochrann\u00e9 syst\u00e9my pohlcuj\u00face n\u00e1razy, ktor\u00e9 zni\u017euj\u00fa riziko a prev\u00e1dzkov\u00e9 n\u00e1klady.<\/p>\n<p>Odborn\u00fd koment\u00e1r poskytol Tomasz Bary\u0142a, n\u00e1\u0161 produktov\u00fd mana\u017e\u00e9r, ktor\u00fd sa podelil o svoj poh\u013ead na navrhovanie bezpe\u010dnej\u0161\u00edch a efekt\u00edvnej\u0161\u00edch priemyseln\u00fdch prostred\u00ed.<\/p>\n<p><strong>\ud83d\udcc4 Poz\u00fdvame v\u00e1s, aby ste si pre\u010d\u00edtali cel\u00fd \u010dl\u00e1nok (PDF).<\/strong><\/p>\n<p>Ak by ste chceli presk\u00fama\u0165, ako by sa tieto princ\u00edpy dali implementova\u0165 vo va\u0161om zariaden\u00ed, nev\u00e1hajte n\u00e1s kontaktova\u0165.<\/p>\n<\/div>\n\n\n\n<div class=\"wp-block-column is-layout-flow wp-block-column-is-layout-flow\" style=\"flex-basis:10%\"><\/div>\n<\/div>\n\n<div data-wp-interactive=\"core\/file\" class=\"wp-block-file\"><object data-wp-bind--hidden=\"!state.hasPdfPreview\" hidden class=\"wp-block-file__embed\" data=\"https:\/\/antersystem.com\/wp-content\/uploads\/MID_109_1_2026_Bezpieczny-obszar.pdf\" type=\"application\/pdf\" style=\"width:100%;height:600px\" aria-label=\"Vlo\u017ei\u0165 MID_97_1_2024-Anter-System.\"><\/object><a id=\"wp-block-file--media-c4a79965-4313-4b68-8827-3aa81c41db0a\" href=\"https:\/\/antersystem.com\/wp-content\/uploads\/MID_109_1_2026_Bezpieczny-obszar.pdf\">MID_109_1_2026-Anter-System<\/a><a href=\"https:\/\/antersystem.com\/wp-content\/uploads\/MID_109_1_2026_Bezpieczny-obszar.pdf\" class=\"wp-block-file__button wp-element-button\" download=\"\" aria-describedby=\"wp-block-file--media-c4a79965-4313-4b68-8827-3aa81c41db0a\">Stiahnite si<\/a><\/div>\n","protected":false},"excerpt":{"rendered":"<p>N\u00e1\u0161 odborn\u00fd koment\u00e1r v \u010dasopise MID Sme radi, \u017ee sa n\u00e1\u0161 odborn\u00fd koment\u00e1r objavil v \u010dasopise MID &#8211; Magazyn Intralogistyki i Dystrybucji. V \u010dl\u00e1nku rozober\u00e1me, pre\u010do by modern\u00e1 bezpe\u010dnos\u0165 skladov mala \u00eds\u0165 nad r\u00e1mec ma\u013eovan\u00fdch \u010diar a v\u00fdstra\u017en\u00fdch zna\u010diek &#8211; zameriavame sa na uvedomel\u00e9 navrhovanie priestorov, jasn\u00e9 oddelenie dopravy a ochrann\u00e9 syst\u00e9my pohlcuj\u00face n\u00e1razy, ktor\u00e9 [&hellip;]<\/p>\n","protected":false},"author":11,"featured_media":40266,"parent":30350,"menu_order":0,"comment_status":"closed","ping_status":"closed","template":"","meta":{"inline_featured_image":false,"ngg_post_thumbnail":0,"footnotes":""},"class_list":["post-40328","page","type-page","status-publish","has-post-thumbnail","hentry"],"acf":[],"yoast_head":"<!-- This site is optimized with the Yoast SEO plugin v27.0 - https:\/\/yoast.com\/product\/yoast-seo-wordpress\/ -->\n<title>MID Magazine - &quot;Bezpe\u010dn\u00e1 z\u00f3na&quot; - &quot;Bezpieczna strefa&quot; - Anter System<\/title>\n<meta name=\"description\" content=\"N\u00e1\u0161 odborn\u00fd koment\u00e1r v \u010dasopise MID Sme radi, \u017ee sa n\u00e1\u0161 odborn\u00fd koment\u00e1r objavil v \u010dasopise MID - Magazyn Intralogistyki i Dystrybucji. V \u010dl\u00e1nku\" \/>\n<meta name=\"robots\" content=\"index, follow, max-snippet:-1, max-image-preview:large, max-video-preview:-1\" \/>\n<link rel=\"canonical\" href=\"https:\/\/antersystem.com\/sk\/novinky\/mid-magazine-safe-zone\/\" \/>\n<meta property=\"og:locale\" content=\"sk_SK\" \/>\n<meta property=\"og:type\" content=\"article\" \/>\n<meta property=\"og:title\" content=\"MID Magazine - &quot;Bezpe\u010dn\u00e1 z\u00f3na&quot; - &quot;Bezpieczna strefa&quot; - Anter System\" \/>\n<meta property=\"og:description\" content=\"N\u00e1\u0161 odborn\u00fd koment\u00e1r v \u010dasopise MID Sme radi, \u017ee sa n\u00e1\u0161 odborn\u00fd koment\u00e1r objavil v \u010dasopise MID - Magazyn Intralogistyki i Dystrybucji. V \u010dl\u00e1nku\" \/>\n<meta property=\"og:url\" content=\"https:\/\/antersystem.com\/sk\/novinky\/mid-magazine-safe-zone\/\" \/>\n<meta property=\"og:site_name\" content=\"Anter System\" \/>\n<meta property=\"article:modified_time\" content=\"2026-02-22T20:51:41+00:00\" \/>\n<meta property=\"og:image\" content=\"https:\/\/antersystem.com\/wp-content\/uploads\/MID-1-2026.webp\" \/>\n\t<meta property=\"og:image:width\" content=\"1920\" \/>\n\t<meta property=\"og:image:height\" content=\"1080\" \/>\n\t<meta property=\"og:image:type\" content=\"image\/webp\" \/>\n<meta name=\"twitter:card\" content=\"summary_large_image\" \/>\n<meta name=\"twitter:label1\" content=\"Predpokladan\u00fd \u010das \u010d\u00edtania\" \/>\n\t<meta name=\"twitter:data1\" content=\"1 min\u00fata\" \/>\n<script type=\"application\/ld+json\" class=\"yoast-schema-graph\">{\"@context\":\"https:\/\/schema.org\",\"@graph\":[{\"@type\":\"WebPage\",\"@id\":\"https:\/\/antersystem.com\/sk\/novinky\/mid-magazine-safe-zone\/\",\"url\":\"https:\/\/antersystem.com\/sk\/novinky\/mid-magazine-safe-zone\/\",\"name\":\"MID Magazine - \\\"Bezpe\u010dn\u00e1 z\u00f3na\\\" - \\\"Bezpieczna strefa\\\" - Anter System\",\"isPartOf\":{\"@id\":\"https:\/\/antersystem.com\/sk\/#website\"},\"primaryImageOfPage\":{\"@id\":\"https:\/\/antersystem.com\/sk\/novinky\/mid-magazine-safe-zone\/#primaryimage\"},\"image\":{\"@id\":\"https:\/\/antersystem.com\/sk\/novinky\/mid-magazine-safe-zone\/#primaryimage\"},\"thumbnailUrl\":\"https:\/\/antersystem.com\/wp-content\/uploads\/MID-1-2026.webp\",\"datePublished\":\"2026-02-13T13:00:03+00:00\",\"dateModified\":\"2026-02-22T20:51:41+00:00\",\"description\":\"N\u00e1\u0161 odborn\u00fd koment\u00e1r v \u010dasopise MID Sme radi, \u017ee sa n\u00e1\u0161 odborn\u00fd koment\u00e1r objavil v \u010dasopise MID - Magazyn Intralogistyki i Dystrybucji. V \u010dl\u00e1nku\",\"breadcrumb\":{\"@id\":\"https:\/\/antersystem.com\/sk\/novinky\/mid-magazine-safe-zone\/#breadcrumb\"},\"inLanguage\":\"sk-SK\",\"potentialAction\":[{\"@type\":\"ReadAction\",\"target\":[\"https:\/\/antersystem.com\/sk\/novinky\/mid-magazine-safe-zone\/\"]}]},{\"@type\":\"ImageObject\",\"inLanguage\":\"sk-SK\",\"@id\":\"https:\/\/antersystem.com\/sk\/novinky\/mid-magazine-safe-zone\/#primaryimage\",\"url\":\"https:\/\/antersystem.com\/wp-content\/uploads\/MID-1-2026.webp\",\"contentUrl\":\"https:\/\/antersystem.com\/wp-content\/uploads\/MID-1-2026.webp\",\"width\":1920,\"height\":1080},{\"@type\":\"BreadcrumbList\",\"@id\":\"https:\/\/antersystem.com\/sk\/novinky\/mid-magazine-safe-zone\/#breadcrumb\",\"itemListElement\":[{\"@type\":\"ListItem\",\"position\":1,\"name\":\"AnterSystem\",\"item\":\"https:\/\/antersystem.com\/sk\/\"},{\"@type\":\"ListItem\",\"position\":2,\"name\":\"Novinky\",\"item\":\"https:\/\/antersystem.com\/sk\/novinky\/\"},{\"@type\":\"ListItem\",\"position\":3,\"name\":\"MID Magazine &#8211; &#8222;Bezpe\u010dn\u00e1 z\u00f3na&#8220; &#8211; &#8222;Bezpieczna strefa&#8220;\"}]},{\"@type\":\"WebSite\",\"@id\":\"https:\/\/antersystem.com\/sk\/#website\",\"url\":\"https:\/\/antersystem.com\/sk\/\",\"name\":\"Anter System\",\"description\":\"Jeste\u015bmy polskim producentem elastycznych barier ochronnych wykonywanych z polimerowych tworzyw sztucznych. Na rynku krajowym i zagranicznym dzia\u0142amy od ponad 15 lat dbaj\u0105c o zapewnienie bezpiecze\u0144stwa w zak\u0142adach produkcyjnych, magazynach oraz centrach logistycznych.\",\"potentialAction\":[{\"@type\":\"SearchAction\",\"target\":{\"@type\":\"EntryPoint\",\"urlTemplate\":\"https:\/\/antersystem.com\/sk\/?s={search_term_string}\"},\"query-input\":{\"@type\":\"PropertyValueSpecification\",\"valueRequired\":true,\"valueName\":\"search_term_string\"}}],\"inLanguage\":\"sk-SK\"}]}<\/script>\n<!-- \/ Yoast SEO plugin. -->","yoast_head_json":{"title":"MID Magazine - \"Bezpe\u010dn\u00e1 z\u00f3na\" - \"Bezpieczna strefa\" - Anter System","description":"N\u00e1\u0161 odborn\u00fd koment\u00e1r v \u010dasopise MID Sme radi, \u017ee sa n\u00e1\u0161 odborn\u00fd koment\u00e1r objavil v \u010dasopise MID - Magazyn Intralogistyki i Dystrybucji. V \u010dl\u00e1nku","robots":{"index":"index","follow":"follow","max-snippet":"max-snippet:-1","max-image-preview":"max-image-preview:large","max-video-preview":"max-video-preview:-1"},"canonical":"https:\/\/antersystem.com\/sk\/novinky\/mid-magazine-safe-zone\/","og_locale":"sk_SK","og_type":"article","og_title":"MID Magazine - \"Bezpe\u010dn\u00e1 z\u00f3na\" - \"Bezpieczna strefa\" - Anter System","og_description":"N\u00e1\u0161 odborn\u00fd koment\u00e1r v \u010dasopise MID Sme radi, \u017ee sa n\u00e1\u0161 odborn\u00fd koment\u00e1r objavil v \u010dasopise MID - Magazyn Intralogistyki i Dystrybucji. V \u010dl\u00e1nku","og_url":"https:\/\/antersystem.com\/sk\/novinky\/mid-magazine-safe-zone\/","og_site_name":"Anter System","article_modified_time":"2026-02-22T20:51:41+00:00","og_image":[{"width":1920,"height":1080,"url":"https:\/\/antersystem.com\/wp-content\/uploads\/MID-1-2026.webp","type":"image\/webp"}],"twitter_card":"summary_large_image","twitter_misc":{"Predpokladan\u00fd \u010das \u010d\u00edtania":"1 min\u00fata"},"schema":{"@context":"https:\/\/schema.org","@graph":[{"@type":"WebPage","@id":"https:\/\/antersystem.com\/sk\/novinky\/mid-magazine-safe-zone\/","url":"https:\/\/antersystem.com\/sk\/novinky\/mid-magazine-safe-zone\/","name":"MID Magazine - \"Bezpe\u010dn\u00e1 z\u00f3na\" - \"Bezpieczna strefa\" - Anter System","isPartOf":{"@id":"https:\/\/antersystem.com\/sk\/#website"},"primaryImageOfPage":{"@id":"https:\/\/antersystem.com\/sk\/novinky\/mid-magazine-safe-zone\/#primaryimage"},"image":{"@id":"https:\/\/antersystem.com\/sk\/novinky\/mid-magazine-safe-zone\/#primaryimage"},"thumbnailUrl":"https:\/\/antersystem.com\/wp-content\/uploads\/MID-1-2026.webp","datePublished":"2026-02-13T13:00:03+00:00","dateModified":"2026-02-22T20:51:41+00:00","description":"N\u00e1\u0161 odborn\u00fd koment\u00e1r v \u010dasopise MID Sme radi, \u017ee sa n\u00e1\u0161 odborn\u00fd koment\u00e1r objavil v \u010dasopise MID - Magazyn Intralogistyki i Dystrybucji. V \u010dl\u00e1nku","breadcrumb":{"@id":"https:\/\/antersystem.com\/sk\/novinky\/mid-magazine-safe-zone\/#breadcrumb"},"inLanguage":"sk-SK","potentialAction":[{"@type":"ReadAction","target":["https:\/\/antersystem.com\/sk\/novinky\/mid-magazine-safe-zone\/"]}]},{"@type":"ImageObject","inLanguage":"sk-SK","@id":"https:\/\/antersystem.com\/sk\/novinky\/mid-magazine-safe-zone\/#primaryimage","url":"https:\/\/antersystem.com\/wp-content\/uploads\/MID-1-2026.webp","contentUrl":"https:\/\/antersystem.com\/wp-content\/uploads\/MID-1-2026.webp","width":1920,"height":1080},{"@type":"BreadcrumbList","@id":"https:\/\/antersystem.com\/sk\/novinky\/mid-magazine-safe-zone\/#breadcrumb","itemListElement":[{"@type":"ListItem","position":1,"name":"AnterSystem","item":"https:\/\/antersystem.com\/sk\/"},{"@type":"ListItem","position":2,"name":"Novinky","item":"https:\/\/antersystem.com\/sk\/novinky\/"},{"@type":"ListItem","position":3,"name":"MID Magazine &#8211; &#8222;Bezpe\u010dn\u00e1 z\u00f3na&#8220; &#8211; &#8222;Bezpieczna strefa&#8220;"}]},{"@type":"WebSite","@id":"https:\/\/antersystem.com\/sk\/#website","url":"https:\/\/antersystem.com\/sk\/","name":"Anter System","description":"Jeste\u015bmy polskim producentem elastycznych barier ochronnych wykonywanych z polimerowych tworzyw sztucznych. Na rynku krajowym i zagranicznym dzia\u0142amy od ponad 15 lat dbaj\u0105c o zapewnienie bezpiecze\u0144stwa w zak\u0142adach produkcyjnych, magazynach oraz centrach logistycznych.","potentialAction":[{"@type":"SearchAction","target":{"@type":"EntryPoint","urlTemplate":"https:\/\/antersystem.com\/sk\/?s={search_term_string}"},"query-input":{"@type":"PropertyValueSpecification","valueRequired":true,"valueName":"search_term_string"}}],"inLanguage":"sk-SK"}]}},"_links":{"self":[{"href":"https:\/\/antersystem.com\/sk\/wp-json\/wp\/v2\/pages\/40328","targetHints":{"allow":["GET"]}}],"collection":[{"href":"https:\/\/antersystem.com\/sk\/wp-json\/wp\/v2\/pages"}],"about":[{"href":"https:\/\/antersystem.com\/sk\/wp-json\/wp\/v2\/types\/page"}],"author":[{"embeddable":true,"href":"https:\/\/antersystem.com\/sk\/wp-json\/wp\/v2\/users\/11"}],"replies":[{"embeddable":true,"href":"https:\/\/antersystem.com\/sk\/wp-json\/wp\/v2\/comments?post=40328"}],"version-history":[{"count":3,"href":"https:\/\/antersystem.com\/sk\/wp-json\/wp\/v2\/pages\/40328\/revisions"}],"predecessor-version":[{"id":40331,"href":"https:\/\/antersystem.com\/sk\/wp-json\/wp\/v2\/pages\/40328\/revisions\/40331"}],"up":[{"embeddable":true,"href":"https:\/\/antersystem.com\/sk\/wp-json\/wp\/v2\/pages\/30350"}],"wp:featuredmedia":[{"embeddable":true,"href":"https:\/\/antersystem.com\/sk\/wp-json\/wp\/v2\/media\/40266"}],"wp:attachment":[{"href":"https:\/\/antersystem.com\/sk\/wp-json\/wp\/v2\/media?parent=40328"}],"curies":[{"name":"wp","href":"https:\/\/api.w.org\/{rel}","templated":true}]}}