{"id":40343,"date":"2025-12-22T15:36:00","date_gmt":"2025-12-22T14:36:00","guid":{"rendered":"https:\/\/antersystem.com\/novinky\/handling-expo-2025\/"},"modified":"2026-02-22T22:30:21","modified_gmt":"2026-02-22T21:30:21","slug":"handling-expo-2025","status":"publish","type":"page","link":"https:\/\/antersystem.com\/sk\/novinky\/handling-expo-2025\/","title":{"rendered":"Handling Expo 2025"},"content":{"rendered":"<h2>Anter System na Handling Expo 2025 v K\u00e1hire<\/h2>\n<p>Od 18. do 21. decembra 2025 sme mali to pote\u0161enie z\u00fa\u010dastni\u0165 sa na <strong>Handling Expo &#8211; Medzin\u00e1rodnej v\u00fdstave pre manipul\u00e1ciu s materi\u00e1lom a skladovacie zariadenia v K\u00e1hire<\/strong> v Egypte. Toto podujatie predstavovalo d\u00f4le\u017eit\u00fa zast\u00e1vku na medzin\u00e1rodnej mape spolo\u010dnosti Anter System a siln\u00fd z\u00e1vere\u010dn\u00fd bod na\u0161ej ve\u013etr\u017enej sez\u00f3ny 2025. <\/p>\n<p>V\u00fdstava Handling Expo, ktor\u00e1 sa konala v Egyptskom medzin\u00e1rodnom v\u00fdstavnom centre, potvrdila, ako dynamicky sa vyv\u00edjaj\u00fa skladovanie, intralogistika a priemyseln\u00e1 bezpe\u010dnos\u0165 na trhoch Bl\u00edzkeho v\u00fdchodu a Afriky. Pod\u013ea organiz\u00e1torov sa na tohtoro\u010dnom ro\u010dn\u00edku z\u00fa\u010dastnilo 622 <strong>vystavovate\u013eov z 27 kraj\u00edn a pril\u00e1kalo<\/strong> 24 208 <strong>odborn\u00fdch n\u00e1v\u0161tevn\u00edkov, \u010d\u00edm sa vytvorila \u017eiv\u00e1 platforma<\/strong> na v\u00fdmenu poznatkov a obchodn\u00fd rast. <\/p>\n<p>Na ve\u013etrhu sme predstavili n\u00e1\u0161 pr\u00edstup k <strong>flexibiln\u00fdm syst\u00e9mom ochrany proti n\u00e1razu so zameran\u00edm<\/strong> na praktick\u00e9 bezpe\u010dnostn\u00e9 v\u00fdzvy v modern\u00fdch skladoch a v\u00fdrobn\u00fdch zariadeniach. Spolu s na\u0161\u00edm partnerom <strong>IRack Storage Solution<\/strong> sme predstavili rie\u0161enia navrhnut\u00e9 pre re\u00e1lne prev\u00e1dzkov\u00e9 podmienky &#8211; ochranu \u013eud\u00ed, infra\u0161trukt\u00fary a tovaru v priemyseln\u00fdch prostrediach s vysokou intenzitou prev\u00e1dzky. <\/p>\n<p>Ka\u017ed\u00e9 medzin\u00e1rodn\u00e9 podujatie n\u00e1m pom\u00e1ha lep\u0161ie pochopi\u0165 potreby miestneho trhu, vymie\u0148a\u0165 si n\u00e1zory s odborn\u00edkmi z odvetvia a zdokona\u013eova\u0165 rie\u0161enia, ktor\u00e9 funguj\u00fa glob\u00e1lne a z\u00e1rove\u0148 sa implementuj\u00fa na miestnej \u00farovni.<\/p>\n<p>\u010eakujeme v\u0161etk\u00fdm, ktor\u00ed n\u00e1s v K\u00e1hire nav\u0161t\u00edvili a prispeli k in\u0161pirat\u00edvnym rozhovorom a hodnotn\u00fdm stretnutiam. Te\u0161\u00edme sa na pokra\u010dovanie t\u00fdchto diskusi\u00ed v roku 2026. <\/p>\n","protected":false},"excerpt":{"rendered":"<p>Anter System na Handling Expo 2025 v K\u00e1hire Od 18. do 21. decembra 2025 sme mali to pote\u0161enie z\u00fa\u010dastni\u0165 sa na Handling Expo &#8211; Medzin\u00e1rodnej v\u00fdstave pre manipul\u00e1ciu s materi\u00e1lom a skladovacie zariadenia v K\u00e1hire v Egypte. Toto podujatie predstavovalo d\u00f4le\u017eit\u00fa zast\u00e1vku na medzin\u00e1rodnej mape spolo\u010dnosti Anter System a siln\u00fd z\u00e1vere\u010dn\u00fd bod na\u0161ej ve\u013etr\u017enej sez\u00f3ny [&hellip;]<\/p>\n","protected":false},"author":11,"featured_media":40290,"parent":30350,"menu_order":0,"comment_status":"closed","ping_status":"closed","template":"","meta":{"inline_featured_image":false,"ngg_post_thumbnail":0,"footnotes":""},"class_list":["post-40343","page","type-page","status-publish","has-post-thumbnail","hentry"],"acf":[],"yoast_head":"<!-- This site is optimized with the Yoast SEO plugin v27.0 - https:\/\/yoast.com\/product\/yoast-seo-wordpress\/ -->\n<title>Handling Expo 2025 - Anter System<\/title>\n<meta name=\"description\" content=\"Anter System na Handling Expo 2025 v K\u00e1hire Od 18. do 21. decembra 2025 sme mali to pote\u0161enie z\u00fa\u010dastni\u0165 sa na Handling Expo - Medzin\u00e1rodnej v\u00fdstave pre\" \/>\n<meta name=\"robots\" content=\"index, follow, max-snippet:-1, max-image-preview:large, max-video-preview:-1\" \/>\n<link rel=\"canonical\" href=\"https:\/\/antersystem.com\/sk\/novinky\/handling-expo-2025\/\" \/>\n<meta property=\"og:locale\" content=\"sk_SK\" \/>\n<meta property=\"og:type\" content=\"article\" \/>\n<meta property=\"og:title\" content=\"Handling Expo 2025 - Anter System\" \/>\n<meta property=\"og:description\" content=\"Anter System na Handling Expo 2025 v K\u00e1hire Od 18. do 21. decembra 2025 sme mali to pote\u0161enie z\u00fa\u010dastni\u0165 sa na Handling Expo - Medzin\u00e1rodnej v\u00fdstave pre\" \/>\n<meta property=\"og:url\" content=\"https:\/\/antersystem.com\/sk\/novinky\/handling-expo-2025\/\" \/>\n<meta property=\"og:site_name\" content=\"Anter System\" \/>\n<meta property=\"article:modified_time\" content=\"2026-02-22T21:30:21+00:00\" \/>\n<meta property=\"og:image\" content=\"https:\/\/antersystem.com\/wp-content\/uploads\/handling-expo-2025-cover.webp\" \/>\n\t<meta property=\"og:image:width\" content=\"1921\" \/>\n\t<meta property=\"og:image:height\" content=\"1080\" \/>\n\t<meta property=\"og:image:type\" content=\"image\/webp\" \/>\n<meta name=\"twitter:card\" content=\"summary_large_image\" \/>\n<meta name=\"twitter:label1\" content=\"Predpokladan\u00fd \u010das \u010d\u00edtania\" \/>\n\t<meta name=\"twitter:data1\" content=\"1 min\u00fata\" \/>\n<script type=\"application\/ld+json\" class=\"yoast-schema-graph\">{\"@context\":\"https:\/\/schema.org\",\"@graph\":[{\"@type\":\"WebPage\",\"@id\":\"https:\/\/antersystem.com\/sk\/novinky\/handling-expo-2025\/\",\"url\":\"https:\/\/antersystem.com\/sk\/novinky\/handling-expo-2025\/\",\"name\":\"Handling Expo 2025 - Anter System\",\"isPartOf\":{\"@id\":\"https:\/\/antersystem.com\/sk\/#website\"},\"primaryImageOfPage\":{\"@id\":\"https:\/\/antersystem.com\/sk\/novinky\/handling-expo-2025\/#primaryimage\"},\"image\":{\"@id\":\"https:\/\/antersystem.com\/sk\/novinky\/handling-expo-2025\/#primaryimage\"},\"thumbnailUrl\":\"https:\/\/antersystem.com\/wp-content\/uploads\/handling-expo-2025-cover.webp\",\"datePublished\":\"2025-12-22T14:36:00+00:00\",\"dateModified\":\"2026-02-22T21:30:21+00:00\",\"description\":\"Anter System na Handling Expo 2025 v K\u00e1hire Od 18. do 21. decembra 2025 sme mali to pote\u0161enie z\u00fa\u010dastni\u0165 sa na Handling Expo - Medzin\u00e1rodnej v\u00fdstave pre\",\"breadcrumb\":{\"@id\":\"https:\/\/antersystem.com\/sk\/novinky\/handling-expo-2025\/#breadcrumb\"},\"inLanguage\":\"sk-SK\",\"potentialAction\":[{\"@type\":\"ReadAction\",\"target\":[\"https:\/\/antersystem.com\/sk\/novinky\/handling-expo-2025\/\"]}]},{\"@type\":\"ImageObject\",\"inLanguage\":\"sk-SK\",\"@id\":\"https:\/\/antersystem.com\/sk\/novinky\/handling-expo-2025\/#primaryimage\",\"url\":\"https:\/\/antersystem.com\/wp-content\/uploads\/handling-expo-2025-cover.webp\",\"contentUrl\":\"https:\/\/antersystem.com\/wp-content\/uploads\/handling-expo-2025-cover.webp\",\"width\":1921,\"height\":1080},{\"@type\":\"BreadcrumbList\",\"@id\":\"https:\/\/antersystem.com\/sk\/novinky\/handling-expo-2025\/#breadcrumb\",\"itemListElement\":[{\"@type\":\"ListItem\",\"position\":1,\"name\":\"AnterSystem\",\"item\":\"https:\/\/antersystem.com\/sk\/\"},{\"@type\":\"ListItem\",\"position\":2,\"name\":\"Novinky\",\"item\":\"https:\/\/antersystem.com\/sk\/novinky\/\"},{\"@type\":\"ListItem\",\"position\":3,\"name\":\"Handling Expo 2025\"}]},{\"@type\":\"WebSite\",\"@id\":\"https:\/\/antersystem.com\/sk\/#website\",\"url\":\"https:\/\/antersystem.com\/sk\/\",\"name\":\"Anter System\",\"description\":\"Jeste\u015bmy polskim producentem elastycznych barier ochronnych wykonywanych z polimerowych tworzyw sztucznych. Na rynku krajowym i zagranicznym dzia\u0142amy od ponad 15 lat dbaj\u0105c o zapewnienie bezpiecze\u0144stwa w zak\u0142adach produkcyjnych, magazynach oraz centrach logistycznych.\",\"potentialAction\":[{\"@type\":\"SearchAction\",\"target\":{\"@type\":\"EntryPoint\",\"urlTemplate\":\"https:\/\/antersystem.com\/sk\/?s={search_term_string}\"},\"query-input\":{\"@type\":\"PropertyValueSpecification\",\"valueRequired\":true,\"valueName\":\"search_term_string\"}}],\"inLanguage\":\"sk-SK\"}]}<\/script>\n<!-- \/ Yoast SEO plugin. -->","yoast_head_json":{"title":"Handling Expo 2025 - Anter System","description":"Anter System na Handling Expo 2025 v K\u00e1hire Od 18. do 21. decembra 2025 sme mali to pote\u0161enie z\u00fa\u010dastni\u0165 sa na Handling Expo - Medzin\u00e1rodnej v\u00fdstave pre","robots":{"index":"index","follow":"follow","max-snippet":"max-snippet:-1","max-image-preview":"max-image-preview:large","max-video-preview":"max-video-preview:-1"},"canonical":"https:\/\/antersystem.com\/sk\/novinky\/handling-expo-2025\/","og_locale":"sk_SK","og_type":"article","og_title":"Handling Expo 2025 - Anter System","og_description":"Anter System na Handling Expo 2025 v K\u00e1hire Od 18. do 21. decembra 2025 sme mali to pote\u0161enie z\u00fa\u010dastni\u0165 sa na Handling Expo - Medzin\u00e1rodnej v\u00fdstave pre","og_url":"https:\/\/antersystem.com\/sk\/novinky\/handling-expo-2025\/","og_site_name":"Anter System","article_modified_time":"2026-02-22T21:30:21+00:00","og_image":[{"width":1921,"height":1080,"url":"https:\/\/antersystem.com\/wp-content\/uploads\/handling-expo-2025-cover.webp","type":"image\/webp"}],"twitter_card":"summary_large_image","twitter_misc":{"Predpokladan\u00fd \u010das \u010d\u00edtania":"1 min\u00fata"},"schema":{"@context":"https:\/\/schema.org","@graph":[{"@type":"WebPage","@id":"https:\/\/antersystem.com\/sk\/novinky\/handling-expo-2025\/","url":"https:\/\/antersystem.com\/sk\/novinky\/handling-expo-2025\/","name":"Handling Expo 2025 - Anter System","isPartOf":{"@id":"https:\/\/antersystem.com\/sk\/#website"},"primaryImageOfPage":{"@id":"https:\/\/antersystem.com\/sk\/novinky\/handling-expo-2025\/#primaryimage"},"image":{"@id":"https:\/\/antersystem.com\/sk\/novinky\/handling-expo-2025\/#primaryimage"},"thumbnailUrl":"https:\/\/antersystem.com\/wp-content\/uploads\/handling-expo-2025-cover.webp","datePublished":"2025-12-22T14:36:00+00:00","dateModified":"2026-02-22T21:30:21+00:00","description":"Anter System na Handling Expo 2025 v K\u00e1hire Od 18. do 21. decembra 2025 sme mali to pote\u0161enie z\u00fa\u010dastni\u0165 sa na Handling Expo - Medzin\u00e1rodnej v\u00fdstave pre","breadcrumb":{"@id":"https:\/\/antersystem.com\/sk\/novinky\/handling-expo-2025\/#breadcrumb"},"inLanguage":"sk-SK","potentialAction":[{"@type":"ReadAction","target":["https:\/\/antersystem.com\/sk\/novinky\/handling-expo-2025\/"]}]},{"@type":"ImageObject","inLanguage":"sk-SK","@id":"https:\/\/antersystem.com\/sk\/novinky\/handling-expo-2025\/#primaryimage","url":"https:\/\/antersystem.com\/wp-content\/uploads\/handling-expo-2025-cover.webp","contentUrl":"https:\/\/antersystem.com\/wp-content\/uploads\/handling-expo-2025-cover.webp","width":1921,"height":1080},{"@type":"BreadcrumbList","@id":"https:\/\/antersystem.com\/sk\/novinky\/handling-expo-2025\/#breadcrumb","itemListElement":[{"@type":"ListItem","position":1,"name":"AnterSystem","item":"https:\/\/antersystem.com\/sk\/"},{"@type":"ListItem","position":2,"name":"Novinky","item":"https:\/\/antersystem.com\/sk\/novinky\/"},{"@type":"ListItem","position":3,"name":"Handling Expo 2025"}]},{"@type":"WebSite","@id":"https:\/\/antersystem.com\/sk\/#website","url":"https:\/\/antersystem.com\/sk\/","name":"Anter System","description":"Jeste\u015bmy polskim producentem elastycznych barier ochronnych wykonywanych z polimerowych tworzyw sztucznych. Na rynku krajowym i zagranicznym dzia\u0142amy od ponad 15 lat dbaj\u0105c o zapewnienie bezpiecze\u0144stwa w zak\u0142adach produkcyjnych, magazynach oraz centrach logistycznych.","potentialAction":[{"@type":"SearchAction","target":{"@type":"EntryPoint","urlTemplate":"https:\/\/antersystem.com\/sk\/?s={search_term_string}"},"query-input":{"@type":"PropertyValueSpecification","valueRequired":true,"valueName":"search_term_string"}}],"inLanguage":"sk-SK"}]}},"_links":{"self":[{"href":"https:\/\/antersystem.com\/sk\/wp-json\/wp\/v2\/pages\/40343","targetHints":{"allow":["GET"]}}],"collection":[{"href":"https:\/\/antersystem.com\/sk\/wp-json\/wp\/v2\/pages"}],"about":[{"href":"https:\/\/antersystem.com\/sk\/wp-json\/wp\/v2\/types\/page"}],"author":[{"embeddable":true,"href":"https:\/\/antersystem.com\/sk\/wp-json\/wp\/v2\/users\/11"}],"replies":[{"embeddable":true,"href":"https:\/\/antersystem.com\/sk\/wp-json\/wp\/v2\/comments?post=40343"}],"version-history":[{"count":1,"href":"https:\/\/antersystem.com\/sk\/wp-json\/wp\/v2\/pages\/40343\/revisions"}],"predecessor-version":[{"id":40380,"href":"https:\/\/antersystem.com\/sk\/wp-json\/wp\/v2\/pages\/40343\/revisions\/40380"}],"up":[{"embeddable":true,"href":"https:\/\/antersystem.com\/sk\/wp-json\/wp\/v2\/pages\/30350"}],"wp:featuredmedia":[{"embeddable":true,"href":"https:\/\/antersystem.com\/sk\/wp-json\/wp\/v2\/media\/40290"}],"wp:attachment":[{"href":"https:\/\/antersystem.com\/sk\/wp-json\/wp\/v2\/media?parent=40343"}],"curies":[{"name":"wp","href":"https:\/\/api.w.org\/{rel}","templated":true}]}}