{"id":40867,"date":"2026-03-31T10:10:47","date_gmt":"2026-03-31T08:10:47","guid":{"rendered":"https:\/\/antersystem.com\/novinky\/see-you-at-nordbygg-2026\/"},"modified":"2026-04-16T10:59:55","modified_gmt":"2026-04-16T08:59:55","slug":"see-you-at-nordbygg-2026","status":"publish","type":"page","link":"https:\/\/antersystem.com\/sk\/novinky\/see-you-at-nordbygg-2026\/","title":{"rendered":"Uvid\u00edme sa na Nordbygg 2026 vo \u0160v\u00e9dsku"},"content":{"rendered":"<p>Spolo\u010dnos\u0165 Anter System bude vystavova\u0165 na <strong>ve\u013etrhu Nordbygg 2026,<\/strong> ktor\u00fd sa kon\u00e1 v <strong>\u0160tokholme vo \u0160v\u00e9dsku.<\/strong> Nordbygg je jedn\u00fdm z najv\u00fdznamnej\u0161\u00edch ve\u013etrhov pre stavebn\u00edctvo a stavebn\u00fd priemysel v severskom regi\u00f3ne, na ktorom sa stret\u00e1vaj\u00fa odborn\u00edci h\u013eadaj\u00faci inovat\u00edvne a praktick\u00e9 rie\u0161enia. <\/p>\n<p>Po\u010das podujatia sa n\u00e1v\u0161tevn\u00edci bud\u00fa m\u00f4c\u0165 stretn\u00fa\u0165 so spolo\u010dnos\u0165ou Anter System v st\u00e1nku <strong>Po\u013eskej agent\u00fary pre rozvoj podnikania.<\/strong> Budeme prezentova\u0165 na\u0161e priemyseln\u00e9 bezpe\u010dnostn\u00e9 rie\u0161enia ur\u010den\u00e9 na ochranu os\u00f4b, infra\u0161trukt\u00fary a prev\u00e1dzky v skladoch, v\u00fdrobn\u00fdch zariadeniach a logistick\u00fdch prostrediach. <\/p>\n<p>Ak nav\u0161t\u00edvite spolo\u010dnos\u0165 Nordbygg, srde\u010dne v\u00e1s poz\u00fdvame na stretnutie s na\u0161\u00edm t\u00edmom v hale <strong>C, st\u00e1nok C03:61.<\/strong> Te\u0161\u00edme sa na v\u00e1s vo \u0160v\u00e9dsku. <\/p>\n","protected":false},"excerpt":{"rendered":"<p>Spolo\u010dnos\u0165 Anter System bude vystavova\u0165 na ve\u013etrhu Nordbygg 2026, ktor\u00fd sa kon\u00e1 v \u0160tokholme vo \u0160v\u00e9dsku. Nordbygg je jedn\u00fdm z najv\u00fdznamnej\u0161\u00edch ve\u013etrhov pre stavebn\u00edctvo a stavebn\u00fd priemysel v severskom regi\u00f3ne, na ktorom sa stret\u00e1vaj\u00fa odborn\u00edci h\u013eadaj\u00faci inovat\u00edvne a praktick\u00e9 rie\u0161enia. Po\u010das podujatia sa n\u00e1v\u0161tevn\u00edci bud\u00fa m\u00f4c\u0165 stretn\u00fa\u0165 so spolo\u010dnos\u0165ou Anter System v st\u00e1nku Po\u013eskej agent\u00fary [&hellip;]<\/p>\n","protected":false},"author":11,"featured_media":40836,"parent":30350,"menu_order":0,"comment_status":"closed","ping_status":"closed","template":"","meta":{"inline_featured_image":false,"ngg_post_thumbnail":0,"footnotes":""},"class_list":["post-40867","page","type-page","status-publish","has-post-thumbnail","hentry"],"acf":[],"yoast_head":"<!-- This site is optimized with the Yoast SEO plugin v27.0 - https:\/\/yoast.com\/product\/yoast-seo-wordpress\/ -->\n<title>Uvid\u00edme sa na Nordbygg 2026 vo \u0160v\u00e9dsku - Anter System<\/title>\n<meta name=\"description\" content=\"Spolo\u010dnos\u0165 Anter System bude vystavova\u0165 na ve\u013etrhu Nordbygg 2026, ktor\u00fd sa kon\u00e1 v \u0160tokholme vo \u0160v\u00e9dsku. Nordbygg je jedn\u00fdm z najv\u00fdznamnej\u0161\u00edch ve\u013etrhov pre\" \/>\n<meta name=\"robots\" content=\"index, follow, max-snippet:-1, max-image-preview:large, max-video-preview:-1\" \/>\n<link rel=\"canonical\" href=\"https:\/\/antersystem.com\/sk\/novinky\/see-you-at-nordbygg-2026\/\" \/>\n<meta property=\"og:locale\" content=\"sk_SK\" \/>\n<meta property=\"og:type\" content=\"article\" \/>\n<meta property=\"og:title\" content=\"Uvid\u00edme sa na Nordbygg 2026 vo \u0160v\u00e9dsku - Anter System\" \/>\n<meta property=\"og:description\" content=\"Spolo\u010dnos\u0165 Anter System bude vystavova\u0165 na ve\u013etrhu Nordbygg 2026, ktor\u00fd sa kon\u00e1 v \u0160tokholme vo \u0160v\u00e9dsku. Nordbygg je jedn\u00fdm z najv\u00fdznamnej\u0161\u00edch ve\u013etrhov pre\" \/>\n<meta property=\"og:url\" content=\"https:\/\/antersystem.com\/sk\/novinky\/see-you-at-nordbygg-2026\/\" \/>\n<meta property=\"og:site_name\" content=\"Anter System\" \/>\n<meta property=\"article:modified_time\" content=\"2026-04-16T08:59:55+00:00\" \/>\n<meta property=\"og:image\" content=\"https:\/\/antersystem.com\/wp-content\/uploads\/norbygg-logo.webp\" \/>\n\t<meta property=\"og:image:width\" content=\"961\" \/>\n\t<meta property=\"og:image:height\" content=\"541\" \/>\n\t<meta property=\"og:image:type\" content=\"image\/webp\" \/>\n<meta name=\"twitter:card\" content=\"summary_large_image\" \/>\n<meta name=\"twitter:label1\" content=\"Predpokladan\u00fd \u010das \u010d\u00edtania\" \/>\n\t<meta name=\"twitter:data1\" content=\"1 min\u00fata\" \/>\n<script type=\"application\/ld+json\" class=\"yoast-schema-graph\">{\"@context\":\"https:\/\/schema.org\",\"@graph\":[{\"@type\":\"WebPage\",\"@id\":\"https:\/\/antersystem.com\/sk\/novinky\/see-you-at-nordbygg-2026\/\",\"url\":\"https:\/\/antersystem.com\/sk\/novinky\/see-you-at-nordbygg-2026\/\",\"name\":\"Uvid\u00edme sa na Nordbygg 2026 vo \u0160v\u00e9dsku - Anter System\",\"isPartOf\":{\"@id\":\"https:\/\/antersystem.com\/sk\/#website\"},\"primaryImageOfPage\":{\"@id\":\"https:\/\/antersystem.com\/sk\/novinky\/see-you-at-nordbygg-2026\/#primaryimage\"},\"image\":{\"@id\":\"https:\/\/antersystem.com\/sk\/novinky\/see-you-at-nordbygg-2026\/#primaryimage\"},\"thumbnailUrl\":\"https:\/\/antersystem.com\/wp-content\/uploads\/norbygg-logo.webp\",\"datePublished\":\"2026-03-31T08:10:47+00:00\",\"dateModified\":\"2026-04-16T08:59:55+00:00\",\"description\":\"Spolo\u010dnos\u0165 Anter System bude vystavova\u0165 na ve\u013etrhu Nordbygg 2026, ktor\u00fd sa kon\u00e1 v \u0160tokholme vo \u0160v\u00e9dsku. Nordbygg je jedn\u00fdm z najv\u00fdznamnej\u0161\u00edch ve\u013etrhov pre\",\"breadcrumb\":{\"@id\":\"https:\/\/antersystem.com\/sk\/novinky\/see-you-at-nordbygg-2026\/#breadcrumb\"},\"inLanguage\":\"sk-SK\",\"potentialAction\":[{\"@type\":\"ReadAction\",\"target\":[\"https:\/\/antersystem.com\/sk\/novinky\/see-you-at-nordbygg-2026\/\"]}]},{\"@type\":\"ImageObject\",\"inLanguage\":\"sk-SK\",\"@id\":\"https:\/\/antersystem.com\/sk\/novinky\/see-you-at-nordbygg-2026\/#primaryimage\",\"url\":\"https:\/\/antersystem.com\/wp-content\/uploads\/norbygg-logo.webp\",\"contentUrl\":\"https:\/\/antersystem.com\/wp-content\/uploads\/norbygg-logo.webp\",\"width\":961,\"height\":541},{\"@type\":\"BreadcrumbList\",\"@id\":\"https:\/\/antersystem.com\/sk\/novinky\/see-you-at-nordbygg-2026\/#breadcrumb\",\"itemListElement\":[{\"@type\":\"ListItem\",\"position\":1,\"name\":\"AnterSystem\",\"item\":\"https:\/\/antersystem.com\/sk\/\"},{\"@type\":\"ListItem\",\"position\":2,\"name\":\"Novinky\",\"item\":\"https:\/\/antersystem.com\/sk\/novinky\/\"},{\"@type\":\"ListItem\",\"position\":3,\"name\":\"Uvid\u00edme sa na Nordbygg 2026 vo \u0160v\u00e9dsku\"}]},{\"@type\":\"WebSite\",\"@id\":\"https:\/\/antersystem.com\/sk\/#website\",\"url\":\"https:\/\/antersystem.com\/sk\/\",\"name\":\"Anter System\",\"description\":\"Jeste\u015bmy polskim producentem elastycznych barier ochronnych wykonywanych z polimerowych tworzyw sztucznych. Na rynku krajowym i zagranicznym dzia\u0142amy od ponad 15 lat dbaj\u0105c o zapewnienie bezpiecze\u0144stwa w zak\u0142adach produkcyjnych, magazynach oraz centrach logistycznych.\",\"potentialAction\":[{\"@type\":\"SearchAction\",\"target\":{\"@type\":\"EntryPoint\",\"urlTemplate\":\"https:\/\/antersystem.com\/sk\/?s={search_term_string}\"},\"query-input\":{\"@type\":\"PropertyValueSpecification\",\"valueRequired\":true,\"valueName\":\"search_term_string\"}}],\"inLanguage\":\"sk-SK\"}]}<\/script>\n<!-- \/ Yoast SEO plugin. -->","yoast_head_json":{"title":"Uvid\u00edme sa na Nordbygg 2026 vo \u0160v\u00e9dsku - Anter System","description":"Spolo\u010dnos\u0165 Anter System bude vystavova\u0165 na ve\u013etrhu Nordbygg 2026, ktor\u00fd sa kon\u00e1 v \u0160tokholme vo \u0160v\u00e9dsku. Nordbygg je jedn\u00fdm z najv\u00fdznamnej\u0161\u00edch ve\u013etrhov pre","robots":{"index":"index","follow":"follow","max-snippet":"max-snippet:-1","max-image-preview":"max-image-preview:large","max-video-preview":"max-video-preview:-1"},"canonical":"https:\/\/antersystem.com\/sk\/novinky\/see-you-at-nordbygg-2026\/","og_locale":"sk_SK","og_type":"article","og_title":"Uvid\u00edme sa na Nordbygg 2026 vo \u0160v\u00e9dsku - Anter System","og_description":"Spolo\u010dnos\u0165 Anter System bude vystavova\u0165 na ve\u013etrhu Nordbygg 2026, ktor\u00fd sa kon\u00e1 v \u0160tokholme vo \u0160v\u00e9dsku. Nordbygg je jedn\u00fdm z najv\u00fdznamnej\u0161\u00edch ve\u013etrhov pre","og_url":"https:\/\/antersystem.com\/sk\/novinky\/see-you-at-nordbygg-2026\/","og_site_name":"Anter System","article_modified_time":"2026-04-16T08:59:55+00:00","og_image":[{"width":961,"height":541,"url":"https:\/\/antersystem.com\/wp-content\/uploads\/norbygg-logo.webp","type":"image\/webp"}],"twitter_card":"summary_large_image","twitter_misc":{"Predpokladan\u00fd \u010das \u010d\u00edtania":"1 min\u00fata"},"schema":{"@context":"https:\/\/schema.org","@graph":[{"@type":"WebPage","@id":"https:\/\/antersystem.com\/sk\/novinky\/see-you-at-nordbygg-2026\/","url":"https:\/\/antersystem.com\/sk\/novinky\/see-you-at-nordbygg-2026\/","name":"Uvid\u00edme sa na Nordbygg 2026 vo \u0160v\u00e9dsku - Anter System","isPartOf":{"@id":"https:\/\/antersystem.com\/sk\/#website"},"primaryImageOfPage":{"@id":"https:\/\/antersystem.com\/sk\/novinky\/see-you-at-nordbygg-2026\/#primaryimage"},"image":{"@id":"https:\/\/antersystem.com\/sk\/novinky\/see-you-at-nordbygg-2026\/#primaryimage"},"thumbnailUrl":"https:\/\/antersystem.com\/wp-content\/uploads\/norbygg-logo.webp","datePublished":"2026-03-31T08:10:47+00:00","dateModified":"2026-04-16T08:59:55+00:00","description":"Spolo\u010dnos\u0165 Anter System bude vystavova\u0165 na ve\u013etrhu Nordbygg 2026, ktor\u00fd sa kon\u00e1 v \u0160tokholme vo \u0160v\u00e9dsku. Nordbygg je jedn\u00fdm z najv\u00fdznamnej\u0161\u00edch ve\u013etrhov pre","breadcrumb":{"@id":"https:\/\/antersystem.com\/sk\/novinky\/see-you-at-nordbygg-2026\/#breadcrumb"},"inLanguage":"sk-SK","potentialAction":[{"@type":"ReadAction","target":["https:\/\/antersystem.com\/sk\/novinky\/see-you-at-nordbygg-2026\/"]}]},{"@type":"ImageObject","inLanguage":"sk-SK","@id":"https:\/\/antersystem.com\/sk\/novinky\/see-you-at-nordbygg-2026\/#primaryimage","url":"https:\/\/antersystem.com\/wp-content\/uploads\/norbygg-logo.webp","contentUrl":"https:\/\/antersystem.com\/wp-content\/uploads\/norbygg-logo.webp","width":961,"height":541},{"@type":"BreadcrumbList","@id":"https:\/\/antersystem.com\/sk\/novinky\/see-you-at-nordbygg-2026\/#breadcrumb","itemListElement":[{"@type":"ListItem","position":1,"name":"AnterSystem","item":"https:\/\/antersystem.com\/sk\/"},{"@type":"ListItem","position":2,"name":"Novinky","item":"https:\/\/antersystem.com\/sk\/novinky\/"},{"@type":"ListItem","position":3,"name":"Uvid\u00edme sa na Nordbygg 2026 vo \u0160v\u00e9dsku"}]},{"@type":"WebSite","@id":"https:\/\/antersystem.com\/sk\/#website","url":"https:\/\/antersystem.com\/sk\/","name":"Anter System","description":"Jeste\u015bmy polskim producentem elastycznych barier ochronnych wykonywanych z polimerowych tworzyw sztucznych. Na rynku krajowym i zagranicznym dzia\u0142amy od ponad 15 lat dbaj\u0105c o zapewnienie bezpiecze\u0144stwa w zak\u0142adach produkcyjnych, magazynach oraz centrach logistycznych.","potentialAction":[{"@type":"SearchAction","target":{"@type":"EntryPoint","urlTemplate":"https:\/\/antersystem.com\/sk\/?s={search_term_string}"},"query-input":{"@type":"PropertyValueSpecification","valueRequired":true,"valueName":"search_term_string"}}],"inLanguage":"sk-SK"}]}},"_links":{"self":[{"href":"https:\/\/antersystem.com\/sk\/wp-json\/wp\/v2\/pages\/40867","targetHints":{"allow":["GET"]}}],"collection":[{"href":"https:\/\/antersystem.com\/sk\/wp-json\/wp\/v2\/pages"}],"about":[{"href":"https:\/\/antersystem.com\/sk\/wp-json\/wp\/v2\/types\/page"}],"author":[{"embeddable":true,"href":"https:\/\/antersystem.com\/sk\/wp-json\/wp\/v2\/users\/11"}],"replies":[{"embeddable":true,"href":"https:\/\/antersystem.com\/sk\/wp-json\/wp\/v2\/comments?post=40867"}],"version-history":[{"count":1,"href":"https:\/\/antersystem.com\/sk\/wp-json\/wp\/v2\/pages\/40867\/revisions"}],"predecessor-version":[{"id":40929,"href":"https:\/\/antersystem.com\/sk\/wp-json\/wp\/v2\/pages\/40867\/revisions\/40929"}],"up":[{"embeddable":true,"href":"https:\/\/antersystem.com\/sk\/wp-json\/wp\/v2\/pages\/30350"}],"wp:featuredmedia":[{"embeddable":true,"href":"https:\/\/antersystem.com\/sk\/wp-json\/wp\/v2\/media\/40836"}],"wp:attachment":[{"href":"https:\/\/antersystem.com\/sk\/wp-json\/wp\/v2\/media?parent=40867"}],"curies":[{"name":"wp","href":"https:\/\/api.w.org\/{rel}","templated":true}]}}