{"id":40878,"date":"2026-04-16T10:33:36","date_gmt":"2026-04-16T08:33:36","guid":{"rendered":"https:\/\/antersystem.com\/novinky\/pa-bollard-sense-warn-wins-gold-medal-sawo\/"},"modified":"2026-04-16T13:54:03","modified_gmt":"2026-04-16T11:54:03","slug":"pa-bollard-sense-warn-wins-gold-medal-sawo","status":"publish","type":"page","link":"https:\/\/antersystem.com\/sk\/novinky\/pa-bollard-sense-warn-wins-gold-medal-sawo\/","title":{"rendered":"PA LED Bollard so syst\u00e9mom Sense&amp;Warn z\u00edskal zlat\u00fa medailu na SAWO 2026"},"content":{"rendered":"<p>Sme hrd\u00ed na to, \u017ee n\u00e1\u0161 PA LED <strong>st\u013apik so syst\u00e9mom Sense&amp;Warn z\u00edskal<\/strong> zlat\u00fa <strong>medailu na SAWO<\/strong> <strong>2026 &#8211; jednom<\/strong> z najv\u00fdznamnej\u0161\u00edch podujat\u00ed venovan\u00fdch bezpe\u010dnosti pr\u00e1ce v strednej a v\u00fdchodnej Eur\u00f3pe.<\/p>\n<p>Toto uznanie potvrdzuje to, v \u010do pevne ver\u00edme: bezpe\u010dnostn\u00e9 rie\u0161enia by nemali len chr\u00e1ni\u0165 &#8211; mali by akt\u00edvne predch\u00e1dza\u0165 nehod\u00e1m.<\/p>\n<h2>Od ochrany k prevencii<\/h2>\n<p>Ocenen\u00e9 rie\u0161enie kombinuje flexibiln\u00fd bezpe\u010dnostn\u00fd st\u013apik s inteligentn\u00fdm v\u00fdstra\u017en\u00fdm syst\u00e9mom navrhnut\u00fdm na zn\u00ed\u017eenie rizika kol\u00edzi\u00ed v priemyselnom prostred\u00ed. V mnoh\u00fdch prev\u00e1dzkach je obmedzen\u00e1 vidite\u013enos\u0165 na\u010falej jedn\u00fdm z k\u013e\u00fa\u010dov\u00fdch bezpe\u010dnostn\u00fdch probl\u00e9mov &#8211; najm\u00e4 na kri\u017eovatk\u00e1ch, pri v\u00fdjazdoch z uli\u010diek alebo v z\u00f3nach br\u00e1ny. Syst\u00e9m Sense&amp;Warn rie\u0161i tento probl\u00e9m t\u00fdm, \u017ee detekuje bl\u00ed\u017eiace sa vysokozdvi\u017en\u00e9 voz\u00edky a automaticky aktivuje LED signaliz\u00e1ciu. V\u00fdsledkom je, \u017ee chodci dostan\u00fa jasn\u00e9 varovanie e\u0161te predt\u00fdm, ako sa vozidlo dostane do ich zorn\u00e9ho po\u013ea.   <\/p>\n<h2>Inteligentn\u00e1 bezpe\u010dnos\u0165 prisp\u00f4soben\u00e1 re\u00e1lnym podmienkam<\/h2>\n<p>Toto rie\u0161enie vynik\u00e1 svojou flexibilitou a prisp\u00f4sobivos\u0165ou. Sense&amp;Warn m\u00f4\u017ee fungova\u0165 na z\u00e1klade r\u00f4znych detek\u010dn\u00fdch technol\u00f3gi\u00ed vr\u00e1tane polohovac\u00edch syst\u00e9mov UWB, pohybov\u00fdch senzorov alebo syst\u00e9mov videnia zalo\u017een\u00fdch na umelej inteligencii. To umo\u017e\u0148uje prisp\u00f4sobi\u0165 syst\u00e9m \u0161pecifick\u00fdm podmienkam ka\u017ed\u00e9ho objektu a integrova\u0165 ho s existuj\u00facou bezpe\u010dnostnou infra\u0161trukt\u00farou. Samotn\u00fd st\u013apik je z\u00e1rove\u0148 vyroben\u00fd z pru\u017en\u00e9ho polym\u00e9ru odoln\u00e9ho vo\u010di n\u00e1razom, ktor\u00fd absorbuje energiu a vracia sa do p\u00f4vodn\u00e9ho tvaru &#8211; \u010d\u00edm sa zni\u017euj\u00fa \u0161kody, prestoje a n\u00e1klady na \u00fadr\u017ebu.   <\/p>\n<h2>Krok vpred v oblasti priemyselnej bezpe\u010dnosti<\/h2>\n<p>Zlat\u00e1 medaila SAWO sa ude\u013euje rie\u0161eniam, ktor\u00e9 vynikaj\u00fa inov\u00e1ciou, kvalitou a praktickou hodnotou. Toto uznanie pre n\u00e1s nie je len ocenen\u00edm &#8211; je to potvrdenie, \u017ee smer, ktor\u00fdm sa uber\u00e1me, je spr\u00e1vny. Ver\u00edme, \u017ee bud\u00facnos\u0165 priemyselnej bezpe\u010dnosti je v rie\u0161eniach, ktor\u00e9 sp\u00e1jaj\u00fa fyzick\u00fa ochranu s inteligentn\u00fdmi syst\u00e9mami, ktor\u00e9 akt\u00edvne podporuj\u00fa \u013eud\u00ed pri ich ka\u017edodennej pr\u00e1ci.  <\/p>\n<h2>\u010eakujeme, \u017ee ste n\u00e1s nav\u0161t\u00edvili v Poznani<\/h2>\n<p>Po\u010das konferencie SAWO 2026 sme mali mo\u017enos\u0165 predstavi\u0165 toto rie\u0161enie a hovori\u0165 s mnoh\u00fdmi odborn\u00edkmi o skuto\u010dn\u00fdch bezpe\u010dnostn\u00fdch v\u00fdzvach v ich zariadeniach.  <strong>\u010eakujeme v\u0161etk\u00fdm, ktor\u00ed nav\u0161t\u00edvili n\u00e1\u0161 st\u00e1nok, a porote za uznanie n\u00e1\u0161ho rie\u0161enia.<\/strong><\/p>\n","protected":false},"excerpt":{"rendered":"<p>Sme hrd\u00ed na to, \u017ee n\u00e1\u0161 PA LED st\u013apik so syst\u00e9mom Sense&amp;Warn z\u00edskal zlat\u00fa medailu na SAWO 2026 &#8211; jednom z najv\u00fdznamnej\u0161\u00edch podujat\u00ed venovan\u00fdch bezpe\u010dnosti pr\u00e1ce v strednej a v\u00fdchodnej Eur\u00f3pe. Toto uznanie potvrdzuje to, v \u010do pevne ver\u00edme: bezpe\u010dnostn\u00e9 rie\u0161enia by nemali len chr\u00e1ni\u0165 &#8211; mali by akt\u00edvne predch\u00e1dza\u0165 nehod\u00e1m. Od ochrany k prevencii [&hellip;]<\/p>\n","protected":false},"author":11,"featured_media":40854,"parent":30350,"menu_order":0,"comment_status":"closed","ping_status":"closed","template":"","meta":{"inline_featured_image":false,"ngg_post_thumbnail":0,"footnotes":""},"class_list":["post-40878","page","type-page","status-publish","has-post-thumbnail","hentry"],"acf":[],"yoast_head":"<!-- This site is optimized with the Yoast SEO plugin v27.0 - https:\/\/yoast.com\/product\/yoast-seo-wordpress\/ -->\n<title>PA LED Bollard so syst\u00e9mom Sense&amp;Warn z\u00edskal zlat\u00fa medailu na SAWO 2026 - Anter System<\/title>\n<meta name=\"description\" content=\"Sme hrd\u00ed na to, \u017ee n\u00e1\u0161 PA LED st\u013apik so syst\u00e9mom Sense&amp;Warn z\u00edskal zlat\u00fa medailu na SAWO 2026 - jednom z najv\u00fdznamnej\u0161\u00edch podujat\u00ed venovan\u00fdch\" \/>\n<meta name=\"robots\" content=\"index, follow, max-snippet:-1, max-image-preview:large, max-video-preview:-1\" \/>\n<link rel=\"canonical\" href=\"https:\/\/antersystem.com\/sk\/novinky\/pa-bollard-sense-warn-wins-gold-medal-sawo\/\" \/>\n<meta property=\"og:locale\" content=\"sk_SK\" \/>\n<meta property=\"og:type\" content=\"article\" \/>\n<meta property=\"og:title\" content=\"PA LED Bollard so syst\u00e9mom Sense&amp;Warn z\u00edskal zlat\u00fa medailu na SAWO 2026 - Anter System\" \/>\n<meta property=\"og:description\" content=\"Sme hrd\u00ed na to, \u017ee n\u00e1\u0161 PA LED st\u013apik so syst\u00e9mom Sense&amp;Warn z\u00edskal zlat\u00fa medailu na SAWO 2026 - jednom z najv\u00fdznamnej\u0161\u00edch podujat\u00ed venovan\u00fdch\" \/>\n<meta property=\"og:url\" content=\"https:\/\/antersystem.com\/sk\/novinky\/pa-bollard-sense-warn-wins-gold-medal-sawo\/\" \/>\n<meta property=\"og:site_name\" content=\"Anter System\" \/>\n<meta property=\"article:modified_time\" content=\"2026-04-16T11:54:03+00:00\" \/>\n<meta property=\"og:image\" content=\"https:\/\/antersystem.com\/wp-content\/uploads\/sawo-2026-gold-medal.webp\" \/>\n\t<meta property=\"og:image:width\" content=\"1920\" \/>\n\t<meta property=\"og:image:height\" content=\"1080\" \/>\n\t<meta property=\"og:image:type\" content=\"image\/webp\" \/>\n<meta name=\"twitter:card\" content=\"summary_large_image\" \/>\n<meta name=\"twitter:label1\" content=\"Predpokladan\u00fd \u010das \u010d\u00edtania\" \/>\n\t<meta name=\"twitter:data1\" content=\"2 min\u00faty\" \/>\n<script type=\"application\/ld+json\" class=\"yoast-schema-graph\">{\"@context\":\"https:\/\/schema.org\",\"@graph\":[{\"@type\":\"WebPage\",\"@id\":\"https:\/\/antersystem.com\/sk\/novinky\/pa-bollard-sense-warn-wins-gold-medal-sawo\/\",\"url\":\"https:\/\/antersystem.com\/sk\/novinky\/pa-bollard-sense-warn-wins-gold-medal-sawo\/\",\"name\":\"PA LED Bollard so syst\u00e9mom Sense&amp;Warn z\u00edskal zlat\u00fa medailu na SAWO 2026 - Anter System\",\"isPartOf\":{\"@id\":\"https:\/\/antersystem.com\/sk\/#website\"},\"primaryImageOfPage\":{\"@id\":\"https:\/\/antersystem.com\/sk\/novinky\/pa-bollard-sense-warn-wins-gold-medal-sawo\/#primaryimage\"},\"image\":{\"@id\":\"https:\/\/antersystem.com\/sk\/novinky\/pa-bollard-sense-warn-wins-gold-medal-sawo\/#primaryimage\"},\"thumbnailUrl\":\"https:\/\/antersystem.com\/wp-content\/uploads\/sawo-2026-gold-medal.webp\",\"datePublished\":\"2026-04-16T08:33:36+00:00\",\"dateModified\":\"2026-04-16T11:54:03+00:00\",\"description\":\"Sme hrd\u00ed na to, \u017ee n\u00e1\u0161 PA LED st\u013apik so syst\u00e9mom Sense&amp;Warn z\u00edskal zlat\u00fa medailu na SAWO 2026 - jednom z najv\u00fdznamnej\u0161\u00edch podujat\u00ed venovan\u00fdch\",\"breadcrumb\":{\"@id\":\"https:\/\/antersystem.com\/sk\/novinky\/pa-bollard-sense-warn-wins-gold-medal-sawo\/#breadcrumb\"},\"inLanguage\":\"sk-SK\",\"potentialAction\":[{\"@type\":\"ReadAction\",\"target\":[\"https:\/\/antersystem.com\/sk\/novinky\/pa-bollard-sense-warn-wins-gold-medal-sawo\/\"]}]},{\"@type\":\"ImageObject\",\"inLanguage\":\"sk-SK\",\"@id\":\"https:\/\/antersystem.com\/sk\/novinky\/pa-bollard-sense-warn-wins-gold-medal-sawo\/#primaryimage\",\"url\":\"https:\/\/antersystem.com\/wp-content\/uploads\/sawo-2026-gold-medal.webp\",\"contentUrl\":\"https:\/\/antersystem.com\/wp-content\/uploads\/sawo-2026-gold-medal.webp\",\"width\":1920,\"height\":1080},{\"@type\":\"BreadcrumbList\",\"@id\":\"https:\/\/antersystem.com\/sk\/novinky\/pa-bollard-sense-warn-wins-gold-medal-sawo\/#breadcrumb\",\"itemListElement\":[{\"@type\":\"ListItem\",\"position\":1,\"name\":\"AnterSystem\",\"item\":\"https:\/\/antersystem.com\/sk\/\"},{\"@type\":\"ListItem\",\"position\":2,\"name\":\"Novinky\",\"item\":\"https:\/\/antersystem.com\/sk\/novinky\/\"},{\"@type\":\"ListItem\",\"position\":3,\"name\":\"PA LED Bollard so syst\u00e9mom Sense&amp;Warn z\u00edskal zlat\u00fa medailu na SAWO 2026\"}]},{\"@type\":\"WebSite\",\"@id\":\"https:\/\/antersystem.com\/sk\/#website\",\"url\":\"https:\/\/antersystem.com\/sk\/\",\"name\":\"Anter System\",\"description\":\"Jeste\u015bmy polskim producentem elastycznych barier ochronnych wykonywanych z polimerowych tworzyw sztucznych. Na rynku krajowym i zagranicznym dzia\u0142amy od ponad 15 lat dbaj\u0105c o zapewnienie bezpiecze\u0144stwa w zak\u0142adach produkcyjnych, magazynach oraz centrach logistycznych.\",\"potentialAction\":[{\"@type\":\"SearchAction\",\"target\":{\"@type\":\"EntryPoint\",\"urlTemplate\":\"https:\/\/antersystem.com\/sk\/?s={search_term_string}\"},\"query-input\":{\"@type\":\"PropertyValueSpecification\",\"valueRequired\":true,\"valueName\":\"search_term_string\"}}],\"inLanguage\":\"sk-SK\"}]}<\/script>\n<!-- \/ Yoast SEO plugin. -->","yoast_head_json":{"title":"PA LED Bollard so syst\u00e9mom Sense&amp;Warn z\u00edskal zlat\u00fa medailu na SAWO 2026 - Anter System","description":"Sme hrd\u00ed na to, \u017ee n\u00e1\u0161 PA LED st\u013apik so syst\u00e9mom Sense&amp;Warn z\u00edskal zlat\u00fa medailu na SAWO 2026 - jednom z najv\u00fdznamnej\u0161\u00edch podujat\u00ed venovan\u00fdch","robots":{"index":"index","follow":"follow","max-snippet":"max-snippet:-1","max-image-preview":"max-image-preview:large","max-video-preview":"max-video-preview:-1"},"canonical":"https:\/\/antersystem.com\/sk\/novinky\/pa-bollard-sense-warn-wins-gold-medal-sawo\/","og_locale":"sk_SK","og_type":"article","og_title":"PA LED Bollard so syst\u00e9mom Sense&amp;Warn z\u00edskal zlat\u00fa medailu na SAWO 2026 - Anter System","og_description":"Sme hrd\u00ed na to, \u017ee n\u00e1\u0161 PA LED st\u013apik so syst\u00e9mom Sense&amp;Warn z\u00edskal zlat\u00fa medailu na SAWO 2026 - jednom z najv\u00fdznamnej\u0161\u00edch podujat\u00ed venovan\u00fdch","og_url":"https:\/\/antersystem.com\/sk\/novinky\/pa-bollard-sense-warn-wins-gold-medal-sawo\/","og_site_name":"Anter System","article_modified_time":"2026-04-16T11:54:03+00:00","og_image":[{"width":1920,"height":1080,"url":"https:\/\/antersystem.com\/wp-content\/uploads\/sawo-2026-gold-medal.webp","type":"image\/webp"}],"twitter_card":"summary_large_image","twitter_misc":{"Predpokladan\u00fd \u010das \u010d\u00edtania":"2 min\u00faty"},"schema":{"@context":"https:\/\/schema.org","@graph":[{"@type":"WebPage","@id":"https:\/\/antersystem.com\/sk\/novinky\/pa-bollard-sense-warn-wins-gold-medal-sawo\/","url":"https:\/\/antersystem.com\/sk\/novinky\/pa-bollard-sense-warn-wins-gold-medal-sawo\/","name":"PA LED Bollard so syst\u00e9mom Sense&amp;Warn z\u00edskal zlat\u00fa medailu na SAWO 2026 - Anter System","isPartOf":{"@id":"https:\/\/antersystem.com\/sk\/#website"},"primaryImageOfPage":{"@id":"https:\/\/antersystem.com\/sk\/novinky\/pa-bollard-sense-warn-wins-gold-medal-sawo\/#primaryimage"},"image":{"@id":"https:\/\/antersystem.com\/sk\/novinky\/pa-bollard-sense-warn-wins-gold-medal-sawo\/#primaryimage"},"thumbnailUrl":"https:\/\/antersystem.com\/wp-content\/uploads\/sawo-2026-gold-medal.webp","datePublished":"2026-04-16T08:33:36+00:00","dateModified":"2026-04-16T11:54:03+00:00","description":"Sme hrd\u00ed na to, \u017ee n\u00e1\u0161 PA LED st\u013apik so syst\u00e9mom Sense&amp;Warn z\u00edskal zlat\u00fa medailu na SAWO 2026 - jednom z najv\u00fdznamnej\u0161\u00edch podujat\u00ed venovan\u00fdch","breadcrumb":{"@id":"https:\/\/antersystem.com\/sk\/novinky\/pa-bollard-sense-warn-wins-gold-medal-sawo\/#breadcrumb"},"inLanguage":"sk-SK","potentialAction":[{"@type":"ReadAction","target":["https:\/\/antersystem.com\/sk\/novinky\/pa-bollard-sense-warn-wins-gold-medal-sawo\/"]}]},{"@type":"ImageObject","inLanguage":"sk-SK","@id":"https:\/\/antersystem.com\/sk\/novinky\/pa-bollard-sense-warn-wins-gold-medal-sawo\/#primaryimage","url":"https:\/\/antersystem.com\/wp-content\/uploads\/sawo-2026-gold-medal.webp","contentUrl":"https:\/\/antersystem.com\/wp-content\/uploads\/sawo-2026-gold-medal.webp","width":1920,"height":1080},{"@type":"BreadcrumbList","@id":"https:\/\/antersystem.com\/sk\/novinky\/pa-bollard-sense-warn-wins-gold-medal-sawo\/#breadcrumb","itemListElement":[{"@type":"ListItem","position":1,"name":"AnterSystem","item":"https:\/\/antersystem.com\/sk\/"},{"@type":"ListItem","position":2,"name":"Novinky","item":"https:\/\/antersystem.com\/sk\/novinky\/"},{"@type":"ListItem","position":3,"name":"PA LED Bollard so syst\u00e9mom Sense&amp;Warn z\u00edskal zlat\u00fa medailu na SAWO 2026"}]},{"@type":"WebSite","@id":"https:\/\/antersystem.com\/sk\/#website","url":"https:\/\/antersystem.com\/sk\/","name":"Anter System","description":"Jeste\u015bmy polskim producentem elastycznych barier ochronnych wykonywanych z polimerowych tworzyw sztucznych. Na rynku krajowym i zagranicznym dzia\u0142amy od ponad 15 lat dbaj\u0105c o zapewnienie bezpiecze\u0144stwa w zak\u0142adach produkcyjnych, magazynach oraz centrach logistycznych.","potentialAction":[{"@type":"SearchAction","target":{"@type":"EntryPoint","urlTemplate":"https:\/\/antersystem.com\/sk\/?s={search_term_string}"},"query-input":{"@type":"PropertyValueSpecification","valueRequired":true,"valueName":"search_term_string"}}],"inLanguage":"sk-SK"}]}},"_links":{"self":[{"href":"https:\/\/antersystem.com\/sk\/wp-json\/wp\/v2\/pages\/40878","targetHints":{"allow":["GET"]}}],"collection":[{"href":"https:\/\/antersystem.com\/sk\/wp-json\/wp\/v2\/pages"}],"about":[{"href":"https:\/\/antersystem.com\/sk\/wp-json\/wp\/v2\/types\/page"}],"author":[{"embeddable":true,"href":"https:\/\/antersystem.com\/sk\/wp-json\/wp\/v2\/users\/11"}],"replies":[{"embeddable":true,"href":"https:\/\/antersystem.com\/sk\/wp-json\/wp\/v2\/comments?post=40878"}],"version-history":[{"count":2,"href":"https:\/\/antersystem.com\/sk\/wp-json\/wp\/v2\/pages\/40878\/revisions"}],"predecessor-version":[{"id":40984,"href":"https:\/\/antersystem.com\/sk\/wp-json\/wp\/v2\/pages\/40878\/revisions\/40984"}],"up":[{"embeddable":true,"href":"https:\/\/antersystem.com\/sk\/wp-json\/wp\/v2\/pages\/30350"}],"wp:featuredmedia":[{"embeddable":true,"href":"https:\/\/antersystem.com\/sk\/wp-json\/wp\/v2\/media\/40854"}],"wp:attachment":[{"href":"https:\/\/antersystem.com\/sk\/wp-json\/wp\/v2\/media?parent=40878"}],"curies":[{"name":"wp","href":"https:\/\/api.w.org\/{rel}","templated":true}]}}